{"id":2841,"date":"2023-01-23T14:15:08","date_gmt":"2023-01-23T13:15:08","guid":{"rendered":"https:\/\/www.wisentmachines.nl\/product\/tlz175v\/"},"modified":"2023-04-24T13:55:06","modified_gmt":"2023-04-24T11:55:06","slug":"tlz175v","status":"publish","type":"product","link":"https:\/\/www.wisentmachines.nl\/de\/produkt\/tlz175v\/","title":{"rendered":"TLZ175V"},"content":{"rendered":"<p>Die Bands\u00e4ge Wisent TLZ175V eignet sich hervorragend f\u00fcr feinere S\u00e4gearbeiten. Die Maschine ist kompakt, nur zum Trockens\u00e4gen geeignet und somit \u00fcberall einsetzbar. Die TLZ175V ist ideal zum Schneiden von kleinen Materialien wie d\u00fcnnwandigen Rohren und Profilen bis \u00d8 150 mm. Die transportablen Bands\u00e4gen haben ein geringes Gewicht und sind daher f\u00fcr alle Arbeiten einsetzbar.<\/p>\n<p><strong>Maschine kommt standardm\u00e4\u00dfig mit<\/strong><\/p>\n<ul>\n<li>Bi-Metall-M42-Bands\u00e4geblatt<\/li>\n<li>L\u00e4ngenanschlag<\/li>\n<\/ul>\n","protected":false},"excerpt":{"rendered":"Die Bands\u00e4ge Wisent TLZ175V eignet sich hervorragend f\u00fcr feinere S\u00e4gearbeiten. Die Maschine ist kompakt, nur zum Trockens\u00e4gen geeignet und somit \u00fcberall einsetzbar.","protected":false},"featured_media":1819,"template":"","meta":{"_acf_changed":false},"product_cat":[53],"product_tag":[],"class_list":{"0":"post-2841","1":"product","2":"type-product","3":"status-publish","4":"has-post-thumbnail","6":"product_cat-transportabele-zaagmachines","8":"first","9":"instock","10":"sale","11":"taxable","12":"shipping-taxable","13":"purchasable","14":"product-type-simple"},"acf":[],"yoast_head":"<!-- This site is optimized with the Yoast SEO plugin v24.3 - https:\/\/yoast.com\/wordpress\/plugins\/seo\/ -->\n<title>Wisent TLZ175V Bands\u00e4gemaschine - Wisent Machines<\/title>\n<meta name=\"description\" content=\"Die Bands\u00e4ge Wisent TLZ175V eignet sich hervorragend f\u00fcr feinere S\u00e4gearbeiten. Die Maschine ist kompakt, nur zum Trockens\u00e4gen geeignet und somit \u00fcberall einsetzbar.\" \/>\n<meta name=\"robots\" content=\"index, follow, max-snippet:-1, max-image-preview:large, max-video-preview:-1\" \/>\n<link rel=\"canonical\" href=\"https:\/\/www.wisentmachines.nl\/de\/produkt\/tlz175v\/\" \/>\n<meta property=\"og:locale\" content=\"de_DE\" \/>\n<meta property=\"og:type\" content=\"article\" \/>\n<meta property=\"og:title\" content=\"Wisent TLZ175V Bands\u00e4gemaschine - Wisent Machines\" \/>\n<meta property=\"og:description\" content=\"Die Bands\u00e4ge Wisent TLZ175V eignet sich hervorragend f\u00fcr feinere S\u00e4gearbeiten. Die Maschine ist kompakt, nur zum Trockens\u00e4gen geeignet und somit \u00fcberall einsetzbar.\" \/>\n<meta property=\"og:url\" content=\"https:\/\/www.wisentmachines.nl\/de\/produkt\/tlz175v\/\" \/>\n<meta property=\"og:site_name\" content=\"Wisent Machines\" \/>\n<meta property=\"article:modified_time\" content=\"2023-04-24T11:55:06+00:00\" \/>\n<meta property=\"og:image\" content=\"https:\/\/www.wisentmachines.nl\/wp-content\/uploads\/2023\/01\/Wisent-TLZ-175V-1.png\" \/>\n\t<meta property=\"og:image:width\" content=\"1000\" \/>\n\t<meta property=\"og:image:height\" content=\"1000\" \/>\n\t<meta property=\"og:image:type\" content=\"image\/png\" \/>\n<meta name=\"twitter:card\" content=\"summary_large_image\" \/>\n<meta name=\"twitter:label1\" content=\"Gesch\u00e4tzte Lesezeit\" \/>\n\t<meta name=\"twitter:data1\" content=\"1\u00a0Minute\" \/>\n<script type=\"application\/ld+json\" class=\"yoast-schema-graph\">{\"@context\":\"https:\/\/schema.org\",\"@graph\":[{\"@type\":\"WebPage\",\"@id\":\"https:\/\/www.wisentmachines.nl\/de\/produkt\/tlz175v\/\",\"url\":\"https:\/\/www.wisentmachines.nl\/de\/produkt\/tlz175v\/\",\"name\":\"Wisent TLZ175V Bands\u00e4gemaschine - Wisent Machines\",\"isPartOf\":{\"@id\":\"https:\/\/www.wisentmachines.nl\/de\/#website\"},\"primaryImageOfPage\":{\"@id\":\"https:\/\/www.wisentmachines.nl\/de\/produkt\/tlz175v\/#primaryimage\"},\"image\":{\"@id\":\"https:\/\/www.wisentmachines.nl\/de\/produkt\/tlz175v\/#primaryimage\"},\"thumbnailUrl\":\"https:\/\/www.wisentmachines.nl\/wp-content\/uploads\/2023\/01\/Wisent-TLZ-175V-1.png\",\"datePublished\":\"2023-01-23T13:15:08+00:00\",\"dateModified\":\"2023-04-24T11:55:06+00:00\",\"description\":\"Die Bands\u00e4ge Wisent TLZ175V eignet sich hervorragend f\u00fcr feinere S\u00e4gearbeiten. Die Maschine ist kompakt, nur zum Trockens\u00e4gen geeignet und somit \u00fcberall einsetzbar.\",\"breadcrumb\":{\"@id\":\"https:\/\/www.wisentmachines.nl\/de\/produkt\/tlz175v\/#breadcrumb\"},\"inLanguage\":\"de\",\"potentialAction\":[{\"@type\":\"ReadAction\",\"target\":[\"https:\/\/www.wisentmachines.nl\/de\/produkt\/tlz175v\/\"]}]},{\"@type\":\"ImageObject\",\"inLanguage\":\"de\",\"@id\":\"https:\/\/www.wisentmachines.nl\/de\/produkt\/tlz175v\/#primaryimage\",\"url\":\"https:\/\/www.wisentmachines.nl\/wp-content\/uploads\/2023\/01\/Wisent-TLZ-175V-1.png\",\"contentUrl\":\"https:\/\/www.wisentmachines.nl\/wp-content\/uploads\/2023\/01\/Wisent-TLZ-175V-1.png\",\"width\":1000,\"height\":1000},{\"@type\":\"BreadcrumbList\",\"@id\":\"https:\/\/www.wisentmachines.nl\/de\/produkt\/tlz175v\/#breadcrumb\",\"itemListElement\":[{\"@type\":\"ListItem\",\"position\":1,\"name\":\"Home\",\"item\":\"https:\/\/www.wisentmachines.nl\/de\/\"},{\"@type\":\"ListItem\",\"position\":2,\"name\":\"Angebot\",\"item\":\"https:\/\/www.wisentmachines.nl\/de\/angebot\/\"},{\"@type\":\"ListItem\",\"position\":3,\"name\":\"S\u00e4gen\",\"item\":\"https:\/\/www.wisentmachines.nl\/de\/produkt-kategorie\/saegen\/\"},{\"@type\":\"ListItem\",\"position\":4,\"name\":\"Tragbare S\u00e4gemaschinen\",\"item\":\"https:\/\/www.wisentmachines.nl\/de\/produkt-kategorie\/saegen\/tragbare-saegemaschinen\/\"},{\"@type\":\"ListItem\",\"position\":5,\"name\":\"TLZ175V\"}]},{\"@type\":\"WebSite\",\"@id\":\"https:\/\/www.wisentmachines.nl\/de\/#website\",\"url\":\"https:\/\/www.wisentmachines.nl\/de\/\",\"name\":\"Wisent Machines\",\"description\":\"\",\"potentialAction\":[{\"@type\":\"SearchAction\",\"target\":{\"@type\":\"EntryPoint\",\"urlTemplate\":\"https:\/\/www.wisentmachines.nl\/de\/?s={search_term_string}\"},\"query-input\":{\"@type\":\"PropertyValueSpecification\",\"valueRequired\":true,\"valueName\":\"search_term_string\"}}],\"inLanguage\":\"de\"}]}<\/script>\n<!-- \/ Yoast SEO plugin. -->","yoast_head_json":{"title":"Wisent TLZ175V Bands\u00e4gemaschine - Wisent Machines","description":"Die Bands\u00e4ge Wisent TLZ175V eignet sich hervorragend f\u00fcr feinere S\u00e4gearbeiten. Die Maschine ist kompakt, nur zum Trockens\u00e4gen geeignet und somit \u00fcberall einsetzbar.","robots":{"index":"index","follow":"follow","max-snippet":"max-snippet:-1","max-image-preview":"max-image-preview:large","max-video-preview":"max-video-preview:-1"},"canonical":"https:\/\/www.wisentmachines.nl\/de\/produkt\/tlz175v\/","og_locale":"de_DE","og_type":"article","og_title":"Wisent TLZ175V Bands\u00e4gemaschine - Wisent Machines","og_description":"Die Bands\u00e4ge Wisent TLZ175V eignet sich hervorragend f\u00fcr feinere S\u00e4gearbeiten. Die Maschine ist kompakt, nur zum Trockens\u00e4gen geeignet und somit \u00fcberall einsetzbar.","og_url":"https:\/\/www.wisentmachines.nl\/de\/produkt\/tlz175v\/","og_site_name":"Wisent Machines","article_modified_time":"2023-04-24T11:55:06+00:00","og_image":[{"width":1000,"height":1000,"url":"https:\/\/www.wisentmachines.nl\/wp-content\/uploads\/2023\/01\/Wisent-TLZ-175V-1.png","type":"image\/png"}],"twitter_card":"summary_large_image","twitter_misc":{"Gesch\u00e4tzte Lesezeit":"1\u00a0Minute"},"schema":{"@context":"https:\/\/schema.org","@graph":[{"@type":"WebPage","@id":"https:\/\/www.wisentmachines.nl\/de\/produkt\/tlz175v\/","url":"https:\/\/www.wisentmachines.nl\/de\/produkt\/tlz175v\/","name":"Wisent TLZ175V Bands\u00e4gemaschine - Wisent Machines","isPartOf":{"@id":"https:\/\/www.wisentmachines.nl\/de\/#website"},"primaryImageOfPage":{"@id":"https:\/\/www.wisentmachines.nl\/de\/produkt\/tlz175v\/#primaryimage"},"image":{"@id":"https:\/\/www.wisentmachines.nl\/de\/produkt\/tlz175v\/#primaryimage"},"thumbnailUrl":"https:\/\/www.wisentmachines.nl\/wp-content\/uploads\/2023\/01\/Wisent-TLZ-175V-1.png","datePublished":"2023-01-23T13:15:08+00:00","dateModified":"2023-04-24T11:55:06+00:00","description":"Die Bands\u00e4ge Wisent TLZ175V eignet sich hervorragend f\u00fcr feinere S\u00e4gearbeiten. Die Maschine ist kompakt, nur zum Trockens\u00e4gen geeignet und somit \u00fcberall einsetzbar.","breadcrumb":{"@id":"https:\/\/www.wisentmachines.nl\/de\/produkt\/tlz175v\/#breadcrumb"},"inLanguage":"de","potentialAction":[{"@type":"ReadAction","target":["https:\/\/www.wisentmachines.nl\/de\/produkt\/tlz175v\/"]}]},{"@type":"ImageObject","inLanguage":"de","@id":"https:\/\/www.wisentmachines.nl\/de\/produkt\/tlz175v\/#primaryimage","url":"https:\/\/www.wisentmachines.nl\/wp-content\/uploads\/2023\/01\/Wisent-TLZ-175V-1.png","contentUrl":"https:\/\/www.wisentmachines.nl\/wp-content\/uploads\/2023\/01\/Wisent-TLZ-175V-1.png","width":1000,"height":1000},{"@type":"BreadcrumbList","@id":"https:\/\/www.wisentmachines.nl\/de\/produkt\/tlz175v\/#breadcrumb","itemListElement":[{"@type":"ListItem","position":1,"name":"Home","item":"https:\/\/www.wisentmachines.nl\/de\/"},{"@type":"ListItem","position":2,"name":"Angebot","item":"https:\/\/www.wisentmachines.nl\/de\/angebot\/"},{"@type":"ListItem","position":3,"name":"S\u00e4gen","item":"https:\/\/www.wisentmachines.nl\/de\/produkt-kategorie\/saegen\/"},{"@type":"ListItem","position":4,"name":"Tragbare S\u00e4gemaschinen","item":"https:\/\/www.wisentmachines.nl\/de\/produkt-kategorie\/saegen\/tragbare-saegemaschinen\/"},{"@type":"ListItem","position":5,"name":"TLZ175V"}]},{"@type":"WebSite","@id":"https:\/\/www.wisentmachines.nl\/de\/#website","url":"https:\/\/www.wisentmachines.nl\/de\/","name":"Wisent Machines","description":"","potentialAction":[{"@type":"SearchAction","target":{"@type":"EntryPoint","urlTemplate":"https:\/\/www.wisentmachines.nl\/de\/?s={search_term_string}"},"query-input":{"@type":"PropertyValueSpecification","valueRequired":true,"valueName":"search_term_string"}}],"inLanguage":"de"}]}},"_links":{"self":[{"href":"https:\/\/www.wisentmachines.nl\/de\/wp-json\/wp\/v2\/product\/2841","targetHints":{"allow":["GET"]}}],"collection":[{"href":"https:\/\/www.wisentmachines.nl\/de\/wp-json\/wp\/v2\/product"}],"about":[{"href":"https:\/\/www.wisentmachines.nl\/de\/wp-json\/wp\/v2\/types\/product"}],"wp:featuredmedia":[{"embeddable":true,"href":"https:\/\/www.wisentmachines.nl\/de\/wp-json\/wp\/v2\/media\/1819"}],"wp:attachment":[{"href":"https:\/\/www.wisentmachines.nl\/de\/wp-json\/wp\/v2\/media?parent=2841"}],"wp:term":[{"taxonomy":"product_cat","embeddable":true,"href":"https:\/\/www.wisentmachines.nl\/de\/wp-json\/wp\/v2\/product_cat?post=2841"},{"taxonomy":"product_tag","embeddable":true,"href":"https:\/\/www.wisentmachines.nl\/de\/wp-json\/wp\/v2\/product_tag?post=2841"}],"curies":[{"name":"wp","href":"https:\/\/api.w.org\/{rel}","templated":true}]}}