{"id":2863,"date":"2023-01-24T10:47:36","date_gmt":"2023-01-24T09:47:36","guid":{"rendered":"https:\/\/www.wisentmachines.nl\/product\/wisent-lz350ha-lintzaagmachine\/"},"modified":"2023-04-24T16:14:46","modified_gmt":"2023-04-24T14:14:46","slug":"wisent-lz350ha-lintzaagmachine","status":"publish","type":"product","link":"https:\/\/www.wisentmachines.nl\/de\/produkt\/wisent-lz350ha-lintzaagmachine\/","title":{"rendered":"LZ350HA"},"content":{"rendered":"<p>Die Wisent LZ350HA Bands\u00e4gemaschine ist eine robuste halbautomatische hydraulische station\u00e4re Bands\u00e4gemaschine. Die Maschine ist \u00fcber das zentrale Bedienfeld einfach zu bedienen. Die Maschine ist serienm\u00e4\u00dfig mit einer hydraulischen Klemmung, stufenlos einstellbarem S\u00e4gevorschub, automatischer S\u00e4geb\u00fcgelanhebung mit H\u00f6henverstellung und K\u00fchlmitteleinrichtung ausgestattet. Die Maschine eignet sich sehr gut f\u00fcr schwereres und kontinuierliches S\u00e4gen bis \u00d8 275 mm.<\/p>\n<p><strong>Der Wisent LZ350HA wird komplett geliefert mit:<\/strong><\/p>\n<ul>\n<li>S\u00e4geblatt aus Bi-Metall M42<\/li>\n<li>Kabinett<\/li>\n<li>K\u00fchlmittelinstallation<\/li>\n<\/ul>\n<p>Alle Wisent-S\u00e4gemaschinen k\u00f6nnen mit MPS-Rollenbahnen und MPS-Messsystemen erweitert werden.<\/p>\n","protected":false},"excerpt":{"rendered":"Die Wisent LZ350HA Bands\u00e4gemaschine ist eine robuste halbautomatische hydraulische station\u00e4re Bands\u00e4gemaschine. Die Maschine ist \u00fcber das zentrale Bedienfeld einfach zu bedienen.","protected":false},"featured_media":1827,"template":"","meta":{"_acf_changed":false},"product_cat":[124],"product_tag":[],"class_list":{"0":"post-2863","1":"product","2":"type-product","3":"status-publish","4":"has-post-thumbnail","6":"product_cat-stationaere-bandsaegemaschinen","8":"first","9":"instock","10":"sale","11":"taxable","12":"shipping-taxable","13":"purchasable","14":"product-type-simple"},"acf":[],"yoast_head":"<!-- This site is optimized with the Yoast SEO plugin v24.3 - https:\/\/yoast.com\/wordpress\/plugins\/seo\/ -->\n<title>Wisent LZ350HA Bands\u00e4ge - Wisent Machines<\/title>\n<meta name=\"description\" content=\"Die Wisent LZ350HA Bands\u00e4gemaschine ist eine halbautomatische hydraulische Bands\u00e4gemaschine, die sich sehr gut f\u00fcr schwerere und kontinuierliche S\u00e4gearbeiten bis zu einem Durchmesser von 275 mm eignet.\" \/>\n<meta name=\"robots\" content=\"index, follow, max-snippet:-1, max-image-preview:large, max-video-preview:-1\" \/>\n<link rel=\"canonical\" href=\"https:\/\/www.wisentmachines.nl\/de\/produkt\/wisent-lz350ha-lintzaagmachine\/\" \/>\n<meta property=\"og:locale\" content=\"de_DE\" \/>\n<meta property=\"og:type\" content=\"article\" \/>\n<meta property=\"og:title\" content=\"Wisent LZ350HA Bands\u00e4ge - Wisent Machines\" \/>\n<meta property=\"og:description\" content=\"Die Wisent LZ350HA Bands\u00e4gemaschine ist eine halbautomatische hydraulische Bands\u00e4gemaschine, die sich sehr gut f\u00fcr schwerere und kontinuierliche S\u00e4gearbeiten bis zu einem Durchmesser von 275 mm eignet.\" \/>\n<meta property=\"og:url\" content=\"https:\/\/www.wisentmachines.nl\/de\/produkt\/wisent-lz350ha-lintzaagmachine\/\" \/>\n<meta property=\"og:site_name\" content=\"Wisent Machines\" \/>\n<meta property=\"article:modified_time\" content=\"2023-04-24T14:14:46+00:00\" \/>\n<meta property=\"og:image\" content=\"https:\/\/www.wisentmachines.nl\/wp-content\/uploads\/2023\/01\/LZ350HA.png\" \/>\n\t<meta property=\"og:image:width\" content=\"1000\" \/>\n\t<meta property=\"og:image:height\" content=\"1000\" \/>\n\t<meta property=\"og:image:type\" content=\"image\/png\" \/>\n<meta name=\"twitter:card\" content=\"summary_large_image\" \/>\n<meta name=\"twitter:label1\" content=\"Gesch\u00e4tzte Lesezeit\" \/>\n\t<meta name=\"twitter:data1\" content=\"1\u00a0Minute\" \/>\n<script type=\"application\/ld+json\" class=\"yoast-schema-graph\">{\"@context\":\"https:\/\/schema.org\",\"@graph\":[{\"@type\":\"WebPage\",\"@id\":\"https:\/\/www.wisentmachines.nl\/de\/produkt\/wisent-lz350ha-lintzaagmachine\/\",\"url\":\"https:\/\/www.wisentmachines.nl\/de\/produkt\/wisent-lz350ha-lintzaagmachine\/\",\"name\":\"Wisent LZ350HA Bands\u00e4ge - Wisent Machines\",\"isPartOf\":{\"@id\":\"https:\/\/www.wisentmachines.nl\/de\/#website\"},\"primaryImageOfPage\":{\"@id\":\"https:\/\/www.wisentmachines.nl\/de\/produkt\/wisent-lz350ha-lintzaagmachine\/#primaryimage\"},\"image\":{\"@id\":\"https:\/\/www.wisentmachines.nl\/de\/produkt\/wisent-lz350ha-lintzaagmachine\/#primaryimage\"},\"thumbnailUrl\":\"https:\/\/www.wisentmachines.nl\/wp-content\/uploads\/2023\/01\/LZ350HA.png\",\"datePublished\":\"2023-01-24T09:47:36+00:00\",\"dateModified\":\"2023-04-24T14:14:46+00:00\",\"description\":\"Die Wisent LZ350HA Bands\u00e4gemaschine ist eine halbautomatische hydraulische Bands\u00e4gemaschine, die sich sehr gut f\u00fcr schwerere und kontinuierliche S\u00e4gearbeiten bis zu einem Durchmesser von 275 mm eignet.\",\"breadcrumb\":{\"@id\":\"https:\/\/www.wisentmachines.nl\/de\/produkt\/wisent-lz350ha-lintzaagmachine\/#breadcrumb\"},\"inLanguage\":\"de\",\"potentialAction\":[{\"@type\":\"ReadAction\",\"target\":[\"https:\/\/www.wisentmachines.nl\/de\/produkt\/wisent-lz350ha-lintzaagmachine\/\"]}]},{\"@type\":\"ImageObject\",\"inLanguage\":\"de\",\"@id\":\"https:\/\/www.wisentmachines.nl\/de\/produkt\/wisent-lz350ha-lintzaagmachine\/#primaryimage\",\"url\":\"https:\/\/www.wisentmachines.nl\/wp-content\/uploads\/2023\/01\/LZ350HA.png\",\"contentUrl\":\"https:\/\/www.wisentmachines.nl\/wp-content\/uploads\/2023\/01\/LZ350HA.png\",\"width\":1000,\"height\":1000},{\"@type\":\"BreadcrumbList\",\"@id\":\"https:\/\/www.wisentmachines.nl\/de\/produkt\/wisent-lz350ha-lintzaagmachine\/#breadcrumb\",\"itemListElement\":[{\"@type\":\"ListItem\",\"position\":1,\"name\":\"Home\",\"item\":\"https:\/\/www.wisentmachines.nl\/de\/\"},{\"@type\":\"ListItem\",\"position\":2,\"name\":\"Angebot\",\"item\":\"https:\/\/www.wisentmachines.nl\/de\/angebot\/\"},{\"@type\":\"ListItem\",\"position\":3,\"name\":\"S\u00e4gen\",\"item\":\"https:\/\/www.wisentmachines.nl\/de\/produkt-kategorie\/saegen\/\"},{\"@type\":\"ListItem\",\"position\":4,\"name\":\"Station\u00e4re Bands\u00e4gemaschinen\",\"item\":\"https:\/\/www.wisentmachines.nl\/de\/produkt-kategorie\/saegen\/stationaere-bandsaegemaschinen\/\"},{\"@type\":\"ListItem\",\"position\":5,\"name\":\"LZ350HA\"}]},{\"@type\":\"WebSite\",\"@id\":\"https:\/\/www.wisentmachines.nl\/de\/#website\",\"url\":\"https:\/\/www.wisentmachines.nl\/de\/\",\"name\":\"Wisent Machines\",\"description\":\"\",\"potentialAction\":[{\"@type\":\"SearchAction\",\"target\":{\"@type\":\"EntryPoint\",\"urlTemplate\":\"https:\/\/www.wisentmachines.nl\/de\/?s={search_term_string}\"},\"query-input\":{\"@type\":\"PropertyValueSpecification\",\"valueRequired\":true,\"valueName\":\"search_term_string\"}}],\"inLanguage\":\"de\"}]}<\/script>\n<!-- \/ Yoast SEO plugin. -->","yoast_head_json":{"title":"Wisent LZ350HA Bands\u00e4ge - Wisent Machines","description":"Die Wisent LZ350HA Bands\u00e4gemaschine ist eine halbautomatische hydraulische Bands\u00e4gemaschine, die sich sehr gut f\u00fcr schwerere und kontinuierliche S\u00e4gearbeiten bis zu einem Durchmesser von 275 mm eignet.","robots":{"index":"index","follow":"follow","max-snippet":"max-snippet:-1","max-image-preview":"max-image-preview:large","max-video-preview":"max-video-preview:-1"},"canonical":"https:\/\/www.wisentmachines.nl\/de\/produkt\/wisent-lz350ha-lintzaagmachine\/","og_locale":"de_DE","og_type":"article","og_title":"Wisent LZ350HA Bands\u00e4ge - Wisent Machines","og_description":"Die Wisent LZ350HA Bands\u00e4gemaschine ist eine halbautomatische hydraulische Bands\u00e4gemaschine, die sich sehr gut f\u00fcr schwerere und kontinuierliche S\u00e4gearbeiten bis zu einem Durchmesser von 275 mm eignet.","og_url":"https:\/\/www.wisentmachines.nl\/de\/produkt\/wisent-lz350ha-lintzaagmachine\/","og_site_name":"Wisent Machines","article_modified_time":"2023-04-24T14:14:46+00:00","og_image":[{"width":1000,"height":1000,"url":"https:\/\/www.wisentmachines.nl\/wp-content\/uploads\/2023\/01\/LZ350HA.png","type":"image\/png"}],"twitter_card":"summary_large_image","twitter_misc":{"Gesch\u00e4tzte Lesezeit":"1\u00a0Minute"},"schema":{"@context":"https:\/\/schema.org","@graph":[{"@type":"WebPage","@id":"https:\/\/www.wisentmachines.nl\/de\/produkt\/wisent-lz350ha-lintzaagmachine\/","url":"https:\/\/www.wisentmachines.nl\/de\/produkt\/wisent-lz350ha-lintzaagmachine\/","name":"Wisent LZ350HA Bands\u00e4ge - Wisent Machines","isPartOf":{"@id":"https:\/\/www.wisentmachines.nl\/de\/#website"},"primaryImageOfPage":{"@id":"https:\/\/www.wisentmachines.nl\/de\/produkt\/wisent-lz350ha-lintzaagmachine\/#primaryimage"},"image":{"@id":"https:\/\/www.wisentmachines.nl\/de\/produkt\/wisent-lz350ha-lintzaagmachine\/#primaryimage"},"thumbnailUrl":"https:\/\/www.wisentmachines.nl\/wp-content\/uploads\/2023\/01\/LZ350HA.png","datePublished":"2023-01-24T09:47:36+00:00","dateModified":"2023-04-24T14:14:46+00:00","description":"Die Wisent LZ350HA Bands\u00e4gemaschine ist eine halbautomatische hydraulische Bands\u00e4gemaschine, die sich sehr gut f\u00fcr schwerere und kontinuierliche S\u00e4gearbeiten bis zu einem Durchmesser von 275 mm eignet.","breadcrumb":{"@id":"https:\/\/www.wisentmachines.nl\/de\/produkt\/wisent-lz350ha-lintzaagmachine\/#breadcrumb"},"inLanguage":"de","potentialAction":[{"@type":"ReadAction","target":["https:\/\/www.wisentmachines.nl\/de\/produkt\/wisent-lz350ha-lintzaagmachine\/"]}]},{"@type":"ImageObject","inLanguage":"de","@id":"https:\/\/www.wisentmachines.nl\/de\/produkt\/wisent-lz350ha-lintzaagmachine\/#primaryimage","url":"https:\/\/www.wisentmachines.nl\/wp-content\/uploads\/2023\/01\/LZ350HA.png","contentUrl":"https:\/\/www.wisentmachines.nl\/wp-content\/uploads\/2023\/01\/LZ350HA.png","width":1000,"height":1000},{"@type":"BreadcrumbList","@id":"https:\/\/www.wisentmachines.nl\/de\/produkt\/wisent-lz350ha-lintzaagmachine\/#breadcrumb","itemListElement":[{"@type":"ListItem","position":1,"name":"Home","item":"https:\/\/www.wisentmachines.nl\/de\/"},{"@type":"ListItem","position":2,"name":"Angebot","item":"https:\/\/www.wisentmachines.nl\/de\/angebot\/"},{"@type":"ListItem","position":3,"name":"S\u00e4gen","item":"https:\/\/www.wisentmachines.nl\/de\/produkt-kategorie\/saegen\/"},{"@type":"ListItem","position":4,"name":"Station\u00e4re Bands\u00e4gemaschinen","item":"https:\/\/www.wisentmachines.nl\/de\/produkt-kategorie\/saegen\/stationaere-bandsaegemaschinen\/"},{"@type":"ListItem","position":5,"name":"LZ350HA"}]},{"@type":"WebSite","@id":"https:\/\/www.wisentmachines.nl\/de\/#website","url":"https:\/\/www.wisentmachines.nl\/de\/","name":"Wisent Machines","description":"","potentialAction":[{"@type":"SearchAction","target":{"@type":"EntryPoint","urlTemplate":"https:\/\/www.wisentmachines.nl\/de\/?s={search_term_string}"},"query-input":{"@type":"PropertyValueSpecification","valueRequired":true,"valueName":"search_term_string"}}],"inLanguage":"de"}]}},"_links":{"self":[{"href":"https:\/\/www.wisentmachines.nl\/de\/wp-json\/wp\/v2\/product\/2863","targetHints":{"allow":["GET"]}}],"collection":[{"href":"https:\/\/www.wisentmachines.nl\/de\/wp-json\/wp\/v2\/product"}],"about":[{"href":"https:\/\/www.wisentmachines.nl\/de\/wp-json\/wp\/v2\/types\/product"}],"wp:featuredmedia":[{"embeddable":true,"href":"https:\/\/www.wisentmachines.nl\/de\/wp-json\/wp\/v2\/media\/1827"}],"wp:attachment":[{"href":"https:\/\/www.wisentmachines.nl\/de\/wp-json\/wp\/v2\/media?parent=2863"}],"wp:term":[{"taxonomy":"product_cat","embeddable":true,"href":"https:\/\/www.wisentmachines.nl\/de\/wp-json\/wp\/v2\/product_cat?post=2863"},{"taxonomy":"product_tag","embeddable":true,"href":"https:\/\/www.wisentmachines.nl\/de\/wp-json\/wp\/v2\/product_tag?post=2863"}],"curies":[{"name":"wp","href":"https:\/\/api.w.org\/{rel}","templated":true}]}}