{"id":2866,"date":"2023-02-01T13:31:57","date_gmt":"2023-02-01T12:31:57","guid":{"rendered":"https:\/\/www.wisentmachines.nl\/product\/lz460ha-lintzaagmachine\/"},"modified":"2023-04-24T16:22:46","modified_gmt":"2023-04-24T14:22:46","slug":"lz460ha","status":"publish","type":"product","link":"https:\/\/www.wisentmachines.nl\/de\/produkt\/lz460ha\/","title":{"rendered":"LZ460HA"},"content":{"rendered":"<p>Die Wisent LZ460HA Bands\u00e4gemaschine ist eine halbautomatische hydraulische Bands\u00e4gemaschine. Die Maschine l\u00e4sst sich bequem \u00fcber das zentrale Bedienpult bedienen und ist serienm\u00e4\u00dfig mit hydraulischer Klemmung, stufenlos einstellbarem S\u00e4gevorschub, automatischem S\u00e4geb\u00fcgelhub mit H\u00f6henverstellung und K\u00fchlmitteleinrichtung ausgestattet. Die Maschine eignet sich f\u00fcr schwereres und kontinuierliches S\u00e4gen bis \u00d8 330 mm.<\/p>\n<p><strong>Der Wisent LZ460HA wird komplett geliefert mit:<\/strong><\/p>\n<ul>\n<li>S\u00e4geblatt aus Bi-Metall M42<\/li>\n<li>Kabinett<\/li>\n<li>K\u00fchlmittelinstallation<\/li>\n<\/ul>\n<p>Alle Wisent-S\u00e4gemaschinen k\u00f6nnen mit MPS-Rollenbahnen und MPS-Messsystemen erweitert werden.<\/p>\n","protected":false},"excerpt":{"rendered":"Die Wisent LZ460HA Bands\u00e4gemaschine ist eine halbautomatische hydraulische Bands\u00e4gemaschine.","protected":false},"featured_media":1878,"template":"","meta":{"_acf_changed":false},"product_cat":[124],"product_tag":[],"class_list":{"0":"post-2866","1":"product","2":"type-product","3":"status-publish","4":"has-post-thumbnail","6":"product_cat-stationaere-bandsaegemaschinen","8":"first","9":"instock","10":"sale","11":"taxable","12":"shipping-taxable","13":"purchasable","14":"product-type-simple"},"acf":[],"yoast_head":"<!-- This site is optimized with the Yoast SEO plugin v24.3 - https:\/\/yoast.com\/wordpress\/plugins\/seo\/ -->\n<title>Wisent LZ460HA Bands\u00e4ge - Wisent Machines<\/title>\n<meta name=\"description\" content=\"Die Wisent LZ460HA Bands\u00e4gemaschine ist eine halbautomatische hydraulische Bands\u00e4gemaschine, die sich sehr gut f\u00fcr schwerere und kontinuierliche Schnitte bis zu einem Durchmesser von 330 mm eignet.\" \/>\n<meta name=\"robots\" content=\"index, follow, max-snippet:-1, max-image-preview:large, max-video-preview:-1\" \/>\n<link rel=\"canonical\" href=\"https:\/\/www.wisentmachines.nl\/de\/produkt\/lz460ha\/\" \/>\n<meta property=\"og:locale\" content=\"de_DE\" \/>\n<meta property=\"og:type\" content=\"article\" \/>\n<meta property=\"og:title\" content=\"Wisent LZ460HA Bands\u00e4ge - Wisent Machines\" \/>\n<meta property=\"og:description\" content=\"Die Wisent LZ460HA Bands\u00e4gemaschine ist eine halbautomatische hydraulische Bands\u00e4gemaschine, die sich sehr gut f\u00fcr schwerere und kontinuierliche Schnitte bis zu einem Durchmesser von 330 mm eignet.\" \/>\n<meta property=\"og:url\" content=\"https:\/\/www.wisentmachines.nl\/de\/produkt\/lz460ha\/\" \/>\n<meta property=\"og:site_name\" content=\"Wisent Machines\" \/>\n<meta property=\"article:modified_time\" content=\"2023-04-24T14:22:46+00:00\" \/>\n<meta property=\"og:image\" content=\"https:\/\/www.wisentmachines.nl\/wp-content\/uploads\/2023\/02\/Wisent-LZ460HA.png\" \/>\n\t<meta property=\"og:image:width\" content=\"1000\" \/>\n\t<meta property=\"og:image:height\" content=\"1000\" \/>\n\t<meta property=\"og:image:type\" content=\"image\/png\" \/>\n<meta name=\"twitter:card\" content=\"summary_large_image\" \/>\n<meta name=\"twitter:label1\" content=\"Gesch\u00e4tzte Lesezeit\" \/>\n\t<meta name=\"twitter:data1\" content=\"1\u00a0Minute\" \/>\n<script type=\"application\/ld+json\" class=\"yoast-schema-graph\">{\"@context\":\"https:\/\/schema.org\",\"@graph\":[{\"@type\":\"WebPage\",\"@id\":\"https:\/\/www.wisentmachines.nl\/de\/produkt\/lz460ha\/\",\"url\":\"https:\/\/www.wisentmachines.nl\/de\/produkt\/lz460ha\/\",\"name\":\"Wisent LZ460HA Bands\u00e4ge - Wisent Machines\",\"isPartOf\":{\"@id\":\"https:\/\/www.wisentmachines.nl\/de\/#website\"},\"primaryImageOfPage\":{\"@id\":\"https:\/\/www.wisentmachines.nl\/de\/produkt\/lz460ha\/#primaryimage\"},\"image\":{\"@id\":\"https:\/\/www.wisentmachines.nl\/de\/produkt\/lz460ha\/#primaryimage\"},\"thumbnailUrl\":\"https:\/\/www.wisentmachines.nl\/wp-content\/uploads\/2023\/02\/Wisent-LZ460HA.png\",\"datePublished\":\"2023-02-01T12:31:57+00:00\",\"dateModified\":\"2023-04-24T14:22:46+00:00\",\"description\":\"Die Wisent LZ460HA Bands\u00e4gemaschine ist eine halbautomatische hydraulische Bands\u00e4gemaschine, die sich sehr gut f\u00fcr schwerere und kontinuierliche Schnitte bis zu einem Durchmesser von 330 mm eignet.\",\"breadcrumb\":{\"@id\":\"https:\/\/www.wisentmachines.nl\/de\/produkt\/lz460ha\/#breadcrumb\"},\"inLanguage\":\"de\",\"potentialAction\":[{\"@type\":\"ReadAction\",\"target\":[\"https:\/\/www.wisentmachines.nl\/de\/produkt\/lz460ha\/\"]}]},{\"@type\":\"ImageObject\",\"inLanguage\":\"de\",\"@id\":\"https:\/\/www.wisentmachines.nl\/de\/produkt\/lz460ha\/#primaryimage\",\"url\":\"https:\/\/www.wisentmachines.nl\/wp-content\/uploads\/2023\/02\/Wisent-LZ460HA.png\",\"contentUrl\":\"https:\/\/www.wisentmachines.nl\/wp-content\/uploads\/2023\/02\/Wisent-LZ460HA.png\",\"width\":1000,\"height\":1000},{\"@type\":\"BreadcrumbList\",\"@id\":\"https:\/\/www.wisentmachines.nl\/de\/produkt\/lz460ha\/#breadcrumb\",\"itemListElement\":[{\"@type\":\"ListItem\",\"position\":1,\"name\":\"Home\",\"item\":\"https:\/\/www.wisentmachines.nl\/de\/\"},{\"@type\":\"ListItem\",\"position\":2,\"name\":\"Angebot\",\"item\":\"https:\/\/www.wisentmachines.nl\/de\/angebot\/\"},{\"@type\":\"ListItem\",\"position\":3,\"name\":\"S\u00e4gen\",\"item\":\"https:\/\/www.wisentmachines.nl\/de\/produkt-kategorie\/saegen\/\"},{\"@type\":\"ListItem\",\"position\":4,\"name\":\"Station\u00e4re Bands\u00e4gemaschinen\",\"item\":\"https:\/\/www.wisentmachines.nl\/de\/produkt-kategorie\/saegen\/stationaere-bandsaegemaschinen\/\"},{\"@type\":\"ListItem\",\"position\":5,\"name\":\"LZ460HA\"}]},{\"@type\":\"WebSite\",\"@id\":\"https:\/\/www.wisentmachines.nl\/de\/#website\",\"url\":\"https:\/\/www.wisentmachines.nl\/de\/\",\"name\":\"Wisent Machines\",\"description\":\"\",\"potentialAction\":[{\"@type\":\"SearchAction\",\"target\":{\"@type\":\"EntryPoint\",\"urlTemplate\":\"https:\/\/www.wisentmachines.nl\/de\/?s={search_term_string}\"},\"query-input\":{\"@type\":\"PropertyValueSpecification\",\"valueRequired\":true,\"valueName\":\"search_term_string\"}}],\"inLanguage\":\"de\"}]}<\/script>\n<!-- \/ Yoast SEO plugin. -->","yoast_head_json":{"title":"Wisent LZ460HA Bands\u00e4ge - Wisent Machines","description":"Die Wisent LZ460HA Bands\u00e4gemaschine ist eine halbautomatische hydraulische Bands\u00e4gemaschine, die sich sehr gut f\u00fcr schwerere und kontinuierliche Schnitte bis zu einem Durchmesser von 330 mm eignet.","robots":{"index":"index","follow":"follow","max-snippet":"max-snippet:-1","max-image-preview":"max-image-preview:large","max-video-preview":"max-video-preview:-1"},"canonical":"https:\/\/www.wisentmachines.nl\/de\/produkt\/lz460ha\/","og_locale":"de_DE","og_type":"article","og_title":"Wisent LZ460HA Bands\u00e4ge - Wisent Machines","og_description":"Die Wisent LZ460HA Bands\u00e4gemaschine ist eine halbautomatische hydraulische Bands\u00e4gemaschine, die sich sehr gut f\u00fcr schwerere und kontinuierliche Schnitte bis zu einem Durchmesser von 330 mm eignet.","og_url":"https:\/\/www.wisentmachines.nl\/de\/produkt\/lz460ha\/","og_site_name":"Wisent Machines","article_modified_time":"2023-04-24T14:22:46+00:00","og_image":[{"width":1000,"height":1000,"url":"https:\/\/www.wisentmachines.nl\/wp-content\/uploads\/2023\/02\/Wisent-LZ460HA.png","type":"image\/png"}],"twitter_card":"summary_large_image","twitter_misc":{"Gesch\u00e4tzte Lesezeit":"1\u00a0Minute"},"schema":{"@context":"https:\/\/schema.org","@graph":[{"@type":"WebPage","@id":"https:\/\/www.wisentmachines.nl\/de\/produkt\/lz460ha\/","url":"https:\/\/www.wisentmachines.nl\/de\/produkt\/lz460ha\/","name":"Wisent LZ460HA Bands\u00e4ge - Wisent Machines","isPartOf":{"@id":"https:\/\/www.wisentmachines.nl\/de\/#website"},"primaryImageOfPage":{"@id":"https:\/\/www.wisentmachines.nl\/de\/produkt\/lz460ha\/#primaryimage"},"image":{"@id":"https:\/\/www.wisentmachines.nl\/de\/produkt\/lz460ha\/#primaryimage"},"thumbnailUrl":"https:\/\/www.wisentmachines.nl\/wp-content\/uploads\/2023\/02\/Wisent-LZ460HA.png","datePublished":"2023-02-01T12:31:57+00:00","dateModified":"2023-04-24T14:22:46+00:00","description":"Die Wisent LZ460HA Bands\u00e4gemaschine ist eine halbautomatische hydraulische Bands\u00e4gemaschine, die sich sehr gut f\u00fcr schwerere und kontinuierliche Schnitte bis zu einem Durchmesser von 330 mm eignet.","breadcrumb":{"@id":"https:\/\/www.wisentmachines.nl\/de\/produkt\/lz460ha\/#breadcrumb"},"inLanguage":"de","potentialAction":[{"@type":"ReadAction","target":["https:\/\/www.wisentmachines.nl\/de\/produkt\/lz460ha\/"]}]},{"@type":"ImageObject","inLanguage":"de","@id":"https:\/\/www.wisentmachines.nl\/de\/produkt\/lz460ha\/#primaryimage","url":"https:\/\/www.wisentmachines.nl\/wp-content\/uploads\/2023\/02\/Wisent-LZ460HA.png","contentUrl":"https:\/\/www.wisentmachines.nl\/wp-content\/uploads\/2023\/02\/Wisent-LZ460HA.png","width":1000,"height":1000},{"@type":"BreadcrumbList","@id":"https:\/\/www.wisentmachines.nl\/de\/produkt\/lz460ha\/#breadcrumb","itemListElement":[{"@type":"ListItem","position":1,"name":"Home","item":"https:\/\/www.wisentmachines.nl\/de\/"},{"@type":"ListItem","position":2,"name":"Angebot","item":"https:\/\/www.wisentmachines.nl\/de\/angebot\/"},{"@type":"ListItem","position":3,"name":"S\u00e4gen","item":"https:\/\/www.wisentmachines.nl\/de\/produkt-kategorie\/saegen\/"},{"@type":"ListItem","position":4,"name":"Station\u00e4re Bands\u00e4gemaschinen","item":"https:\/\/www.wisentmachines.nl\/de\/produkt-kategorie\/saegen\/stationaere-bandsaegemaschinen\/"},{"@type":"ListItem","position":5,"name":"LZ460HA"}]},{"@type":"WebSite","@id":"https:\/\/www.wisentmachines.nl\/de\/#website","url":"https:\/\/www.wisentmachines.nl\/de\/","name":"Wisent Machines","description":"","potentialAction":[{"@type":"SearchAction","target":{"@type":"EntryPoint","urlTemplate":"https:\/\/www.wisentmachines.nl\/de\/?s={search_term_string}"},"query-input":{"@type":"PropertyValueSpecification","valueRequired":true,"valueName":"search_term_string"}}],"inLanguage":"de"}]}},"_links":{"self":[{"href":"https:\/\/www.wisentmachines.nl\/de\/wp-json\/wp\/v2\/product\/2866","targetHints":{"allow":["GET"]}}],"collection":[{"href":"https:\/\/www.wisentmachines.nl\/de\/wp-json\/wp\/v2\/product"}],"about":[{"href":"https:\/\/www.wisentmachines.nl\/de\/wp-json\/wp\/v2\/types\/product"}],"wp:featuredmedia":[{"embeddable":true,"href":"https:\/\/www.wisentmachines.nl\/de\/wp-json\/wp\/v2\/media\/1878"}],"wp:attachment":[{"href":"https:\/\/www.wisentmachines.nl\/de\/wp-json\/wp\/v2\/media?parent=2866"}],"wp:term":[{"taxonomy":"product_cat","embeddable":true,"href":"https:\/\/www.wisentmachines.nl\/de\/wp-json\/wp\/v2\/product_cat?post=2866"},{"taxonomy":"product_tag","embeddable":true,"href":"https:\/\/www.wisentmachines.nl\/de\/wp-json\/wp\/v2\/product_tag?post=2866"}],"curies":[{"name":"wp","href":"https:\/\/api.w.org\/{rel}","templated":true}]}}