{"id":2873,"date":"2023-01-24T13:09:07","date_gmt":"2023-01-24T12:09:07","guid":{"rendered":"https:\/\/www.wisentmachines.nl\/product\/wisent-czm315l-dv-metaal-cirkelzaagmachine\/"},"modified":"2023-04-28T09:03:18","modified_gmt":"2023-04-28T07:03:18","slug":"czm315l-dv","status":"publish","type":"product","link":"https:\/\/www.wisentmachines.nl\/de\/produkt\/czm315l-dv\/","title":{"rendered":"CZM315L DV"},"content":{"rendered":"<p>Wisent CZM315L DV Metallkreiss\u00e4gemaschine. Professionelle Gelenkkreiss\u00e4ge zum schnellen, pr\u00e4zisen, geraden und\/oder Gehrungsschneiden von Profilen und Vollmaterialien.<\/p>\n<p><strong>Der Wisent CZM315L DV wird komplett geliefert mit:<\/strong><\/p>\n<ul>\n<li>HSS-Kreiss\u00e4geblatt \u00d8315 mm, Aufnahmebohrung 32 mm<\/li>\n<li>Kabinett<\/li>\n<li>K\u00fchlmittelinstallation<\/li>\n<li>Doppelter Zentrierspanner<\/li>\n<\/ul>\n<p>Alle Wisent-S\u00e4gemaschinen k\u00f6nnen mit MPS-Rollenbahnen und MPS-Messsystemen erweitert werden.<\/p>\n","protected":false},"excerpt":{"rendered":"Wisent CZM315L DV Metallkreiss\u00e4gemaschine. Professionelle Gelenkkreiss\u00e4ge zum schnellen, pr\u00e4zisen, geraden und\/oder Gehrungsschneiden von Profilen und Vollmaterialien.","protected":false},"featured_media":1829,"template":"","meta":{"_acf_changed":false},"product_cat":[125],"product_tag":[],"class_list":{"0":"post-2873","1":"product","2":"type-product","3":"status-publish","4":"has-post-thumbnail","6":"product_cat-kreissaegemaschine-fuer-metall","8":"first","9":"instock","10":"sale","11":"taxable","12":"shipping-taxable","13":"purchasable","14":"product-type-simple"},"acf":[],"yoast_head":"<!-- This site is optimized with the Yoast SEO plugin v24.3 - https:\/\/yoast.com\/wordpress\/plugins\/seo\/ -->\n<title>Wisent CZM315L DV Metallkreiss\u00e4gemaschine - Wisent Machines<\/title>\n<meta name=\"description\" content=\"Wisent CZM315L DV Kreiss\u00e4ge f\u00fcr schnelle, pr\u00e4zise, \u200b\u200bgerade und Gehrungsschnitte. Inklusive Schrank, K\u00fchlmitteleinrichtung und S\u00e4geblatt.\" \/>\n<meta name=\"robots\" content=\"index, follow, max-snippet:-1, max-image-preview:large, max-video-preview:-1\" \/>\n<link rel=\"canonical\" href=\"https:\/\/www.wisentmachines.nl\/de\/produkt\/czm315l-dv\/\" \/>\n<meta property=\"og:locale\" content=\"de_DE\" \/>\n<meta property=\"og:type\" content=\"article\" \/>\n<meta property=\"og:title\" content=\"Wisent CZM315L DV Metallkreiss\u00e4gemaschine - Wisent Machines\" \/>\n<meta property=\"og:description\" content=\"Wisent CZM315L DV Kreiss\u00e4ge f\u00fcr schnelle, pr\u00e4zise, \u200b\u200bgerade und Gehrungsschnitte. Inklusive Schrank, K\u00fchlmitteleinrichtung und S\u00e4geblatt.\" \/>\n<meta property=\"og:url\" content=\"https:\/\/www.wisentmachines.nl\/de\/produkt\/czm315l-dv\/\" \/>\n<meta property=\"og:site_name\" content=\"Wisent Machines\" \/>\n<meta property=\"article:modified_time\" content=\"2023-04-28T07:03:18+00:00\" \/>\n<meta property=\"og:image\" content=\"https:\/\/www.wisentmachines.nl\/wp-content\/uploads\/2023\/01\/CZM315L-DV.png\" \/>\n\t<meta property=\"og:image:width\" content=\"1000\" \/>\n\t<meta property=\"og:image:height\" content=\"1000\" \/>\n\t<meta property=\"og:image:type\" content=\"image\/png\" \/>\n<meta name=\"twitter:card\" content=\"summary_large_image\" \/>\n<meta name=\"twitter:label1\" content=\"Gesch\u00e4tzte Lesezeit\" \/>\n\t<meta name=\"twitter:data1\" content=\"1\u00a0Minute\" \/>\n<script type=\"application\/ld+json\" class=\"yoast-schema-graph\">{\"@context\":\"https:\/\/schema.org\",\"@graph\":[{\"@type\":\"WebPage\",\"@id\":\"https:\/\/www.wisentmachines.nl\/de\/produkt\/czm315l-dv\/\",\"url\":\"https:\/\/www.wisentmachines.nl\/de\/produkt\/czm315l-dv\/\",\"name\":\"Wisent CZM315L DV Metallkreiss\u00e4gemaschine - Wisent Machines\",\"isPartOf\":{\"@id\":\"https:\/\/www.wisentmachines.nl\/de\/#website\"},\"primaryImageOfPage\":{\"@id\":\"https:\/\/www.wisentmachines.nl\/de\/produkt\/czm315l-dv\/#primaryimage\"},\"image\":{\"@id\":\"https:\/\/www.wisentmachines.nl\/de\/produkt\/czm315l-dv\/#primaryimage\"},\"thumbnailUrl\":\"https:\/\/www.wisentmachines.nl\/wp-content\/uploads\/2023\/01\/CZM315L-DV.png\",\"datePublished\":\"2023-01-24T12:09:07+00:00\",\"dateModified\":\"2023-04-28T07:03:18+00:00\",\"description\":\"Wisent CZM315L DV Kreiss\u00e4ge f\u00fcr schnelle, pr\u00e4zise, \u200b\u200bgerade und Gehrungsschnitte. Inklusive Schrank, K\u00fchlmitteleinrichtung und S\u00e4geblatt.\",\"breadcrumb\":{\"@id\":\"https:\/\/www.wisentmachines.nl\/de\/produkt\/czm315l-dv\/#breadcrumb\"},\"inLanguage\":\"de\",\"potentialAction\":[{\"@type\":\"ReadAction\",\"target\":[\"https:\/\/www.wisentmachines.nl\/de\/produkt\/czm315l-dv\/\"]}]},{\"@type\":\"ImageObject\",\"inLanguage\":\"de\",\"@id\":\"https:\/\/www.wisentmachines.nl\/de\/produkt\/czm315l-dv\/#primaryimage\",\"url\":\"https:\/\/www.wisentmachines.nl\/wp-content\/uploads\/2023\/01\/CZM315L-DV.png\",\"contentUrl\":\"https:\/\/www.wisentmachines.nl\/wp-content\/uploads\/2023\/01\/CZM315L-DV.png\",\"width\":1000,\"height\":1000},{\"@type\":\"BreadcrumbList\",\"@id\":\"https:\/\/www.wisentmachines.nl\/de\/produkt\/czm315l-dv\/#breadcrumb\",\"itemListElement\":[{\"@type\":\"ListItem\",\"position\":1,\"name\":\"Home\",\"item\":\"https:\/\/www.wisentmachines.nl\/de\/\"},{\"@type\":\"ListItem\",\"position\":2,\"name\":\"Angebot\",\"item\":\"https:\/\/www.wisentmachines.nl\/de\/angebot\/\"},{\"@type\":\"ListItem\",\"position\":3,\"name\":\"S\u00e4gen\",\"item\":\"https:\/\/www.wisentmachines.nl\/de\/produkt-kategorie\/saegen\/\"},{\"@type\":\"ListItem\",\"position\":4,\"name\":\"Kreiss\u00e4gemaschine f\u00fcr Metall\",\"item\":\"https:\/\/www.wisentmachines.nl\/de\/produkt-kategorie\/saegen\/kreissaegemaschine-fuer-metall\/\"},{\"@type\":\"ListItem\",\"position\":5,\"name\":\"CZM315L DV\"}]},{\"@type\":\"WebSite\",\"@id\":\"https:\/\/www.wisentmachines.nl\/de\/#website\",\"url\":\"https:\/\/www.wisentmachines.nl\/de\/\",\"name\":\"Wisent Machines\",\"description\":\"\",\"potentialAction\":[{\"@type\":\"SearchAction\",\"target\":{\"@type\":\"EntryPoint\",\"urlTemplate\":\"https:\/\/www.wisentmachines.nl\/de\/?s={search_term_string}\"},\"query-input\":{\"@type\":\"PropertyValueSpecification\",\"valueRequired\":true,\"valueName\":\"search_term_string\"}}],\"inLanguage\":\"de\"}]}<\/script>\n<!-- \/ Yoast SEO plugin. -->","yoast_head_json":{"title":"Wisent CZM315L DV Metallkreiss\u00e4gemaschine - Wisent Machines","description":"Wisent CZM315L DV Kreiss\u00e4ge f\u00fcr schnelle, pr\u00e4zise, \u200b\u200bgerade und Gehrungsschnitte. Inklusive Schrank, K\u00fchlmitteleinrichtung und S\u00e4geblatt.","robots":{"index":"index","follow":"follow","max-snippet":"max-snippet:-1","max-image-preview":"max-image-preview:large","max-video-preview":"max-video-preview:-1"},"canonical":"https:\/\/www.wisentmachines.nl\/de\/produkt\/czm315l-dv\/","og_locale":"de_DE","og_type":"article","og_title":"Wisent CZM315L DV Metallkreiss\u00e4gemaschine - Wisent Machines","og_description":"Wisent CZM315L DV Kreiss\u00e4ge f\u00fcr schnelle, pr\u00e4zise, \u200b\u200bgerade und Gehrungsschnitte. Inklusive Schrank, K\u00fchlmitteleinrichtung und S\u00e4geblatt.","og_url":"https:\/\/www.wisentmachines.nl\/de\/produkt\/czm315l-dv\/","og_site_name":"Wisent Machines","article_modified_time":"2023-04-28T07:03:18+00:00","og_image":[{"width":1000,"height":1000,"url":"https:\/\/www.wisentmachines.nl\/wp-content\/uploads\/2023\/01\/CZM315L-DV.png","type":"image\/png"}],"twitter_card":"summary_large_image","twitter_misc":{"Gesch\u00e4tzte Lesezeit":"1\u00a0Minute"},"schema":{"@context":"https:\/\/schema.org","@graph":[{"@type":"WebPage","@id":"https:\/\/www.wisentmachines.nl\/de\/produkt\/czm315l-dv\/","url":"https:\/\/www.wisentmachines.nl\/de\/produkt\/czm315l-dv\/","name":"Wisent CZM315L DV Metallkreiss\u00e4gemaschine - Wisent Machines","isPartOf":{"@id":"https:\/\/www.wisentmachines.nl\/de\/#website"},"primaryImageOfPage":{"@id":"https:\/\/www.wisentmachines.nl\/de\/produkt\/czm315l-dv\/#primaryimage"},"image":{"@id":"https:\/\/www.wisentmachines.nl\/de\/produkt\/czm315l-dv\/#primaryimage"},"thumbnailUrl":"https:\/\/www.wisentmachines.nl\/wp-content\/uploads\/2023\/01\/CZM315L-DV.png","datePublished":"2023-01-24T12:09:07+00:00","dateModified":"2023-04-28T07:03:18+00:00","description":"Wisent CZM315L DV Kreiss\u00e4ge f\u00fcr schnelle, pr\u00e4zise, \u200b\u200bgerade und Gehrungsschnitte. Inklusive Schrank, K\u00fchlmitteleinrichtung und S\u00e4geblatt.","breadcrumb":{"@id":"https:\/\/www.wisentmachines.nl\/de\/produkt\/czm315l-dv\/#breadcrumb"},"inLanguage":"de","potentialAction":[{"@type":"ReadAction","target":["https:\/\/www.wisentmachines.nl\/de\/produkt\/czm315l-dv\/"]}]},{"@type":"ImageObject","inLanguage":"de","@id":"https:\/\/www.wisentmachines.nl\/de\/produkt\/czm315l-dv\/#primaryimage","url":"https:\/\/www.wisentmachines.nl\/wp-content\/uploads\/2023\/01\/CZM315L-DV.png","contentUrl":"https:\/\/www.wisentmachines.nl\/wp-content\/uploads\/2023\/01\/CZM315L-DV.png","width":1000,"height":1000},{"@type":"BreadcrumbList","@id":"https:\/\/www.wisentmachines.nl\/de\/produkt\/czm315l-dv\/#breadcrumb","itemListElement":[{"@type":"ListItem","position":1,"name":"Home","item":"https:\/\/www.wisentmachines.nl\/de\/"},{"@type":"ListItem","position":2,"name":"Angebot","item":"https:\/\/www.wisentmachines.nl\/de\/angebot\/"},{"@type":"ListItem","position":3,"name":"S\u00e4gen","item":"https:\/\/www.wisentmachines.nl\/de\/produkt-kategorie\/saegen\/"},{"@type":"ListItem","position":4,"name":"Kreiss\u00e4gemaschine f\u00fcr Metall","item":"https:\/\/www.wisentmachines.nl\/de\/produkt-kategorie\/saegen\/kreissaegemaschine-fuer-metall\/"},{"@type":"ListItem","position":5,"name":"CZM315L DV"}]},{"@type":"WebSite","@id":"https:\/\/www.wisentmachines.nl\/de\/#website","url":"https:\/\/www.wisentmachines.nl\/de\/","name":"Wisent Machines","description":"","potentialAction":[{"@type":"SearchAction","target":{"@type":"EntryPoint","urlTemplate":"https:\/\/www.wisentmachines.nl\/de\/?s={search_term_string}"},"query-input":{"@type":"PropertyValueSpecification","valueRequired":true,"valueName":"search_term_string"}}],"inLanguage":"de"}]}},"_links":{"self":[{"href":"https:\/\/www.wisentmachines.nl\/de\/wp-json\/wp\/v2\/product\/2873","targetHints":{"allow":["GET"]}}],"collection":[{"href":"https:\/\/www.wisentmachines.nl\/de\/wp-json\/wp\/v2\/product"}],"about":[{"href":"https:\/\/www.wisentmachines.nl\/de\/wp-json\/wp\/v2\/types\/product"}],"wp:featuredmedia":[{"embeddable":true,"href":"https:\/\/www.wisentmachines.nl\/de\/wp-json\/wp\/v2\/media\/1829"}],"wp:attachment":[{"href":"https:\/\/www.wisentmachines.nl\/de\/wp-json\/wp\/v2\/media?parent=2873"}],"wp:term":[{"taxonomy":"product_cat","embeddable":true,"href":"https:\/\/www.wisentmachines.nl\/de\/wp-json\/wp\/v2\/product_cat?post=2873"},{"taxonomy":"product_tag","embeddable":true,"href":"https:\/\/www.wisentmachines.nl\/de\/wp-json\/wp\/v2\/product_tag?post=2873"}],"curies":[{"name":"wp","href":"https:\/\/api.w.org\/{rel}","templated":true}]}}