{"id":2883,"date":"2023-01-24T14:36:33","date_gmt":"2023-01-24T13:36:33","guid":{"rendered":"https:\/\/www.wisentmachines.nl\/product\/wisent-vc315ha-cirkelzaagmachine\/"},"modified":"2024-12-10T09:53:29","modified_gmt":"2024-12-10T08:53:29","slug":"vc315ha","status":"publish","type":"product","link":"https:\/\/www.wisentmachines.nl\/de\/produkt\/vc315ha\/","title":{"rendered":"VC315HA"},"content":{"rendered":"<p>Die Wisent VC315HA Kreiss\u00e4gemaschine ist eine professionelle handgef\u00fchrte vertikale Kreiss\u00e4gemaschine zum schnellen, genauen, geraden und Gehrungsschneiden von Profilen und Vollmaterialien. Die Maschine ist standardm\u00e4\u00dfig mit einer hydraulischen Klemmung und automatischem S\u00e4gevorschub und S\u00e4geb\u00fcgelhub ausgestattet. Die Maschine ist einfach \u00fcber das zentrale Bedienfeld zu bedienen.<\/p>\n<p><strong>Der Wisent VC315HA wird komplett geliefert mit:<\/strong><\/p>\n<ul>\n<li>HSS-Kreiss\u00e4geblatt \u00d8315 mm, Aufnahmebohrung 32 mm<\/li>\n<li>Kabinett<\/li>\n<li>K\u00fchlmittelinstallation<\/li>\n<li>Anti-Grat-Klemme<\/li>\n<\/ul>\n<p>Alle Wisent-S\u00e4gemaschinen k\u00f6nnen mit MPS-Rollenbahnen und MPS-Messsystemen erweitert werden.<\/p>\n","protected":false},"excerpt":{"rendered":"Die Wisent VC315HA Kreiss\u00e4gemaschine ist eine professionelle handgef\u00fchrte vertikale Kreiss\u00e4gemaschine zum schnellen, genauen, geraden und Gehrungsschneiden von Profilen und Vollmaterialien.","protected":false},"featured_media":1880,"template":"","meta":{"_acf_changed":false},"product_cat":[125],"product_tag":[],"class_list":{"0":"post-2883","1":"product","2":"type-product","3":"status-publish","4":"has-post-thumbnail","6":"product_cat-kreissaegemaschine-fuer-metall","8":"first","9":"instock","10":"sale","11":"taxable","12":"shipping-taxable","13":"purchasable","14":"product-type-simple"},"acf":[],"yoast_head":"<!-- This site is optimized with the Yoast SEO plugin v24.3 - https:\/\/yoast.com\/wordpress\/plugins\/seo\/ -->\n<title>VC315HA kreiss\u00e4ge f\u00fcr pr\u00e4zision - Wisent Machines<\/title>\n<meta name=\"description\" content=\"Wisent VC315HA Kreiss\u00e4gemaschine f\u00fcr schnelle, pr\u00e4zise, \u200b\u200bgerade und Gehrungsschnitte. Inklusive Schrank, K\u00fchlmitteleinrichtung und S\u00e4geblatt.\" \/>\n<meta name=\"robots\" content=\"index, follow, max-snippet:-1, max-image-preview:large, max-video-preview:-1\" \/>\n<link rel=\"canonical\" href=\"https:\/\/www.wisentmachines.nl\/de\/produkt\/vc315ha\/\" \/>\n<meta property=\"og:locale\" content=\"de_DE\" \/>\n<meta property=\"og:type\" content=\"article\" \/>\n<meta property=\"og:title\" content=\"VC315HA kreiss\u00e4ge f\u00fcr pr\u00e4zision - Wisent Machines\" \/>\n<meta property=\"og:description\" content=\"Wisent VC315HA Kreiss\u00e4gemaschine f\u00fcr schnelle, pr\u00e4zise, \u200b\u200bgerade und Gehrungsschnitte. Inklusive Schrank, K\u00fchlmitteleinrichtung und S\u00e4geblatt.\" \/>\n<meta property=\"og:url\" content=\"https:\/\/www.wisentmachines.nl\/de\/produkt\/vc315ha\/\" \/>\n<meta property=\"og:site_name\" content=\"Wisent Machines\" \/>\n<meta property=\"article:modified_time\" content=\"2024-12-10T08:53:29+00:00\" \/>\n<meta property=\"og:image\" content=\"https:\/\/www.wisentmachines.nl\/wp-content\/uploads\/2023\/01\/vc315ha-1.png\" \/>\n\t<meta property=\"og:image:width\" content=\"1000\" \/>\n\t<meta property=\"og:image:height\" content=\"1000\" \/>\n\t<meta property=\"og:image:type\" content=\"image\/png\" \/>\n<meta name=\"twitter:card\" content=\"summary_large_image\" \/>\n<meta name=\"twitter:label1\" content=\"Gesch\u00e4tzte Lesezeit\" \/>\n\t<meta name=\"twitter:data1\" content=\"1\u00a0Minute\" \/>\n<script type=\"application\/ld+json\" class=\"yoast-schema-graph\">{\"@context\":\"https:\/\/schema.org\",\"@graph\":[{\"@type\":\"WebPage\",\"@id\":\"https:\/\/www.wisentmachines.nl\/de\/produkt\/vc315ha\/\",\"url\":\"https:\/\/www.wisentmachines.nl\/de\/produkt\/vc315ha\/\",\"name\":\"VC315HA kreiss\u00e4ge f\u00fcr pr\u00e4zision - Wisent Machines\",\"isPartOf\":{\"@id\":\"https:\/\/www.wisentmachines.nl\/de\/#website\"},\"primaryImageOfPage\":{\"@id\":\"https:\/\/www.wisentmachines.nl\/de\/produkt\/vc315ha\/#primaryimage\"},\"image\":{\"@id\":\"https:\/\/www.wisentmachines.nl\/de\/produkt\/vc315ha\/#primaryimage\"},\"thumbnailUrl\":\"https:\/\/www.wisentmachines.nl\/wp-content\/uploads\/2023\/01\/vc315ha-1.png\",\"datePublished\":\"2023-01-24T13:36:33+00:00\",\"dateModified\":\"2024-12-10T08:53:29+00:00\",\"description\":\"Wisent VC315HA Kreiss\u00e4gemaschine f\u00fcr schnelle, pr\u00e4zise, \u200b\u200bgerade und Gehrungsschnitte. Inklusive Schrank, K\u00fchlmitteleinrichtung und S\u00e4geblatt.\",\"breadcrumb\":{\"@id\":\"https:\/\/www.wisentmachines.nl\/de\/produkt\/vc315ha\/#breadcrumb\"},\"inLanguage\":\"de\",\"potentialAction\":[{\"@type\":\"ReadAction\",\"target\":[\"https:\/\/www.wisentmachines.nl\/de\/produkt\/vc315ha\/\"]}]},{\"@type\":\"ImageObject\",\"inLanguage\":\"de\",\"@id\":\"https:\/\/www.wisentmachines.nl\/de\/produkt\/vc315ha\/#primaryimage\",\"url\":\"https:\/\/www.wisentmachines.nl\/wp-content\/uploads\/2023\/01\/vc315ha-1.png\",\"contentUrl\":\"https:\/\/www.wisentmachines.nl\/wp-content\/uploads\/2023\/01\/vc315ha-1.png\",\"width\":1000,\"height\":1000},{\"@type\":\"BreadcrumbList\",\"@id\":\"https:\/\/www.wisentmachines.nl\/de\/produkt\/vc315ha\/#breadcrumb\",\"itemListElement\":[{\"@type\":\"ListItem\",\"position\":1,\"name\":\"Home\",\"item\":\"https:\/\/www.wisentmachines.nl\/de\/\"},{\"@type\":\"ListItem\",\"position\":2,\"name\":\"Angebot\",\"item\":\"https:\/\/www.wisentmachines.nl\/de\/angebot\/\"},{\"@type\":\"ListItem\",\"position\":3,\"name\":\"S\u00e4gen\",\"item\":\"https:\/\/www.wisentmachines.nl\/de\/produkt-kategorie\/saegen\/\"},{\"@type\":\"ListItem\",\"position\":4,\"name\":\"Kreiss\u00e4gemaschine f\u00fcr Metall\",\"item\":\"https:\/\/www.wisentmachines.nl\/de\/produkt-kategorie\/saegen\/kreissaegemaschine-fuer-metall\/\"},{\"@type\":\"ListItem\",\"position\":5,\"name\":\"VC315HA\"}]},{\"@type\":\"WebSite\",\"@id\":\"https:\/\/www.wisentmachines.nl\/de\/#website\",\"url\":\"https:\/\/www.wisentmachines.nl\/de\/\",\"name\":\"Wisent Machines\",\"description\":\"\",\"potentialAction\":[{\"@type\":\"SearchAction\",\"target\":{\"@type\":\"EntryPoint\",\"urlTemplate\":\"https:\/\/www.wisentmachines.nl\/de\/?s={search_term_string}\"},\"query-input\":{\"@type\":\"PropertyValueSpecification\",\"valueRequired\":true,\"valueName\":\"search_term_string\"}}],\"inLanguage\":\"de\"}]}<\/script>\n<!-- \/ Yoast SEO plugin. -->","yoast_head_json":{"title":"VC315HA kreiss\u00e4ge f\u00fcr pr\u00e4zision - Wisent Machines","description":"Wisent VC315HA Kreiss\u00e4gemaschine f\u00fcr schnelle, pr\u00e4zise, \u200b\u200bgerade und Gehrungsschnitte. Inklusive Schrank, K\u00fchlmitteleinrichtung und S\u00e4geblatt.","robots":{"index":"index","follow":"follow","max-snippet":"max-snippet:-1","max-image-preview":"max-image-preview:large","max-video-preview":"max-video-preview:-1"},"canonical":"https:\/\/www.wisentmachines.nl\/de\/produkt\/vc315ha\/","og_locale":"de_DE","og_type":"article","og_title":"VC315HA kreiss\u00e4ge f\u00fcr pr\u00e4zision - Wisent Machines","og_description":"Wisent VC315HA Kreiss\u00e4gemaschine f\u00fcr schnelle, pr\u00e4zise, \u200b\u200bgerade und Gehrungsschnitte. Inklusive Schrank, K\u00fchlmitteleinrichtung und S\u00e4geblatt.","og_url":"https:\/\/www.wisentmachines.nl\/de\/produkt\/vc315ha\/","og_site_name":"Wisent Machines","article_modified_time":"2024-12-10T08:53:29+00:00","og_image":[{"width":1000,"height":1000,"url":"https:\/\/www.wisentmachines.nl\/wp-content\/uploads\/2023\/01\/vc315ha-1.png","type":"image\/png"}],"twitter_card":"summary_large_image","twitter_misc":{"Gesch\u00e4tzte Lesezeit":"1\u00a0Minute"},"schema":{"@context":"https:\/\/schema.org","@graph":[{"@type":"WebPage","@id":"https:\/\/www.wisentmachines.nl\/de\/produkt\/vc315ha\/","url":"https:\/\/www.wisentmachines.nl\/de\/produkt\/vc315ha\/","name":"VC315HA kreiss\u00e4ge f\u00fcr pr\u00e4zision - Wisent Machines","isPartOf":{"@id":"https:\/\/www.wisentmachines.nl\/de\/#website"},"primaryImageOfPage":{"@id":"https:\/\/www.wisentmachines.nl\/de\/produkt\/vc315ha\/#primaryimage"},"image":{"@id":"https:\/\/www.wisentmachines.nl\/de\/produkt\/vc315ha\/#primaryimage"},"thumbnailUrl":"https:\/\/www.wisentmachines.nl\/wp-content\/uploads\/2023\/01\/vc315ha-1.png","datePublished":"2023-01-24T13:36:33+00:00","dateModified":"2024-12-10T08:53:29+00:00","description":"Wisent VC315HA Kreiss\u00e4gemaschine f\u00fcr schnelle, pr\u00e4zise, \u200b\u200bgerade und Gehrungsschnitte. Inklusive Schrank, K\u00fchlmitteleinrichtung und S\u00e4geblatt.","breadcrumb":{"@id":"https:\/\/www.wisentmachines.nl\/de\/produkt\/vc315ha\/#breadcrumb"},"inLanguage":"de","potentialAction":[{"@type":"ReadAction","target":["https:\/\/www.wisentmachines.nl\/de\/produkt\/vc315ha\/"]}]},{"@type":"ImageObject","inLanguage":"de","@id":"https:\/\/www.wisentmachines.nl\/de\/produkt\/vc315ha\/#primaryimage","url":"https:\/\/www.wisentmachines.nl\/wp-content\/uploads\/2023\/01\/vc315ha-1.png","contentUrl":"https:\/\/www.wisentmachines.nl\/wp-content\/uploads\/2023\/01\/vc315ha-1.png","width":1000,"height":1000},{"@type":"BreadcrumbList","@id":"https:\/\/www.wisentmachines.nl\/de\/produkt\/vc315ha\/#breadcrumb","itemListElement":[{"@type":"ListItem","position":1,"name":"Home","item":"https:\/\/www.wisentmachines.nl\/de\/"},{"@type":"ListItem","position":2,"name":"Angebot","item":"https:\/\/www.wisentmachines.nl\/de\/angebot\/"},{"@type":"ListItem","position":3,"name":"S\u00e4gen","item":"https:\/\/www.wisentmachines.nl\/de\/produkt-kategorie\/saegen\/"},{"@type":"ListItem","position":4,"name":"Kreiss\u00e4gemaschine f\u00fcr Metall","item":"https:\/\/www.wisentmachines.nl\/de\/produkt-kategorie\/saegen\/kreissaegemaschine-fuer-metall\/"},{"@type":"ListItem","position":5,"name":"VC315HA"}]},{"@type":"WebSite","@id":"https:\/\/www.wisentmachines.nl\/de\/#website","url":"https:\/\/www.wisentmachines.nl\/de\/","name":"Wisent Machines","description":"","potentialAction":[{"@type":"SearchAction","target":{"@type":"EntryPoint","urlTemplate":"https:\/\/www.wisentmachines.nl\/de\/?s={search_term_string}"},"query-input":{"@type":"PropertyValueSpecification","valueRequired":true,"valueName":"search_term_string"}}],"inLanguage":"de"}]}},"_links":{"self":[{"href":"https:\/\/www.wisentmachines.nl\/de\/wp-json\/wp\/v2\/product\/2883","targetHints":{"allow":["GET"]}}],"collection":[{"href":"https:\/\/www.wisentmachines.nl\/de\/wp-json\/wp\/v2\/product"}],"about":[{"href":"https:\/\/www.wisentmachines.nl\/de\/wp-json\/wp\/v2\/types\/product"}],"wp:featuredmedia":[{"embeddable":true,"href":"https:\/\/www.wisentmachines.nl\/de\/wp-json\/wp\/v2\/media\/1880"}],"wp:attachment":[{"href":"https:\/\/www.wisentmachines.nl\/de\/wp-json\/wp\/v2\/media?parent=2883"}],"wp:term":[{"taxonomy":"product_cat","embeddable":true,"href":"https:\/\/www.wisentmachines.nl\/de\/wp-json\/wp\/v2\/product_cat?post=2883"},{"taxonomy":"product_tag","embeddable":true,"href":"https:\/\/www.wisentmachines.nl\/de\/wp-json\/wp\/v2\/product_tag?post=2883"}],"curies":[{"name":"wp","href":"https:\/\/api.w.org\/{rel}","templated":true}]}}