{"id":3117,"date":"2023-02-03T14:38:00","date_gmt":"2023-02-03T13:38:00","guid":{"rendered":"https:\/\/www.wisentmachines.nl\/product\/tct-hm-cirkelzaagblad\/"},"modified":"2023-04-28T14:09:23","modified_gmt":"2023-04-28T12:09:23","slug":"tct-hm-kreissaegeblaetter","status":"publish","type":"product","link":"https:\/\/www.wisentmachines.nl\/de\/produkt\/tct-hm-kreissaegeblaetter\/","title":{"rendered":"TCT HM"},"content":{"rendered":"","protected":false},"excerpt":{"rendered":"Wisent Hartmetall-Kreiss\u00e4geblatt f\u00fcr MC355 und Maschinen anderer Marken.","protected":false},"featured_media":1942,"template":"","meta":{"_acf_changed":false},"product_cat":[129],"product_tag":[],"class_list":{"0":"post-3117","1":"product","2":"type-product","3":"status-publish","4":"has-post-thumbnail","6":"product_cat-kreissaegeblaetter","8":"first","9":"instock","10":"sale","11":"taxable","12":"shipping-taxable","13":"purchasable","14":"product-type-variable"},"acf":[],"yoast_head":"<!-- This site is optimized with the Yoast SEO plugin v24.3 - https:\/\/yoast.com\/wordpress\/plugins\/seo\/ -->\n<title>TCT HM Hartmetall-Kreiss\u00e4geblatt - Wisent Machines<\/title>\n<meta name=\"description\" content=\"Wisent Hartmetall-Kreiss\u00e4geblatt f\u00fcr MC355 und Maschinen anderer Marken.\" \/>\n<meta name=\"robots\" content=\"index, follow, max-snippet:-1, max-image-preview:large, max-video-preview:-1\" \/>\n<link rel=\"canonical\" href=\"https:\/\/www.wisentmachines.nl\/de\/produkt\/tct-hm-kreissaegeblaetter\/\" \/>\n<meta property=\"og:locale\" content=\"de_DE\" \/>\n<meta property=\"og:type\" content=\"article\" \/>\n<meta property=\"og:title\" content=\"TCT HM Hartmetall-Kreiss\u00e4geblatt - Wisent Machines\" \/>\n<meta property=\"og:description\" content=\"Wisent Hartmetall-Kreiss\u00e4geblatt f\u00fcr MC355 und Maschinen anderer Marken.\" \/>\n<meta property=\"og:url\" content=\"https:\/\/www.wisentmachines.nl\/de\/produkt\/tct-hm-kreissaegeblaetter\/\" \/>\n<meta property=\"og:site_name\" content=\"Wisent Machines\" \/>\n<meta property=\"article:modified_time\" content=\"2023-04-28T12:09:23+00:00\" \/>\n<meta property=\"og:image\" content=\"https:\/\/www.wisentmachines.nl\/wp-content\/uploads\/2023\/02\/TCT-HM-cirkelzaagblad-1.png\" \/>\n\t<meta property=\"og:image:width\" content=\"500\" \/>\n\t<meta property=\"og:image:height\" content=\"500\" \/>\n\t<meta property=\"og:image:type\" content=\"image\/png\" \/>\n<meta name=\"twitter:card\" content=\"summary_large_image\" \/>\n<script type=\"application\/ld+json\" class=\"yoast-schema-graph\">{\"@context\":\"https:\/\/schema.org\",\"@graph\":[{\"@type\":\"WebPage\",\"@id\":\"https:\/\/www.wisentmachines.nl\/de\/produkt\/tct-hm-kreissaegeblaetter\/\",\"url\":\"https:\/\/www.wisentmachines.nl\/de\/produkt\/tct-hm-kreissaegeblaetter\/\",\"name\":\"TCT HM Hartmetall-Kreiss\u00e4geblatt - Wisent Machines\",\"isPartOf\":{\"@id\":\"https:\/\/www.wisentmachines.nl\/de\/#website\"},\"primaryImageOfPage\":{\"@id\":\"https:\/\/www.wisentmachines.nl\/de\/produkt\/tct-hm-kreissaegeblaetter\/#primaryimage\"},\"image\":{\"@id\":\"https:\/\/www.wisentmachines.nl\/de\/produkt\/tct-hm-kreissaegeblaetter\/#primaryimage\"},\"thumbnailUrl\":\"https:\/\/www.wisentmachines.nl\/wp-content\/uploads\/2023\/02\/TCT-HM-cirkelzaagblad-1.png\",\"datePublished\":\"2023-02-03T13:38:00+00:00\",\"dateModified\":\"2023-04-28T12:09:23+00:00\",\"description\":\"Wisent Hartmetall-Kreiss\u00e4geblatt f\u00fcr MC355 und Maschinen anderer Marken.\",\"breadcrumb\":{\"@id\":\"https:\/\/www.wisentmachines.nl\/de\/produkt\/tct-hm-kreissaegeblaetter\/#breadcrumb\"},\"inLanguage\":\"de\",\"potentialAction\":[{\"@type\":\"ReadAction\",\"target\":[\"https:\/\/www.wisentmachines.nl\/de\/produkt\/tct-hm-kreissaegeblaetter\/\"]}]},{\"@type\":\"ImageObject\",\"inLanguage\":\"de\",\"@id\":\"https:\/\/www.wisentmachines.nl\/de\/produkt\/tct-hm-kreissaegeblaetter\/#primaryimage\",\"url\":\"https:\/\/www.wisentmachines.nl\/wp-content\/uploads\/2023\/02\/TCT-HM-cirkelzaagblad-1.png\",\"contentUrl\":\"https:\/\/www.wisentmachines.nl\/wp-content\/uploads\/2023\/02\/TCT-HM-cirkelzaagblad-1.png\",\"width\":500,\"height\":500},{\"@type\":\"BreadcrumbList\",\"@id\":\"https:\/\/www.wisentmachines.nl\/de\/produkt\/tct-hm-kreissaegeblaetter\/#breadcrumb\",\"itemListElement\":[{\"@type\":\"ListItem\",\"position\":1,\"name\":\"Home\",\"item\":\"https:\/\/www.wisentmachines.nl\/de\/\"},{\"@type\":\"ListItem\",\"position\":2,\"name\":\"Angebot\",\"item\":\"https:\/\/www.wisentmachines.nl\/de\/angebot\/\"},{\"@type\":\"ListItem\",\"position\":3,\"name\":\"S\u00e4gen\",\"item\":\"https:\/\/www.wisentmachines.nl\/de\/produkt-kategorie\/saegen\/\"},{\"@type\":\"ListItem\",\"position\":4,\"name\":\"S\u00e4gebl\u00e4tter\",\"item\":\"https:\/\/www.wisentmachines.nl\/de\/produkt-kategorie\/saegen\/saegeblaetter\/\"},{\"@type\":\"ListItem\",\"position\":5,\"name\":\"Kreiss\u00e4gebl\u00e4tter\",\"item\":\"https:\/\/www.wisentmachines.nl\/de\/produkt-kategorie\/saegen\/saegeblaetter\/kreissaegeblaetter\/\"},{\"@type\":\"ListItem\",\"position\":6,\"name\":\"TCT HM\"}]},{\"@type\":\"WebSite\",\"@id\":\"https:\/\/www.wisentmachines.nl\/de\/#website\",\"url\":\"https:\/\/www.wisentmachines.nl\/de\/\",\"name\":\"Wisent Machines\",\"description\":\"\",\"potentialAction\":[{\"@type\":\"SearchAction\",\"target\":{\"@type\":\"EntryPoint\",\"urlTemplate\":\"https:\/\/www.wisentmachines.nl\/de\/?s={search_term_string}\"},\"query-input\":{\"@type\":\"PropertyValueSpecification\",\"valueRequired\":true,\"valueName\":\"search_term_string\"}}],\"inLanguage\":\"de\"}]}<\/script>\n<!-- \/ Yoast SEO plugin. -->","yoast_head_json":{"title":"TCT HM Hartmetall-Kreiss\u00e4geblatt - Wisent Machines","description":"Wisent Hartmetall-Kreiss\u00e4geblatt f\u00fcr MC355 und Maschinen anderer Marken.","robots":{"index":"index","follow":"follow","max-snippet":"max-snippet:-1","max-image-preview":"max-image-preview:large","max-video-preview":"max-video-preview:-1"},"canonical":"https:\/\/www.wisentmachines.nl\/de\/produkt\/tct-hm-kreissaegeblaetter\/","og_locale":"de_DE","og_type":"article","og_title":"TCT HM Hartmetall-Kreiss\u00e4geblatt - Wisent Machines","og_description":"Wisent Hartmetall-Kreiss\u00e4geblatt f\u00fcr MC355 und Maschinen anderer Marken.","og_url":"https:\/\/www.wisentmachines.nl\/de\/produkt\/tct-hm-kreissaegeblaetter\/","og_site_name":"Wisent Machines","article_modified_time":"2023-04-28T12:09:23+00:00","og_image":[{"width":500,"height":500,"url":"https:\/\/www.wisentmachines.nl\/wp-content\/uploads\/2023\/02\/TCT-HM-cirkelzaagblad-1.png","type":"image\/png"}],"twitter_card":"summary_large_image","schema":{"@context":"https:\/\/schema.org","@graph":[{"@type":"WebPage","@id":"https:\/\/www.wisentmachines.nl\/de\/produkt\/tct-hm-kreissaegeblaetter\/","url":"https:\/\/www.wisentmachines.nl\/de\/produkt\/tct-hm-kreissaegeblaetter\/","name":"TCT HM Hartmetall-Kreiss\u00e4geblatt - Wisent Machines","isPartOf":{"@id":"https:\/\/www.wisentmachines.nl\/de\/#website"},"primaryImageOfPage":{"@id":"https:\/\/www.wisentmachines.nl\/de\/produkt\/tct-hm-kreissaegeblaetter\/#primaryimage"},"image":{"@id":"https:\/\/www.wisentmachines.nl\/de\/produkt\/tct-hm-kreissaegeblaetter\/#primaryimage"},"thumbnailUrl":"https:\/\/www.wisentmachines.nl\/wp-content\/uploads\/2023\/02\/TCT-HM-cirkelzaagblad-1.png","datePublished":"2023-02-03T13:38:00+00:00","dateModified":"2023-04-28T12:09:23+00:00","description":"Wisent Hartmetall-Kreiss\u00e4geblatt f\u00fcr MC355 und Maschinen anderer Marken.","breadcrumb":{"@id":"https:\/\/www.wisentmachines.nl\/de\/produkt\/tct-hm-kreissaegeblaetter\/#breadcrumb"},"inLanguage":"de","potentialAction":[{"@type":"ReadAction","target":["https:\/\/www.wisentmachines.nl\/de\/produkt\/tct-hm-kreissaegeblaetter\/"]}]},{"@type":"ImageObject","inLanguage":"de","@id":"https:\/\/www.wisentmachines.nl\/de\/produkt\/tct-hm-kreissaegeblaetter\/#primaryimage","url":"https:\/\/www.wisentmachines.nl\/wp-content\/uploads\/2023\/02\/TCT-HM-cirkelzaagblad-1.png","contentUrl":"https:\/\/www.wisentmachines.nl\/wp-content\/uploads\/2023\/02\/TCT-HM-cirkelzaagblad-1.png","width":500,"height":500},{"@type":"BreadcrumbList","@id":"https:\/\/www.wisentmachines.nl\/de\/produkt\/tct-hm-kreissaegeblaetter\/#breadcrumb","itemListElement":[{"@type":"ListItem","position":1,"name":"Home","item":"https:\/\/www.wisentmachines.nl\/de\/"},{"@type":"ListItem","position":2,"name":"Angebot","item":"https:\/\/www.wisentmachines.nl\/de\/angebot\/"},{"@type":"ListItem","position":3,"name":"S\u00e4gen","item":"https:\/\/www.wisentmachines.nl\/de\/produkt-kategorie\/saegen\/"},{"@type":"ListItem","position":4,"name":"S\u00e4gebl\u00e4tter","item":"https:\/\/www.wisentmachines.nl\/de\/produkt-kategorie\/saegen\/saegeblaetter\/"},{"@type":"ListItem","position":5,"name":"Kreiss\u00e4gebl\u00e4tter","item":"https:\/\/www.wisentmachines.nl\/de\/produkt-kategorie\/saegen\/saegeblaetter\/kreissaegeblaetter\/"},{"@type":"ListItem","position":6,"name":"TCT HM"}]},{"@type":"WebSite","@id":"https:\/\/www.wisentmachines.nl\/de\/#website","url":"https:\/\/www.wisentmachines.nl\/de\/","name":"Wisent Machines","description":"","potentialAction":[{"@type":"SearchAction","target":{"@type":"EntryPoint","urlTemplate":"https:\/\/www.wisentmachines.nl\/de\/?s={search_term_string}"},"query-input":{"@type":"PropertyValueSpecification","valueRequired":true,"valueName":"search_term_string"}}],"inLanguage":"de"}]}},"_links":{"self":[{"href":"https:\/\/www.wisentmachines.nl\/de\/wp-json\/wp\/v2\/product\/3117","targetHints":{"allow":["GET"]}}],"collection":[{"href":"https:\/\/www.wisentmachines.nl\/de\/wp-json\/wp\/v2\/product"}],"about":[{"href":"https:\/\/www.wisentmachines.nl\/de\/wp-json\/wp\/v2\/types\/product"}],"wp:featuredmedia":[{"embeddable":true,"href":"https:\/\/www.wisentmachines.nl\/de\/wp-json\/wp\/v2\/media\/1942"}],"wp:attachment":[{"href":"https:\/\/www.wisentmachines.nl\/de\/wp-json\/wp\/v2\/media?parent=3117"}],"wp:term":[{"taxonomy":"product_cat","embeddable":true,"href":"https:\/\/www.wisentmachines.nl\/de\/wp-json\/wp\/v2\/product_cat?post=3117"},{"taxonomy":"product_tag","embeddable":true,"href":"https:\/\/www.wisentmachines.nl\/de\/wp-json\/wp\/v2\/product_tag?post=3117"}],"curies":[{"name":"wp","href":"https:\/\/api.w.org\/{rel}","templated":true}]}}