{"id":3123,"date":"2023-03-01T11:28:27","date_gmt":"2023-03-01T10:28:27","guid":{"rendered":"https:\/\/www.wisentmachines.nl\/product\/msd121-microdoseersysteem\/"},"modified":"2023-04-28T14:24:27","modified_gmt":"2023-04-28T12:24:27","slug":"msd121-microdoseersysteem","status":"publish","type":"product","link":"https:\/\/www.wisentmachines.nl\/de\/produkt\/msd121-microdoseersysteem\/","title":{"rendered":"MSD121"},"content":{"rendered":"<p>Das Wisent Mikrodosiersystem Typ MSD121 ist geeignet f\u00fcr Kreiss\u00e4gen, Bands\u00e4gen, S\u00e4ulenbohrmaschinen und andere Bearbeitungsmaschinen. Das Wisent-Mikrodosiersystem sorgt f\u00fcr die richtige Dosierung des Schmier\u00f6ls auf S\u00e4geblatt, Bohrer oder anderem Werkzeug. Der minimale Einsatz von Schmier\u00f6l macht das System umweltfreundlich und gew\u00e4hrleistet eine \u201etrockene\u201c Bearbeitung. Sparsam in Gebrauch und Verarbeitung, ideal zum S\u00e4gen von Rohren und Profilen. Preis ohne Installation.<\/p>\n<p><strong>Vervollst\u00e4ndigen mit:<\/strong><\/p>\n<ul>\n<li>2 x doppelter 3,5-Meter-Lichtschlauch (\u00d6l und Luft)<\/li>\n<li>Orion-Druckluftanschluss<\/li>\n<li>Magnetspule 24Volt\/DC (oder optional)<\/li>\n<li>Gabeld\u00fcse f\u00fcr Bands\u00e4gemaschine<\/li>\n<\/ul>\n<p><strong>Optionen und Zubeh\u00f6r:<\/strong><\/p>\n<ul>\n<li>Mikrodosier\u00f6l, Dose mit 5 Litern<\/li>\n<li>Wahlschalter Mikrodosiersystem\/K\u00fchlpumpe<\/li>\n<li>Montage an der Maschine<\/li>\n<li>Spezielle D\u00fcsen<\/li>\n<li>Kugelabsperrventile<\/li>\n<li>Metallummantelter Luftschlauch<\/li>\n<li>F\u00fcllstandssensor<\/li>\n<li>Geschlossenes Modell mit Druckregler und Wasserabscheider<\/li>\n<\/ul>\n","protected":false},"excerpt":{"rendered":"Das Wisent Mikrodosiersystem Typ MSD121 ist geeignet f\u00fcr Kreiss\u00e4gen, Bands\u00e4gen, S\u00e4ulenbohrmaschinen und andere Bearbeitungsmaschinen.","protected":false},"featured_media":2027,"template":"","meta":{"_acf_changed":false},"product_cat":[130],"product_tag":[],"class_list":{"0":"post-3123","1":"product","2":"type-product","3":"status-publish","4":"has-post-thumbnail","6":"product_cat-zubehoer","8":"first","9":"instock","10":"taxable","11":"shipping-taxable","12":"purchasable","13":"product-type-simple"},"acf":[],"yoast_head":"<!-- This site is optimized with the Yoast SEO plugin v24.3 - https:\/\/yoast.com\/wordpress\/plugins\/seo\/ -->\n<title>MSD121 Mikrodosiersystem - Wisent Machines<\/title>\n<meta name=\"description\" content=\"Das Wisent Mikrodosiersystem Typ MSD121 ist geeignet f\u00fcr Kreiss\u00e4gen, Bands\u00e4gen, S\u00e4ulenbohrmaschinen und andere Bearbeitungsmaschinen.\" \/>\n<meta name=\"robots\" content=\"index, follow, max-snippet:-1, max-image-preview:large, max-video-preview:-1\" \/>\n<link rel=\"canonical\" href=\"https:\/\/www.wisentmachines.nl\/de\/produkt\/msd121-microdoseersysteem\/\" \/>\n<meta property=\"og:locale\" content=\"de_DE\" \/>\n<meta property=\"og:type\" content=\"article\" \/>\n<meta property=\"og:title\" content=\"MSD121 Mikrodosiersystem - Wisent Machines\" \/>\n<meta property=\"og:description\" content=\"Das Wisent Mikrodosiersystem Typ MSD121 ist geeignet f\u00fcr Kreiss\u00e4gen, Bands\u00e4gen, S\u00e4ulenbohrmaschinen und andere Bearbeitungsmaschinen.\" \/>\n<meta property=\"og:url\" content=\"https:\/\/www.wisentmachines.nl\/de\/produkt\/msd121-microdoseersysteem\/\" \/>\n<meta property=\"og:site_name\" content=\"Wisent Machines\" \/>\n<meta property=\"article:modified_time\" content=\"2023-04-28T12:24:27+00:00\" \/>\n<meta property=\"og:image\" content=\"https:\/\/www.wisentmachines.nl\/wp-content\/uploads\/2023\/03\/msd121.jpg\" \/>\n\t<meta property=\"og:image:width\" content=\"1000\" \/>\n\t<meta property=\"og:image:height\" content=\"1000\" \/>\n\t<meta property=\"og:image:type\" content=\"image\/jpeg\" \/>\n<meta name=\"twitter:card\" content=\"summary_large_image\" \/>\n<meta name=\"twitter:label1\" content=\"Gesch\u00e4tzte Lesezeit\" \/>\n\t<meta name=\"twitter:data1\" content=\"1\u00a0Minute\" \/>\n<script type=\"application\/ld+json\" class=\"yoast-schema-graph\">{\"@context\":\"https:\/\/schema.org\",\"@graph\":[{\"@type\":\"WebPage\",\"@id\":\"https:\/\/www.wisentmachines.nl\/de\/produkt\/msd121-microdoseersysteem\/\",\"url\":\"https:\/\/www.wisentmachines.nl\/de\/produkt\/msd121-microdoseersysteem\/\",\"name\":\"MSD121 Mikrodosiersystem - Wisent Machines\",\"isPartOf\":{\"@id\":\"https:\/\/www.wisentmachines.nl\/de\/#website\"},\"primaryImageOfPage\":{\"@id\":\"https:\/\/www.wisentmachines.nl\/de\/produkt\/msd121-microdoseersysteem\/#primaryimage\"},\"image\":{\"@id\":\"https:\/\/www.wisentmachines.nl\/de\/produkt\/msd121-microdoseersysteem\/#primaryimage\"},\"thumbnailUrl\":\"https:\/\/www.wisentmachines.nl\/wp-content\/uploads\/2023\/03\/msd121.jpg\",\"datePublished\":\"2023-03-01T10:28:27+00:00\",\"dateModified\":\"2023-04-28T12:24:27+00:00\",\"description\":\"Das Wisent Mikrodosiersystem Typ MSD121 ist geeignet f\u00fcr Kreiss\u00e4gen, Bands\u00e4gen, S\u00e4ulenbohrmaschinen und andere Bearbeitungsmaschinen.\",\"breadcrumb\":{\"@id\":\"https:\/\/www.wisentmachines.nl\/de\/produkt\/msd121-microdoseersysteem\/#breadcrumb\"},\"inLanguage\":\"de\",\"potentialAction\":[{\"@type\":\"ReadAction\",\"target\":[\"https:\/\/www.wisentmachines.nl\/de\/produkt\/msd121-microdoseersysteem\/\"]}]},{\"@type\":\"ImageObject\",\"inLanguage\":\"de\",\"@id\":\"https:\/\/www.wisentmachines.nl\/de\/produkt\/msd121-microdoseersysteem\/#primaryimage\",\"url\":\"https:\/\/www.wisentmachines.nl\/wp-content\/uploads\/2023\/03\/msd121.jpg\",\"contentUrl\":\"https:\/\/www.wisentmachines.nl\/wp-content\/uploads\/2023\/03\/msd121.jpg\",\"width\":1000,\"height\":1000},{\"@type\":\"BreadcrumbList\",\"@id\":\"https:\/\/www.wisentmachines.nl\/de\/produkt\/msd121-microdoseersysteem\/#breadcrumb\",\"itemListElement\":[{\"@type\":\"ListItem\",\"position\":1,\"name\":\"Home\",\"item\":\"https:\/\/www.wisentmachines.nl\/de\/\"},{\"@type\":\"ListItem\",\"position\":2,\"name\":\"Angebot\",\"item\":\"https:\/\/www.wisentmachines.nl\/de\/angebot\/\"},{\"@type\":\"ListItem\",\"position\":3,\"name\":\"S\u00e4gen\",\"item\":\"https:\/\/www.wisentmachines.nl\/de\/produkt-kategorie\/saegen\/\"},{\"@type\":\"ListItem\",\"position\":4,\"name\":\"Zubeh\u00f6r\",\"item\":\"https:\/\/www.wisentmachines.nl\/de\/produkt-kategorie\/saegen\/zubehoer\/\"},{\"@type\":\"ListItem\",\"position\":5,\"name\":\"MSD121\"}]},{\"@type\":\"WebSite\",\"@id\":\"https:\/\/www.wisentmachines.nl\/de\/#website\",\"url\":\"https:\/\/www.wisentmachines.nl\/de\/\",\"name\":\"Wisent Machines\",\"description\":\"\",\"potentialAction\":[{\"@type\":\"SearchAction\",\"target\":{\"@type\":\"EntryPoint\",\"urlTemplate\":\"https:\/\/www.wisentmachines.nl\/de\/?s={search_term_string}\"},\"query-input\":{\"@type\":\"PropertyValueSpecification\",\"valueRequired\":true,\"valueName\":\"search_term_string\"}}],\"inLanguage\":\"de\"}]}<\/script>\n<!-- \/ Yoast SEO plugin. -->","yoast_head_json":{"title":"MSD121 Mikrodosiersystem - Wisent Machines","description":"Das Wisent Mikrodosiersystem Typ MSD121 ist geeignet f\u00fcr Kreiss\u00e4gen, Bands\u00e4gen, S\u00e4ulenbohrmaschinen und andere Bearbeitungsmaschinen.","robots":{"index":"index","follow":"follow","max-snippet":"max-snippet:-1","max-image-preview":"max-image-preview:large","max-video-preview":"max-video-preview:-1"},"canonical":"https:\/\/www.wisentmachines.nl\/de\/produkt\/msd121-microdoseersysteem\/","og_locale":"de_DE","og_type":"article","og_title":"MSD121 Mikrodosiersystem - Wisent Machines","og_description":"Das Wisent Mikrodosiersystem Typ MSD121 ist geeignet f\u00fcr Kreiss\u00e4gen, Bands\u00e4gen, S\u00e4ulenbohrmaschinen und andere Bearbeitungsmaschinen.","og_url":"https:\/\/www.wisentmachines.nl\/de\/produkt\/msd121-microdoseersysteem\/","og_site_name":"Wisent Machines","article_modified_time":"2023-04-28T12:24:27+00:00","og_image":[{"width":1000,"height":1000,"url":"https:\/\/www.wisentmachines.nl\/wp-content\/uploads\/2023\/03\/msd121.jpg","type":"image\/jpeg"}],"twitter_card":"summary_large_image","twitter_misc":{"Gesch\u00e4tzte Lesezeit":"1\u00a0Minute"},"schema":{"@context":"https:\/\/schema.org","@graph":[{"@type":"WebPage","@id":"https:\/\/www.wisentmachines.nl\/de\/produkt\/msd121-microdoseersysteem\/","url":"https:\/\/www.wisentmachines.nl\/de\/produkt\/msd121-microdoseersysteem\/","name":"MSD121 Mikrodosiersystem - Wisent Machines","isPartOf":{"@id":"https:\/\/www.wisentmachines.nl\/de\/#website"},"primaryImageOfPage":{"@id":"https:\/\/www.wisentmachines.nl\/de\/produkt\/msd121-microdoseersysteem\/#primaryimage"},"image":{"@id":"https:\/\/www.wisentmachines.nl\/de\/produkt\/msd121-microdoseersysteem\/#primaryimage"},"thumbnailUrl":"https:\/\/www.wisentmachines.nl\/wp-content\/uploads\/2023\/03\/msd121.jpg","datePublished":"2023-03-01T10:28:27+00:00","dateModified":"2023-04-28T12:24:27+00:00","description":"Das Wisent Mikrodosiersystem Typ MSD121 ist geeignet f\u00fcr Kreiss\u00e4gen, Bands\u00e4gen, S\u00e4ulenbohrmaschinen und andere Bearbeitungsmaschinen.","breadcrumb":{"@id":"https:\/\/www.wisentmachines.nl\/de\/produkt\/msd121-microdoseersysteem\/#breadcrumb"},"inLanguage":"de","potentialAction":[{"@type":"ReadAction","target":["https:\/\/www.wisentmachines.nl\/de\/produkt\/msd121-microdoseersysteem\/"]}]},{"@type":"ImageObject","inLanguage":"de","@id":"https:\/\/www.wisentmachines.nl\/de\/produkt\/msd121-microdoseersysteem\/#primaryimage","url":"https:\/\/www.wisentmachines.nl\/wp-content\/uploads\/2023\/03\/msd121.jpg","contentUrl":"https:\/\/www.wisentmachines.nl\/wp-content\/uploads\/2023\/03\/msd121.jpg","width":1000,"height":1000},{"@type":"BreadcrumbList","@id":"https:\/\/www.wisentmachines.nl\/de\/produkt\/msd121-microdoseersysteem\/#breadcrumb","itemListElement":[{"@type":"ListItem","position":1,"name":"Home","item":"https:\/\/www.wisentmachines.nl\/de\/"},{"@type":"ListItem","position":2,"name":"Angebot","item":"https:\/\/www.wisentmachines.nl\/de\/angebot\/"},{"@type":"ListItem","position":3,"name":"S\u00e4gen","item":"https:\/\/www.wisentmachines.nl\/de\/produkt-kategorie\/saegen\/"},{"@type":"ListItem","position":4,"name":"Zubeh\u00f6r","item":"https:\/\/www.wisentmachines.nl\/de\/produkt-kategorie\/saegen\/zubehoer\/"},{"@type":"ListItem","position":5,"name":"MSD121"}]},{"@type":"WebSite","@id":"https:\/\/www.wisentmachines.nl\/de\/#website","url":"https:\/\/www.wisentmachines.nl\/de\/","name":"Wisent Machines","description":"","potentialAction":[{"@type":"SearchAction","target":{"@type":"EntryPoint","urlTemplate":"https:\/\/www.wisentmachines.nl\/de\/?s={search_term_string}"},"query-input":{"@type":"PropertyValueSpecification","valueRequired":true,"valueName":"search_term_string"}}],"inLanguage":"de"}]}},"_links":{"self":[{"href":"https:\/\/www.wisentmachines.nl\/de\/wp-json\/wp\/v2\/product\/3123","targetHints":{"allow":["GET"]}}],"collection":[{"href":"https:\/\/www.wisentmachines.nl\/de\/wp-json\/wp\/v2\/product"}],"about":[{"href":"https:\/\/www.wisentmachines.nl\/de\/wp-json\/wp\/v2\/types\/product"}],"wp:featuredmedia":[{"embeddable":true,"href":"https:\/\/www.wisentmachines.nl\/de\/wp-json\/wp\/v2\/media\/2027"}],"wp:attachment":[{"href":"https:\/\/www.wisentmachines.nl\/de\/wp-json\/wp\/v2\/media?parent=3123"}],"wp:term":[{"taxonomy":"product_cat","embeddable":true,"href":"https:\/\/www.wisentmachines.nl\/de\/wp-json\/wp\/v2\/product_cat?post=3123"},{"taxonomy":"product_tag","embeddable":true,"href":"https:\/\/www.wisentmachines.nl\/de\/wp-json\/wp\/v2\/product_tag?post=3123"}],"curies":[{"name":"wp","href":"https:\/\/api.w.org\/{rel}","templated":true}]}}