{"id":3144,"date":"2023-03-13T14:17:49","date_gmt":"2023-03-13T13:17:49","guid":{"rendered":"https:\/\/www.wisentmachines.nl\/product\/magneetstick\/"},"modified":"2023-05-02T09:18:00","modified_gmt":"2023-05-02T07:18:00","slug":"wisent-magnetstab","status":"publish","type":"product","link":"https:\/\/www.wisentmachines.nl\/de\/produkt\/wisent-magnetstab\/","title":{"rendered":"Magnetstab"},"content":{"rendered":"<p>Der Wisent Magnetstab nimmt m\u00fchelos magnetisch alle Chips von Ihrem Arbeitsplatz auf, auch an schwer zug\u00e4nglichen Stellen. Das Aufnehmen der Sp\u00e4ne erfolgt durch die magnetische Oberfl\u00e4che des Entferners. Die Entnahme der Sp\u00e4ne erfolgt \u00fcber den Hebel, der daf\u00fcr sorgt, dass der Stick entmagnetisiert wird.<\/p>\n","protected":false},"excerpt":{"rendered":"Der Wisent Magnetstab nimmt m\u00fchelos magnetisch alle Chips von Ihrem Arbeitsplatz auf, auch an schwer zug\u00e4nglichen Stellen.","protected":false},"featured_media":2089,"template":"","meta":{"_acf_changed":false},"product_cat":[134],"product_tag":[],"class_list":{"0":"post-3144","1":"product","2":"type-product","3":"status-publish","4":"has-post-thumbnail","6":"product_cat-zubehoer-de","8":"first","9":"instock","10":"sale","11":"taxable","12":"shipping-taxable","13":"purchasable","14":"product-type-simple"},"acf":[],"yoast_head":"<!-- This site is optimized with the Yoast SEO plugin v24.3 - https:\/\/yoast.com\/wordpress\/plugins\/seo\/ -->\n<title>Wisent Magnetstab - Wisent Machines<\/title>\n<meta name=\"description\" content=\"Der Wisent Magnetstab nimmt m\u00fchelos magnetisch alle Chips von Ihrem Arbeitsplatz auf, auch an schwer zug\u00e4nglichen Stellen.\" \/>\n<meta name=\"robots\" content=\"index, follow, max-snippet:-1, max-image-preview:large, max-video-preview:-1\" \/>\n<link rel=\"canonical\" href=\"https:\/\/www.wisentmachines.nl\/de\/produkt\/wisent-magnetstab\/\" \/>\n<meta property=\"og:locale\" content=\"de_DE\" \/>\n<meta property=\"og:type\" content=\"article\" \/>\n<meta property=\"og:title\" content=\"Wisent Magnetstab - Wisent Machines\" \/>\n<meta property=\"og:description\" content=\"Der Wisent Magnetstab nimmt m\u00fchelos magnetisch alle Chips von Ihrem Arbeitsplatz auf, auch an schwer zug\u00e4nglichen Stellen.\" \/>\n<meta property=\"og:url\" content=\"https:\/\/www.wisentmachines.nl\/de\/produkt\/wisent-magnetstab\/\" \/>\n<meta property=\"og:site_name\" content=\"Wisent Machines\" \/>\n<meta property=\"article:modified_time\" content=\"2023-05-02T07:18:00+00:00\" \/>\n<meta property=\"og:image\" content=\"https:\/\/www.wisentmachines.nl\/wp-content\/uploads\/2023\/03\/magneetstick-1.png\" \/>\n\t<meta property=\"og:image:width\" content=\"930\" \/>\n\t<meta property=\"og:image:height\" content=\"511\" \/>\n\t<meta property=\"og:image:type\" content=\"image\/png\" \/>\n<meta name=\"twitter:card\" content=\"summary_large_image\" \/>\n<meta name=\"twitter:label1\" content=\"Gesch\u00e4tzte Lesezeit\" \/>\n\t<meta name=\"twitter:data1\" content=\"1\u00a0Minute\" \/>\n<script type=\"application\/ld+json\" class=\"yoast-schema-graph\">{\"@context\":\"https:\/\/schema.org\",\"@graph\":[{\"@type\":\"WebPage\",\"@id\":\"https:\/\/www.wisentmachines.nl\/de\/produkt\/wisent-magnetstab\/\",\"url\":\"https:\/\/www.wisentmachines.nl\/de\/produkt\/wisent-magnetstab\/\",\"name\":\"Wisent Magnetstab - Wisent Machines\",\"isPartOf\":{\"@id\":\"https:\/\/www.wisentmachines.nl\/de\/#website\"},\"primaryImageOfPage\":{\"@id\":\"https:\/\/www.wisentmachines.nl\/de\/produkt\/wisent-magnetstab\/#primaryimage\"},\"image\":{\"@id\":\"https:\/\/www.wisentmachines.nl\/de\/produkt\/wisent-magnetstab\/#primaryimage\"},\"thumbnailUrl\":\"https:\/\/www.wisentmachines.nl\/wp-content\/uploads\/2023\/03\/magneetstick-1.png\",\"datePublished\":\"2023-03-13T13:17:49+00:00\",\"dateModified\":\"2023-05-02T07:18:00+00:00\",\"description\":\"Der Wisent Magnetstab nimmt m\u00fchelos magnetisch alle Chips von Ihrem Arbeitsplatz auf, auch an schwer zug\u00e4nglichen Stellen.\",\"breadcrumb\":{\"@id\":\"https:\/\/www.wisentmachines.nl\/de\/produkt\/wisent-magnetstab\/#breadcrumb\"},\"inLanguage\":\"de\",\"potentialAction\":[{\"@type\":\"ReadAction\",\"target\":[\"https:\/\/www.wisentmachines.nl\/de\/produkt\/wisent-magnetstab\/\"]}]},{\"@type\":\"ImageObject\",\"inLanguage\":\"de\",\"@id\":\"https:\/\/www.wisentmachines.nl\/de\/produkt\/wisent-magnetstab\/#primaryimage\",\"url\":\"https:\/\/www.wisentmachines.nl\/wp-content\/uploads\/2023\/03\/magneetstick-1.png\",\"contentUrl\":\"https:\/\/www.wisentmachines.nl\/wp-content\/uploads\/2023\/03\/magneetstick-1.png\",\"width\":930,\"height\":511},{\"@type\":\"BreadcrumbList\",\"@id\":\"https:\/\/www.wisentmachines.nl\/de\/produkt\/wisent-magnetstab\/#breadcrumb\",\"itemListElement\":[{\"@type\":\"ListItem\",\"position\":1,\"name\":\"Home\",\"item\":\"https:\/\/www.wisentmachines.nl\/de\/\"},{\"@type\":\"ListItem\",\"position\":2,\"name\":\"Angebot\",\"item\":\"https:\/\/www.wisentmachines.nl\/de\/angebot\/\"},{\"@type\":\"ListItem\",\"position\":3,\"name\":\"Bohren\",\"item\":\"https:\/\/www.wisentmachines.nl\/de\/produkt-kategorie\/bohren\/\"},{\"@type\":\"ListItem\",\"position\":4,\"name\":\"Kernbohrmaschinen\",\"item\":\"https:\/\/www.wisentmachines.nl\/de\/produkt-kategorie\/bohren\/kernbohrmaschinen\/\"},{\"@type\":\"ListItem\",\"position\":5,\"name\":\"Zubeh\u00f6r\",\"item\":\"https:\/\/www.wisentmachines.nl\/de\/produkt-kategorie\/bohren\/kernbohrmaschinen\/zubehoer-de\/\"},{\"@type\":\"ListItem\",\"position\":6,\"name\":\"Magnetstab\"}]},{\"@type\":\"WebSite\",\"@id\":\"https:\/\/www.wisentmachines.nl\/de\/#website\",\"url\":\"https:\/\/www.wisentmachines.nl\/de\/\",\"name\":\"Wisent Machines\",\"description\":\"\",\"potentialAction\":[{\"@type\":\"SearchAction\",\"target\":{\"@type\":\"EntryPoint\",\"urlTemplate\":\"https:\/\/www.wisentmachines.nl\/de\/?s={search_term_string}\"},\"query-input\":{\"@type\":\"PropertyValueSpecification\",\"valueRequired\":true,\"valueName\":\"search_term_string\"}}],\"inLanguage\":\"de\"}]}<\/script>\n<!-- \/ Yoast SEO plugin. -->","yoast_head_json":{"title":"Wisent Magnetstab - Wisent Machines","description":"Der Wisent Magnetstab nimmt m\u00fchelos magnetisch alle Chips von Ihrem Arbeitsplatz auf, auch an schwer zug\u00e4nglichen Stellen.","robots":{"index":"index","follow":"follow","max-snippet":"max-snippet:-1","max-image-preview":"max-image-preview:large","max-video-preview":"max-video-preview:-1"},"canonical":"https:\/\/www.wisentmachines.nl\/de\/produkt\/wisent-magnetstab\/","og_locale":"de_DE","og_type":"article","og_title":"Wisent Magnetstab - Wisent Machines","og_description":"Der Wisent Magnetstab nimmt m\u00fchelos magnetisch alle Chips von Ihrem Arbeitsplatz auf, auch an schwer zug\u00e4nglichen Stellen.","og_url":"https:\/\/www.wisentmachines.nl\/de\/produkt\/wisent-magnetstab\/","og_site_name":"Wisent Machines","article_modified_time":"2023-05-02T07:18:00+00:00","og_image":[{"width":930,"height":511,"url":"https:\/\/www.wisentmachines.nl\/wp-content\/uploads\/2023\/03\/magneetstick-1.png","type":"image\/png"}],"twitter_card":"summary_large_image","twitter_misc":{"Gesch\u00e4tzte Lesezeit":"1\u00a0Minute"},"schema":{"@context":"https:\/\/schema.org","@graph":[{"@type":"WebPage","@id":"https:\/\/www.wisentmachines.nl\/de\/produkt\/wisent-magnetstab\/","url":"https:\/\/www.wisentmachines.nl\/de\/produkt\/wisent-magnetstab\/","name":"Wisent Magnetstab - Wisent Machines","isPartOf":{"@id":"https:\/\/www.wisentmachines.nl\/de\/#website"},"primaryImageOfPage":{"@id":"https:\/\/www.wisentmachines.nl\/de\/produkt\/wisent-magnetstab\/#primaryimage"},"image":{"@id":"https:\/\/www.wisentmachines.nl\/de\/produkt\/wisent-magnetstab\/#primaryimage"},"thumbnailUrl":"https:\/\/www.wisentmachines.nl\/wp-content\/uploads\/2023\/03\/magneetstick-1.png","datePublished":"2023-03-13T13:17:49+00:00","dateModified":"2023-05-02T07:18:00+00:00","description":"Der Wisent Magnetstab nimmt m\u00fchelos magnetisch alle Chips von Ihrem Arbeitsplatz auf, auch an schwer zug\u00e4nglichen Stellen.","breadcrumb":{"@id":"https:\/\/www.wisentmachines.nl\/de\/produkt\/wisent-magnetstab\/#breadcrumb"},"inLanguage":"de","potentialAction":[{"@type":"ReadAction","target":["https:\/\/www.wisentmachines.nl\/de\/produkt\/wisent-magnetstab\/"]}]},{"@type":"ImageObject","inLanguage":"de","@id":"https:\/\/www.wisentmachines.nl\/de\/produkt\/wisent-magnetstab\/#primaryimage","url":"https:\/\/www.wisentmachines.nl\/wp-content\/uploads\/2023\/03\/magneetstick-1.png","contentUrl":"https:\/\/www.wisentmachines.nl\/wp-content\/uploads\/2023\/03\/magneetstick-1.png","width":930,"height":511},{"@type":"BreadcrumbList","@id":"https:\/\/www.wisentmachines.nl\/de\/produkt\/wisent-magnetstab\/#breadcrumb","itemListElement":[{"@type":"ListItem","position":1,"name":"Home","item":"https:\/\/www.wisentmachines.nl\/de\/"},{"@type":"ListItem","position":2,"name":"Angebot","item":"https:\/\/www.wisentmachines.nl\/de\/angebot\/"},{"@type":"ListItem","position":3,"name":"Bohren","item":"https:\/\/www.wisentmachines.nl\/de\/produkt-kategorie\/bohren\/"},{"@type":"ListItem","position":4,"name":"Kernbohrmaschinen","item":"https:\/\/www.wisentmachines.nl\/de\/produkt-kategorie\/bohren\/kernbohrmaschinen\/"},{"@type":"ListItem","position":5,"name":"Zubeh\u00f6r","item":"https:\/\/www.wisentmachines.nl\/de\/produkt-kategorie\/bohren\/kernbohrmaschinen\/zubehoer-de\/"},{"@type":"ListItem","position":6,"name":"Magnetstab"}]},{"@type":"WebSite","@id":"https:\/\/www.wisentmachines.nl\/de\/#website","url":"https:\/\/www.wisentmachines.nl\/de\/","name":"Wisent Machines","description":"","potentialAction":[{"@type":"SearchAction","target":{"@type":"EntryPoint","urlTemplate":"https:\/\/www.wisentmachines.nl\/de\/?s={search_term_string}"},"query-input":{"@type":"PropertyValueSpecification","valueRequired":true,"valueName":"search_term_string"}}],"inLanguage":"de"}]}},"_links":{"self":[{"href":"https:\/\/www.wisentmachines.nl\/de\/wp-json\/wp\/v2\/product\/3144","targetHints":{"allow":["GET"]}}],"collection":[{"href":"https:\/\/www.wisentmachines.nl\/de\/wp-json\/wp\/v2\/product"}],"about":[{"href":"https:\/\/www.wisentmachines.nl\/de\/wp-json\/wp\/v2\/types\/product"}],"wp:featuredmedia":[{"embeddable":true,"href":"https:\/\/www.wisentmachines.nl\/de\/wp-json\/wp\/v2\/media\/2089"}],"wp:attachment":[{"href":"https:\/\/www.wisentmachines.nl\/de\/wp-json\/wp\/v2\/media?parent=3144"}],"wp:term":[{"taxonomy":"product_cat","embeddable":true,"href":"https:\/\/www.wisentmachines.nl\/de\/wp-json\/wp\/v2\/product_cat?post=3144"},{"taxonomy":"product_tag","embeddable":true,"href":"https:\/\/www.wisentmachines.nl\/de\/wp-json\/wp\/v2\/product_tag?post=3144"}],"curies":[{"name":"wp","href":"https:\/\/api.w.org\/{rel}","templated":true}]}}