{"id":3609,"date":"2023-02-17T11:46:24","date_gmt":"2023-02-17T10:46:24","guid":{"rendered":"https:\/\/www.wisentmachines.nl\/product\/kernboor-hm-35l\/"},"modified":"2023-05-03T14:41:28","modified_gmt":"2023-05-03T12:41:28","slug":"kernboor-hm-35l","status":"publish","type":"product","link":"https:\/\/www.wisentmachines.nl\/de\/produkt\/kernboor-hm-35l\/","title":{"rendered":"HM 35L"},"content":{"rendered":"<p>Wisent Hartmetall-Kernbohrer mit einer Bohrtiefe von 35 mm. Die Kernbohrer sind zur optimalen Spanabfuhr mit einer konischen Spirale in den W\u00e4nden ausgestattet. Dadurch ist ein Verklemmen des Bohrers ausgeschlossen. Die geh\u00e4rteten Wolframcarbid-Z\u00e4hne mit der Micro-Grade-Schneidfl\u00e4che sorgen f\u00fcr eine lange Standzeit.<\/p>\n<p>Die Wisent Kernbohrmaschinen sind standardm\u00e4\u00dfig mit 2 Aufnahmen ausgestattet:<br \/>\n&#8211; Kernbohrer \u00d8 12 &#8211; 60 mm haben einen &#8222;Weldon 19mm&#8220; und einen &#8222;One-Touch&#8220; Schaft.<\/p>\n<p>F\u00fcr alle anderen Auszahlungen kontaktieren Sie uns bitte f\u00fcr abgelaufene, kontaktieren Sie uns bitte f\u00fcr weitere Informationen.<\/p>\n","protected":false},"excerpt":{"rendered":"Wisent Hartmetall-Kernbohrer mit einer Bohrtiefe von 35 mm. Die Kernbohrer sind zur optimalen Spanabfuhr mit einer konischen Spirale in den W\u00e4nden ausgestattet.","protected":false},"featured_media":1985,"template":"","meta":{"_acf_changed":false},"product_cat":[137],"product_tag":[],"class_list":{"0":"post-3609","1":"product","2":"type-product","3":"status-publish","4":"has-post-thumbnail","6":"product_cat-kernbohrer","8":"first","9":"instock","10":"taxable","11":"shipping-taxable","12":"purchasable","13":"product-type-variable"},"acf":[],"yoast_head":"<!-- This site is optimized with the Yoast SEO plugin v24.3 - https:\/\/yoast.com\/wordpress\/plugins\/seo\/ -->\n<title>Wisent HM 35L Kernbohrer - Wisent Machines<\/title>\n<meta name=\"description\" content=\"Wisent-Kernbohrer HM 35L mit konischer Spirale in den W\u00e4nden und geh\u00e4rteten Hartmetallz\u00e4hnen mit Micro-Grade-Schneidfl\u00e4che.\" \/>\n<meta name=\"robots\" content=\"index, follow, max-snippet:-1, max-image-preview:large, max-video-preview:-1\" \/>\n<link rel=\"canonical\" href=\"https:\/\/www.wisentmachines.nl\/de\/produkt\/kernboor-hm-35l\/\" \/>\n<meta property=\"og:locale\" content=\"de_DE\" \/>\n<meta property=\"og:type\" content=\"article\" \/>\n<meta property=\"og:title\" content=\"Wisent HM 35L Kernbohrer - Wisent Machines\" \/>\n<meta property=\"og:description\" content=\"Wisent-Kernbohrer HM 35L mit konischer Spirale in den W\u00e4nden und geh\u00e4rteten Hartmetallz\u00e4hnen mit Micro-Grade-Schneidfl\u00e4che.\" \/>\n<meta property=\"og:url\" content=\"https:\/\/www.wisentmachines.nl\/de\/produkt\/kernboor-hm-35l\/\" \/>\n<meta property=\"og:site_name\" content=\"Wisent Machines\" \/>\n<meta property=\"article:modified_time\" content=\"2023-05-03T12:41:28+00:00\" \/>\n<meta property=\"og:image\" content=\"https:\/\/www.wisentmachines.nl\/wp-content\/uploads\/2023\/02\/HM35L-1.png\" \/>\n\t<meta property=\"og:image:width\" content=\"1000\" \/>\n\t<meta property=\"og:image:height\" content=\"1000\" \/>\n\t<meta property=\"og:image:type\" content=\"image\/png\" \/>\n<meta name=\"twitter:card\" content=\"summary_large_image\" \/>\n<meta name=\"twitter:label1\" content=\"Gesch\u00e4tzte Lesezeit\" \/>\n\t<meta name=\"twitter:data1\" content=\"1\u00a0Minute\" \/>\n<script type=\"application\/ld+json\" class=\"yoast-schema-graph\">{\"@context\":\"https:\/\/schema.org\",\"@graph\":[{\"@type\":\"WebPage\",\"@id\":\"https:\/\/www.wisentmachines.nl\/de\/produkt\/kernboor-hm-35l\/\",\"url\":\"https:\/\/www.wisentmachines.nl\/de\/produkt\/kernboor-hm-35l\/\",\"name\":\"Wisent HM 35L Kernbohrer - Wisent Machines\",\"isPartOf\":{\"@id\":\"https:\/\/www.wisentmachines.nl\/de\/#website\"},\"primaryImageOfPage\":{\"@id\":\"https:\/\/www.wisentmachines.nl\/de\/produkt\/kernboor-hm-35l\/#primaryimage\"},\"image\":{\"@id\":\"https:\/\/www.wisentmachines.nl\/de\/produkt\/kernboor-hm-35l\/#primaryimage\"},\"thumbnailUrl\":\"https:\/\/www.wisentmachines.nl\/wp-content\/uploads\/2023\/02\/HM35L-1.png\",\"datePublished\":\"2023-02-17T10:46:24+00:00\",\"dateModified\":\"2023-05-03T12:41:28+00:00\",\"description\":\"Wisent-Kernbohrer HM 35L mit konischer Spirale in den W\u00e4nden und geh\u00e4rteten Hartmetallz\u00e4hnen mit Micro-Grade-Schneidfl\u00e4che.\",\"breadcrumb\":{\"@id\":\"https:\/\/www.wisentmachines.nl\/de\/produkt\/kernboor-hm-35l\/#breadcrumb\"},\"inLanguage\":\"de\",\"potentialAction\":[{\"@type\":\"ReadAction\",\"target\":[\"https:\/\/www.wisentmachines.nl\/de\/produkt\/kernboor-hm-35l\/\"]}]},{\"@type\":\"ImageObject\",\"inLanguage\":\"de\",\"@id\":\"https:\/\/www.wisentmachines.nl\/de\/produkt\/kernboor-hm-35l\/#primaryimage\",\"url\":\"https:\/\/www.wisentmachines.nl\/wp-content\/uploads\/2023\/02\/HM35L-1.png\",\"contentUrl\":\"https:\/\/www.wisentmachines.nl\/wp-content\/uploads\/2023\/02\/HM35L-1.png\",\"width\":1000,\"height\":1000},{\"@type\":\"BreadcrumbList\",\"@id\":\"https:\/\/www.wisentmachines.nl\/de\/produkt\/kernboor-hm-35l\/#breadcrumb\",\"itemListElement\":[{\"@type\":\"ListItem\",\"position\":1,\"name\":\"Home\",\"item\":\"https:\/\/www.wisentmachines.nl\/de\/\"},{\"@type\":\"ListItem\",\"position\":2,\"name\":\"Angebot\",\"item\":\"https:\/\/www.wisentmachines.nl\/de\/angebot\/\"},{\"@type\":\"ListItem\",\"position\":3,\"name\":\"Bohren\",\"item\":\"https:\/\/www.wisentmachines.nl\/de\/produkt-kategorie\/bohren\/\"},{\"@type\":\"ListItem\",\"position\":4,\"name\":\"Kernbohrmaschinen\",\"item\":\"https:\/\/www.wisentmachines.nl\/de\/produkt-kategorie\/bohren\/kernbohrmaschinen\/\"},{\"@type\":\"ListItem\",\"position\":5,\"name\":\"Kernbohrer\",\"item\":\"https:\/\/www.wisentmachines.nl\/de\/produkt-kategorie\/bohren\/kernbohrmaschinen\/kernbohrer\/\"},{\"@type\":\"ListItem\",\"position\":6,\"name\":\"HM 35L\"}]},{\"@type\":\"WebSite\",\"@id\":\"https:\/\/www.wisentmachines.nl\/de\/#website\",\"url\":\"https:\/\/www.wisentmachines.nl\/de\/\",\"name\":\"Wisent Machines\",\"description\":\"\",\"potentialAction\":[{\"@type\":\"SearchAction\",\"target\":{\"@type\":\"EntryPoint\",\"urlTemplate\":\"https:\/\/www.wisentmachines.nl\/de\/?s={search_term_string}\"},\"query-input\":{\"@type\":\"PropertyValueSpecification\",\"valueRequired\":true,\"valueName\":\"search_term_string\"}}],\"inLanguage\":\"de\"}]}<\/script>\n<!-- \/ Yoast SEO plugin. -->","yoast_head_json":{"title":"Wisent HM 35L Kernbohrer - Wisent Machines","description":"Wisent-Kernbohrer HM 35L mit konischer Spirale in den W\u00e4nden und geh\u00e4rteten Hartmetallz\u00e4hnen mit Micro-Grade-Schneidfl\u00e4che.","robots":{"index":"index","follow":"follow","max-snippet":"max-snippet:-1","max-image-preview":"max-image-preview:large","max-video-preview":"max-video-preview:-1"},"canonical":"https:\/\/www.wisentmachines.nl\/de\/produkt\/kernboor-hm-35l\/","og_locale":"de_DE","og_type":"article","og_title":"Wisent HM 35L Kernbohrer - Wisent Machines","og_description":"Wisent-Kernbohrer HM 35L mit konischer Spirale in den W\u00e4nden und geh\u00e4rteten Hartmetallz\u00e4hnen mit Micro-Grade-Schneidfl\u00e4che.","og_url":"https:\/\/www.wisentmachines.nl\/de\/produkt\/kernboor-hm-35l\/","og_site_name":"Wisent Machines","article_modified_time":"2023-05-03T12:41:28+00:00","og_image":[{"width":1000,"height":1000,"url":"https:\/\/www.wisentmachines.nl\/wp-content\/uploads\/2023\/02\/HM35L-1.png","type":"image\/png"}],"twitter_card":"summary_large_image","twitter_misc":{"Gesch\u00e4tzte Lesezeit":"1\u00a0Minute"},"schema":{"@context":"https:\/\/schema.org","@graph":[{"@type":"WebPage","@id":"https:\/\/www.wisentmachines.nl\/de\/produkt\/kernboor-hm-35l\/","url":"https:\/\/www.wisentmachines.nl\/de\/produkt\/kernboor-hm-35l\/","name":"Wisent HM 35L Kernbohrer - Wisent Machines","isPartOf":{"@id":"https:\/\/www.wisentmachines.nl\/de\/#website"},"primaryImageOfPage":{"@id":"https:\/\/www.wisentmachines.nl\/de\/produkt\/kernboor-hm-35l\/#primaryimage"},"image":{"@id":"https:\/\/www.wisentmachines.nl\/de\/produkt\/kernboor-hm-35l\/#primaryimage"},"thumbnailUrl":"https:\/\/www.wisentmachines.nl\/wp-content\/uploads\/2023\/02\/HM35L-1.png","datePublished":"2023-02-17T10:46:24+00:00","dateModified":"2023-05-03T12:41:28+00:00","description":"Wisent-Kernbohrer HM 35L mit konischer Spirale in den W\u00e4nden und geh\u00e4rteten Hartmetallz\u00e4hnen mit Micro-Grade-Schneidfl\u00e4che.","breadcrumb":{"@id":"https:\/\/www.wisentmachines.nl\/de\/produkt\/kernboor-hm-35l\/#breadcrumb"},"inLanguage":"de","potentialAction":[{"@type":"ReadAction","target":["https:\/\/www.wisentmachines.nl\/de\/produkt\/kernboor-hm-35l\/"]}]},{"@type":"ImageObject","inLanguage":"de","@id":"https:\/\/www.wisentmachines.nl\/de\/produkt\/kernboor-hm-35l\/#primaryimage","url":"https:\/\/www.wisentmachines.nl\/wp-content\/uploads\/2023\/02\/HM35L-1.png","contentUrl":"https:\/\/www.wisentmachines.nl\/wp-content\/uploads\/2023\/02\/HM35L-1.png","width":1000,"height":1000},{"@type":"BreadcrumbList","@id":"https:\/\/www.wisentmachines.nl\/de\/produkt\/kernboor-hm-35l\/#breadcrumb","itemListElement":[{"@type":"ListItem","position":1,"name":"Home","item":"https:\/\/www.wisentmachines.nl\/de\/"},{"@type":"ListItem","position":2,"name":"Angebot","item":"https:\/\/www.wisentmachines.nl\/de\/angebot\/"},{"@type":"ListItem","position":3,"name":"Bohren","item":"https:\/\/www.wisentmachines.nl\/de\/produkt-kategorie\/bohren\/"},{"@type":"ListItem","position":4,"name":"Kernbohrmaschinen","item":"https:\/\/www.wisentmachines.nl\/de\/produkt-kategorie\/bohren\/kernbohrmaschinen\/"},{"@type":"ListItem","position":5,"name":"Kernbohrer","item":"https:\/\/www.wisentmachines.nl\/de\/produkt-kategorie\/bohren\/kernbohrmaschinen\/kernbohrer\/"},{"@type":"ListItem","position":6,"name":"HM 35L"}]},{"@type":"WebSite","@id":"https:\/\/www.wisentmachines.nl\/de\/#website","url":"https:\/\/www.wisentmachines.nl\/de\/","name":"Wisent Machines","description":"","potentialAction":[{"@type":"SearchAction","target":{"@type":"EntryPoint","urlTemplate":"https:\/\/www.wisentmachines.nl\/de\/?s={search_term_string}"},"query-input":{"@type":"PropertyValueSpecification","valueRequired":true,"valueName":"search_term_string"}}],"inLanguage":"de"}]}},"_links":{"self":[{"href":"https:\/\/www.wisentmachines.nl\/de\/wp-json\/wp\/v2\/product\/3609","targetHints":{"allow":["GET"]}}],"collection":[{"href":"https:\/\/www.wisentmachines.nl\/de\/wp-json\/wp\/v2\/product"}],"about":[{"href":"https:\/\/www.wisentmachines.nl\/de\/wp-json\/wp\/v2\/types\/product"}],"wp:featuredmedia":[{"embeddable":true,"href":"https:\/\/www.wisentmachines.nl\/de\/wp-json\/wp\/v2\/media\/1985"}],"wp:attachment":[{"href":"https:\/\/www.wisentmachines.nl\/de\/wp-json\/wp\/v2\/media?parent=3609"}],"wp:term":[{"taxonomy":"product_cat","embeddable":true,"href":"https:\/\/www.wisentmachines.nl\/de\/wp-json\/wp\/v2\/product_cat?post=3609"},{"taxonomy":"product_tag","embeddable":true,"href":"https:\/\/www.wisentmachines.nl\/de\/wp-json\/wp\/v2\/product_tag?post=3609"}],"curies":[{"name":"wp","href":"https:\/\/api.w.org\/{rel}","templated":true}]}}