{"id":3795,"date":"2023-02-20T10:00:06","date_gmt":"2023-02-20T09:00:06","guid":{"rendered":"https:\/\/www.wisentmachines.nl\/product\/hm-75l-kernboor\/"},"modified":"2023-05-03T14:42:18","modified_gmt":"2023-05-03T12:42:18","slug":"hm-75l-kernbohrer","status":"publish","type":"product","link":"https:\/\/www.wisentmachines.nl\/de\/produkt\/hm-75l-kernbohrer\/","title":{"rendered":"HM 75L"},"content":{"rendered":"<p>Wisent Hartmetall-Kernbohrer mit einer Bohrtiefe von 75 mm. Die Kernbohrer sind zur optimalen Spanabfuhr mit einer konischen Spirale in den W\u00e4nden ausgestattet. Dadurch ist ein Verklemmen des Bohrers ausgeschlossen. Die geh\u00e4rteten Wolframcarbid-Z\u00e4hne mit Micro-Grade-Schneidfl\u00e4che sorgen f\u00fcr eine lange Standzeit.<\/p>\n<p>Die Wisent Kernbohrmaschinen sind standardm\u00e4\u00dfig mit 2 Aufnahmen ausgestattet:<br \/>\n\u2013 Kernbohrer \u00d8 16 \u2013 70 mm haben einen \u201eWeldon 19 mm\u201c- und einen \u201eOne-Touch\u201c-Schaft.<\/p>\n<p>F\u00fcr alle anderen Auszahlungen kontaktieren Sie uns bitte f\u00fcr abgelaufene, kontaktieren Sie uns bitte f\u00fcr weitere Informationen.<\/p>\n","protected":false},"excerpt":{"rendered":"Wisent Hartmetall-Kernbohrer mit einer Bohrtiefe von 75 mm. Die Kernbohrer sind zur optimalen Spanabfuhr mit einer konischen Spirale in den W\u00e4nden ausgestattet.","protected":false},"featured_media":1987,"template":"","meta":{"_acf_changed":false},"product_cat":[137],"product_tag":[],"class_list":{"0":"post-3795","1":"product","2":"type-product","3":"status-publish","4":"has-post-thumbnail","6":"product_cat-kernbohrer","8":"first","9":"outofstock","10":"taxable","11":"shipping-taxable","12":"purchasable","13":"product-type-variable"},"acf":[],"yoast_head":"<!-- This site is optimized with the Yoast SEO plugin v24.3 - https:\/\/yoast.com\/wordpress\/plugins\/seo\/ -->\n<title>Wisent HM 75L Kernbohrer - Wisent Machines<\/title>\n<meta name=\"description\" content=\"Wisent HM 75L Kernbohrer mit konischer Spirale in den W\u00e4nden und geh\u00e4rteten Wolframcarbid-Z\u00e4hnen mit Micro-Grade-Schneidfl\u00e4che.\" \/>\n<meta name=\"robots\" content=\"index, follow, max-snippet:-1, max-image-preview:large, max-video-preview:-1\" \/>\n<link rel=\"canonical\" href=\"https:\/\/www.wisentmachines.nl\/de\/produkt\/hm-75l-kernbohrer\/\" \/>\n<meta property=\"og:locale\" content=\"de_DE\" \/>\n<meta property=\"og:type\" content=\"article\" \/>\n<meta property=\"og:title\" content=\"Wisent HM 75L Kernbohrer - Wisent Machines\" \/>\n<meta property=\"og:description\" content=\"Wisent HM 75L Kernbohrer mit konischer Spirale in den W\u00e4nden und geh\u00e4rteten Wolframcarbid-Z\u00e4hnen mit Micro-Grade-Schneidfl\u00e4che.\" \/>\n<meta property=\"og:url\" content=\"https:\/\/www.wisentmachines.nl\/de\/produkt\/hm-75l-kernbohrer\/\" \/>\n<meta property=\"og:site_name\" content=\"Wisent Machines\" \/>\n<meta property=\"article:modified_time\" content=\"2023-05-03T12:42:18+00:00\" \/>\n<meta property=\"og:image\" content=\"https:\/\/www.wisentmachines.nl\/wp-content\/uploads\/2023\/02\/HM75L.png\" \/>\n\t<meta property=\"og:image:width\" content=\"1000\" \/>\n\t<meta property=\"og:image:height\" content=\"1000\" \/>\n\t<meta property=\"og:image:type\" content=\"image\/png\" \/>\n<meta name=\"twitter:card\" content=\"summary_large_image\" \/>\n<meta name=\"twitter:label1\" content=\"Gesch\u00e4tzte Lesezeit\" \/>\n\t<meta name=\"twitter:data1\" content=\"1\u00a0Minute\" \/>\n<script type=\"application\/ld+json\" class=\"yoast-schema-graph\">{\"@context\":\"https:\/\/schema.org\",\"@graph\":[{\"@type\":\"WebPage\",\"@id\":\"https:\/\/www.wisentmachines.nl\/de\/produkt\/hm-75l-kernbohrer\/\",\"url\":\"https:\/\/www.wisentmachines.nl\/de\/produkt\/hm-75l-kernbohrer\/\",\"name\":\"Wisent HM 75L Kernbohrer - Wisent Machines\",\"isPartOf\":{\"@id\":\"https:\/\/www.wisentmachines.nl\/de\/#website\"},\"primaryImageOfPage\":{\"@id\":\"https:\/\/www.wisentmachines.nl\/de\/produkt\/hm-75l-kernbohrer\/#primaryimage\"},\"image\":{\"@id\":\"https:\/\/www.wisentmachines.nl\/de\/produkt\/hm-75l-kernbohrer\/#primaryimage\"},\"thumbnailUrl\":\"https:\/\/www.wisentmachines.nl\/wp-content\/uploads\/2023\/02\/HM75L.png\",\"datePublished\":\"2023-02-20T09:00:06+00:00\",\"dateModified\":\"2023-05-03T12:42:18+00:00\",\"description\":\"Wisent HM 75L Kernbohrer mit konischer Spirale in den W\u00e4nden und geh\u00e4rteten Wolframcarbid-Z\u00e4hnen mit Micro-Grade-Schneidfl\u00e4che.\",\"breadcrumb\":{\"@id\":\"https:\/\/www.wisentmachines.nl\/de\/produkt\/hm-75l-kernbohrer\/#breadcrumb\"},\"inLanguage\":\"de\",\"potentialAction\":[{\"@type\":\"ReadAction\",\"target\":[\"https:\/\/www.wisentmachines.nl\/de\/produkt\/hm-75l-kernbohrer\/\"]}]},{\"@type\":\"ImageObject\",\"inLanguage\":\"de\",\"@id\":\"https:\/\/www.wisentmachines.nl\/de\/produkt\/hm-75l-kernbohrer\/#primaryimage\",\"url\":\"https:\/\/www.wisentmachines.nl\/wp-content\/uploads\/2023\/02\/HM75L.png\",\"contentUrl\":\"https:\/\/www.wisentmachines.nl\/wp-content\/uploads\/2023\/02\/HM75L.png\",\"width\":1000,\"height\":1000},{\"@type\":\"BreadcrumbList\",\"@id\":\"https:\/\/www.wisentmachines.nl\/de\/produkt\/hm-75l-kernbohrer\/#breadcrumb\",\"itemListElement\":[{\"@type\":\"ListItem\",\"position\":1,\"name\":\"Home\",\"item\":\"https:\/\/www.wisentmachines.nl\/de\/\"},{\"@type\":\"ListItem\",\"position\":2,\"name\":\"Angebot\",\"item\":\"https:\/\/www.wisentmachines.nl\/de\/angebot\/\"},{\"@type\":\"ListItem\",\"position\":3,\"name\":\"Bohren\",\"item\":\"https:\/\/www.wisentmachines.nl\/de\/produkt-kategorie\/bohren\/\"},{\"@type\":\"ListItem\",\"position\":4,\"name\":\"Kernbohrmaschinen\",\"item\":\"https:\/\/www.wisentmachines.nl\/de\/produkt-kategorie\/bohren\/kernbohrmaschinen\/\"},{\"@type\":\"ListItem\",\"position\":5,\"name\":\"Kernbohrer\",\"item\":\"https:\/\/www.wisentmachines.nl\/de\/produkt-kategorie\/bohren\/kernbohrmaschinen\/kernbohrer\/\"},{\"@type\":\"ListItem\",\"position\":6,\"name\":\"HM 75L\"}]},{\"@type\":\"WebSite\",\"@id\":\"https:\/\/www.wisentmachines.nl\/de\/#website\",\"url\":\"https:\/\/www.wisentmachines.nl\/de\/\",\"name\":\"Wisent Machines\",\"description\":\"\",\"potentialAction\":[{\"@type\":\"SearchAction\",\"target\":{\"@type\":\"EntryPoint\",\"urlTemplate\":\"https:\/\/www.wisentmachines.nl\/de\/?s={search_term_string}\"},\"query-input\":{\"@type\":\"PropertyValueSpecification\",\"valueRequired\":true,\"valueName\":\"search_term_string\"}}],\"inLanguage\":\"de\"}]}<\/script>\n<!-- \/ Yoast SEO plugin. -->","yoast_head_json":{"title":"Wisent HM 75L Kernbohrer - Wisent Machines","description":"Wisent HM 75L Kernbohrer mit konischer Spirale in den W\u00e4nden und geh\u00e4rteten Wolframcarbid-Z\u00e4hnen mit Micro-Grade-Schneidfl\u00e4che.","robots":{"index":"index","follow":"follow","max-snippet":"max-snippet:-1","max-image-preview":"max-image-preview:large","max-video-preview":"max-video-preview:-1"},"canonical":"https:\/\/www.wisentmachines.nl\/de\/produkt\/hm-75l-kernbohrer\/","og_locale":"de_DE","og_type":"article","og_title":"Wisent HM 75L Kernbohrer - Wisent Machines","og_description":"Wisent HM 75L Kernbohrer mit konischer Spirale in den W\u00e4nden und geh\u00e4rteten Wolframcarbid-Z\u00e4hnen mit Micro-Grade-Schneidfl\u00e4che.","og_url":"https:\/\/www.wisentmachines.nl\/de\/produkt\/hm-75l-kernbohrer\/","og_site_name":"Wisent Machines","article_modified_time":"2023-05-03T12:42:18+00:00","og_image":[{"width":1000,"height":1000,"url":"https:\/\/www.wisentmachines.nl\/wp-content\/uploads\/2023\/02\/HM75L.png","type":"image\/png"}],"twitter_card":"summary_large_image","twitter_misc":{"Gesch\u00e4tzte Lesezeit":"1\u00a0Minute"},"schema":{"@context":"https:\/\/schema.org","@graph":[{"@type":"WebPage","@id":"https:\/\/www.wisentmachines.nl\/de\/produkt\/hm-75l-kernbohrer\/","url":"https:\/\/www.wisentmachines.nl\/de\/produkt\/hm-75l-kernbohrer\/","name":"Wisent HM 75L Kernbohrer - Wisent Machines","isPartOf":{"@id":"https:\/\/www.wisentmachines.nl\/de\/#website"},"primaryImageOfPage":{"@id":"https:\/\/www.wisentmachines.nl\/de\/produkt\/hm-75l-kernbohrer\/#primaryimage"},"image":{"@id":"https:\/\/www.wisentmachines.nl\/de\/produkt\/hm-75l-kernbohrer\/#primaryimage"},"thumbnailUrl":"https:\/\/www.wisentmachines.nl\/wp-content\/uploads\/2023\/02\/HM75L.png","datePublished":"2023-02-20T09:00:06+00:00","dateModified":"2023-05-03T12:42:18+00:00","description":"Wisent HM 75L Kernbohrer mit konischer Spirale in den W\u00e4nden und geh\u00e4rteten Wolframcarbid-Z\u00e4hnen mit Micro-Grade-Schneidfl\u00e4che.","breadcrumb":{"@id":"https:\/\/www.wisentmachines.nl\/de\/produkt\/hm-75l-kernbohrer\/#breadcrumb"},"inLanguage":"de","potentialAction":[{"@type":"ReadAction","target":["https:\/\/www.wisentmachines.nl\/de\/produkt\/hm-75l-kernbohrer\/"]}]},{"@type":"ImageObject","inLanguage":"de","@id":"https:\/\/www.wisentmachines.nl\/de\/produkt\/hm-75l-kernbohrer\/#primaryimage","url":"https:\/\/www.wisentmachines.nl\/wp-content\/uploads\/2023\/02\/HM75L.png","contentUrl":"https:\/\/www.wisentmachines.nl\/wp-content\/uploads\/2023\/02\/HM75L.png","width":1000,"height":1000},{"@type":"BreadcrumbList","@id":"https:\/\/www.wisentmachines.nl\/de\/produkt\/hm-75l-kernbohrer\/#breadcrumb","itemListElement":[{"@type":"ListItem","position":1,"name":"Home","item":"https:\/\/www.wisentmachines.nl\/de\/"},{"@type":"ListItem","position":2,"name":"Angebot","item":"https:\/\/www.wisentmachines.nl\/de\/angebot\/"},{"@type":"ListItem","position":3,"name":"Bohren","item":"https:\/\/www.wisentmachines.nl\/de\/produkt-kategorie\/bohren\/"},{"@type":"ListItem","position":4,"name":"Kernbohrmaschinen","item":"https:\/\/www.wisentmachines.nl\/de\/produkt-kategorie\/bohren\/kernbohrmaschinen\/"},{"@type":"ListItem","position":5,"name":"Kernbohrer","item":"https:\/\/www.wisentmachines.nl\/de\/produkt-kategorie\/bohren\/kernbohrmaschinen\/kernbohrer\/"},{"@type":"ListItem","position":6,"name":"HM 75L"}]},{"@type":"WebSite","@id":"https:\/\/www.wisentmachines.nl\/de\/#website","url":"https:\/\/www.wisentmachines.nl\/de\/","name":"Wisent Machines","description":"","potentialAction":[{"@type":"SearchAction","target":{"@type":"EntryPoint","urlTemplate":"https:\/\/www.wisentmachines.nl\/de\/?s={search_term_string}"},"query-input":{"@type":"PropertyValueSpecification","valueRequired":true,"valueName":"search_term_string"}}],"inLanguage":"de"}]}},"_links":{"self":[{"href":"https:\/\/www.wisentmachines.nl\/de\/wp-json\/wp\/v2\/product\/3795","targetHints":{"allow":["GET"]}}],"collection":[{"href":"https:\/\/www.wisentmachines.nl\/de\/wp-json\/wp\/v2\/product"}],"about":[{"href":"https:\/\/www.wisentmachines.nl\/de\/wp-json\/wp\/v2\/types\/product"}],"wp:featuredmedia":[{"embeddable":true,"href":"https:\/\/www.wisentmachines.nl\/de\/wp-json\/wp\/v2\/media\/1987"}],"wp:attachment":[{"href":"https:\/\/www.wisentmachines.nl\/de\/wp-json\/wp\/v2\/media?parent=3795"}],"wp:term":[{"taxonomy":"product_cat","embeddable":true,"href":"https:\/\/www.wisentmachines.nl\/de\/wp-json\/wp\/v2\/product_cat?post=3795"},{"taxonomy":"product_tag","embeddable":true,"href":"https:\/\/www.wisentmachines.nl\/de\/wp-json\/wp\/v2\/product_tag?post=3795"}],"curies":[{"name":"wp","href":"https:\/\/api.w.org\/{rel}","templated":true}]}}