{"id":3915,"date":"2023-02-21T10:16:24","date_gmt":"2023-02-21T09:16:24","guid":{"rendered":"https:\/\/www.wisentmachines.nl\/product\/hss-55l-kernboor\/"},"modified":"2023-05-03T14:43:25","modified_gmt":"2023-05-03T12:43:25","slug":"hss-55l-kernbohrer","status":"publish","type":"product","link":"https:\/\/www.wisentmachines.nl\/de\/produkt\/hss-55l-kernbohrer\/","title":{"rendered":"HSS 55L"},"content":{"rendered":"<p>Wisent HSS-Kernbohrer mit einer Bohrtiefe von 55 mm. Die Kernbohrer sorgen f\u00fcr ein perfektes Finish.<\/p>\n<p>Die Wisent Kernbohrmaschinen sind standardm\u00e4\u00dfig mit 2 Aufnahmen ausgestattet<br \/>\n&#8211; Kernbohrer \u00d8 12 &#8211; 70mm sind standardm\u00e4\u00dfig mit einer &#8222;Weldon 19mm&#8220; und einer &#8222;One-Touch&#8220; Aufnahme ausgestattet.<\/p>\n<p>F\u00fcr alle anderen Auszahlungen kontaktieren Sie uns bitte f\u00fcr abgelaufene, kontaktieren Sie uns bitte f\u00fcr weitere Informationen.<\/p>\n","protected":false},"excerpt":{"rendered":"Wisent HSS-Kernbohrer mit einer Bohrtiefe von 55 mm. Die Kernbohrer sorgen f\u00fcr ein perfektes Finish.","protected":false},"featured_media":1992,"template":"","meta":{"_acf_changed":false},"product_cat":[137],"product_tag":[],"class_list":{"0":"post-3915","1":"product","2":"type-product","3":"status-publish","4":"has-post-thumbnail","6":"product_cat-kernbohrer","8":"first","9":"instock","10":"taxable","11":"shipping-taxable","12":"purchasable","13":"product-type-variable"},"acf":[],"yoast_head":"<!-- This site is optimized with the Yoast SEO plugin v24.3 - https:\/\/yoast.com\/wordpress\/plugins\/seo\/ -->\n<title>Wisent HSS 55L Kernbohrer, Bohrtiefe 55mm<\/title>\n<meta name=\"description\" content=\"Wisent HSS (Schnellarbeitsstahl) Kernbohrer HSS 55L, Bohrtiefe 55mm. Hartmetall-Schneidfl\u00e4che - lange Standzeit - perfektes Ergebnis.\" \/>\n<meta name=\"robots\" content=\"index, follow, max-snippet:-1, max-image-preview:large, max-video-preview:-1\" \/>\n<link rel=\"canonical\" href=\"https:\/\/www.wisentmachines.nl\/de\/produkt\/hss-55l-kernbohrer\/\" \/>\n<meta property=\"og:locale\" content=\"de_DE\" \/>\n<meta property=\"og:type\" content=\"article\" \/>\n<meta property=\"og:title\" content=\"Wisent HSS 55L Kernbohrer, Bohrtiefe 55mm\" \/>\n<meta property=\"og:description\" content=\"Wisent HSS (Schnellarbeitsstahl) Kernbohrer HSS 55L, Bohrtiefe 55mm. Hartmetall-Schneidfl\u00e4che - lange Standzeit - perfektes Ergebnis.\" \/>\n<meta property=\"og:url\" content=\"https:\/\/www.wisentmachines.nl\/de\/produkt\/hss-55l-kernbohrer\/\" \/>\n<meta property=\"og:site_name\" content=\"Wisent Machines\" \/>\n<meta property=\"article:modified_time\" content=\"2023-05-03T12:43:25+00:00\" \/>\n<meta property=\"og:image\" content=\"https:\/\/www.wisentmachines.nl\/wp-content\/uploads\/2023\/02\/hss-55l.jpg\" \/>\n\t<meta property=\"og:image:width\" content=\"1000\" \/>\n\t<meta property=\"og:image:height\" content=\"1000\" \/>\n\t<meta property=\"og:image:type\" content=\"image\/jpeg\" \/>\n<meta name=\"twitter:card\" content=\"summary_large_image\" \/>\n<meta name=\"twitter:label1\" content=\"Gesch\u00e4tzte Lesezeit\" \/>\n\t<meta name=\"twitter:data1\" content=\"1\u00a0Minute\" \/>\n<script type=\"application\/ld+json\" class=\"yoast-schema-graph\">{\"@context\":\"https:\/\/schema.org\",\"@graph\":[{\"@type\":\"WebPage\",\"@id\":\"https:\/\/www.wisentmachines.nl\/de\/produkt\/hss-55l-kernbohrer\/\",\"url\":\"https:\/\/www.wisentmachines.nl\/de\/produkt\/hss-55l-kernbohrer\/\",\"name\":\"Wisent HSS 55L Kernbohrer, Bohrtiefe 55mm\",\"isPartOf\":{\"@id\":\"https:\/\/www.wisentmachines.nl\/de\/#website\"},\"primaryImageOfPage\":{\"@id\":\"https:\/\/www.wisentmachines.nl\/de\/produkt\/hss-55l-kernbohrer\/#primaryimage\"},\"image\":{\"@id\":\"https:\/\/www.wisentmachines.nl\/de\/produkt\/hss-55l-kernbohrer\/#primaryimage\"},\"thumbnailUrl\":\"https:\/\/www.wisentmachines.nl\/wp-content\/uploads\/2023\/02\/hss-55l.jpg\",\"datePublished\":\"2023-02-21T09:16:24+00:00\",\"dateModified\":\"2023-05-03T12:43:25+00:00\",\"description\":\"Wisent HSS (Schnellarbeitsstahl) Kernbohrer HSS 55L, Bohrtiefe 55mm. Hartmetall-Schneidfl\u00e4che - lange Standzeit - perfektes Ergebnis.\",\"breadcrumb\":{\"@id\":\"https:\/\/www.wisentmachines.nl\/de\/produkt\/hss-55l-kernbohrer\/#breadcrumb\"},\"inLanguage\":\"de\",\"potentialAction\":[{\"@type\":\"ReadAction\",\"target\":[\"https:\/\/www.wisentmachines.nl\/de\/produkt\/hss-55l-kernbohrer\/\"]}]},{\"@type\":\"ImageObject\",\"inLanguage\":\"de\",\"@id\":\"https:\/\/www.wisentmachines.nl\/de\/produkt\/hss-55l-kernbohrer\/#primaryimage\",\"url\":\"https:\/\/www.wisentmachines.nl\/wp-content\/uploads\/2023\/02\/hss-55l.jpg\",\"contentUrl\":\"https:\/\/www.wisentmachines.nl\/wp-content\/uploads\/2023\/02\/hss-55l.jpg\",\"width\":1000,\"height\":1000},{\"@type\":\"BreadcrumbList\",\"@id\":\"https:\/\/www.wisentmachines.nl\/de\/produkt\/hss-55l-kernbohrer\/#breadcrumb\",\"itemListElement\":[{\"@type\":\"ListItem\",\"position\":1,\"name\":\"Home\",\"item\":\"https:\/\/www.wisentmachines.nl\/de\/\"},{\"@type\":\"ListItem\",\"position\":2,\"name\":\"Angebot\",\"item\":\"https:\/\/www.wisentmachines.nl\/de\/angebot\/\"},{\"@type\":\"ListItem\",\"position\":3,\"name\":\"Bohren\",\"item\":\"https:\/\/www.wisentmachines.nl\/de\/produkt-kategorie\/bohren\/\"},{\"@type\":\"ListItem\",\"position\":4,\"name\":\"Kernbohrmaschinen\",\"item\":\"https:\/\/www.wisentmachines.nl\/de\/produkt-kategorie\/bohren\/kernbohrmaschinen\/\"},{\"@type\":\"ListItem\",\"position\":5,\"name\":\"Kernbohrer\",\"item\":\"https:\/\/www.wisentmachines.nl\/de\/produkt-kategorie\/bohren\/kernbohrmaschinen\/kernbohrer\/\"},{\"@type\":\"ListItem\",\"position\":6,\"name\":\"HSS 55L\"}]},{\"@type\":\"WebSite\",\"@id\":\"https:\/\/www.wisentmachines.nl\/de\/#website\",\"url\":\"https:\/\/www.wisentmachines.nl\/de\/\",\"name\":\"Wisent Machines\",\"description\":\"\",\"potentialAction\":[{\"@type\":\"SearchAction\",\"target\":{\"@type\":\"EntryPoint\",\"urlTemplate\":\"https:\/\/www.wisentmachines.nl\/de\/?s={search_term_string}\"},\"query-input\":{\"@type\":\"PropertyValueSpecification\",\"valueRequired\":true,\"valueName\":\"search_term_string\"}}],\"inLanguage\":\"de\"}]}<\/script>\n<!-- \/ Yoast SEO plugin. -->","yoast_head_json":{"title":"Wisent HSS 55L Kernbohrer, Bohrtiefe 55mm","description":"Wisent HSS (Schnellarbeitsstahl) Kernbohrer HSS 55L, Bohrtiefe 55mm. Hartmetall-Schneidfl\u00e4che - lange Standzeit - perfektes Ergebnis.","robots":{"index":"index","follow":"follow","max-snippet":"max-snippet:-1","max-image-preview":"max-image-preview:large","max-video-preview":"max-video-preview:-1"},"canonical":"https:\/\/www.wisentmachines.nl\/de\/produkt\/hss-55l-kernbohrer\/","og_locale":"de_DE","og_type":"article","og_title":"Wisent HSS 55L Kernbohrer, Bohrtiefe 55mm","og_description":"Wisent HSS (Schnellarbeitsstahl) Kernbohrer HSS 55L, Bohrtiefe 55mm. Hartmetall-Schneidfl\u00e4che - lange Standzeit - perfektes Ergebnis.","og_url":"https:\/\/www.wisentmachines.nl\/de\/produkt\/hss-55l-kernbohrer\/","og_site_name":"Wisent Machines","article_modified_time":"2023-05-03T12:43:25+00:00","og_image":[{"width":1000,"height":1000,"url":"https:\/\/www.wisentmachines.nl\/wp-content\/uploads\/2023\/02\/hss-55l.jpg","type":"image\/jpeg"}],"twitter_card":"summary_large_image","twitter_misc":{"Gesch\u00e4tzte Lesezeit":"1\u00a0Minute"},"schema":{"@context":"https:\/\/schema.org","@graph":[{"@type":"WebPage","@id":"https:\/\/www.wisentmachines.nl\/de\/produkt\/hss-55l-kernbohrer\/","url":"https:\/\/www.wisentmachines.nl\/de\/produkt\/hss-55l-kernbohrer\/","name":"Wisent HSS 55L Kernbohrer, Bohrtiefe 55mm","isPartOf":{"@id":"https:\/\/www.wisentmachines.nl\/de\/#website"},"primaryImageOfPage":{"@id":"https:\/\/www.wisentmachines.nl\/de\/produkt\/hss-55l-kernbohrer\/#primaryimage"},"image":{"@id":"https:\/\/www.wisentmachines.nl\/de\/produkt\/hss-55l-kernbohrer\/#primaryimage"},"thumbnailUrl":"https:\/\/www.wisentmachines.nl\/wp-content\/uploads\/2023\/02\/hss-55l.jpg","datePublished":"2023-02-21T09:16:24+00:00","dateModified":"2023-05-03T12:43:25+00:00","description":"Wisent HSS (Schnellarbeitsstahl) Kernbohrer HSS 55L, Bohrtiefe 55mm. Hartmetall-Schneidfl\u00e4che - lange Standzeit - perfektes Ergebnis.","breadcrumb":{"@id":"https:\/\/www.wisentmachines.nl\/de\/produkt\/hss-55l-kernbohrer\/#breadcrumb"},"inLanguage":"de","potentialAction":[{"@type":"ReadAction","target":["https:\/\/www.wisentmachines.nl\/de\/produkt\/hss-55l-kernbohrer\/"]}]},{"@type":"ImageObject","inLanguage":"de","@id":"https:\/\/www.wisentmachines.nl\/de\/produkt\/hss-55l-kernbohrer\/#primaryimage","url":"https:\/\/www.wisentmachines.nl\/wp-content\/uploads\/2023\/02\/hss-55l.jpg","contentUrl":"https:\/\/www.wisentmachines.nl\/wp-content\/uploads\/2023\/02\/hss-55l.jpg","width":1000,"height":1000},{"@type":"BreadcrumbList","@id":"https:\/\/www.wisentmachines.nl\/de\/produkt\/hss-55l-kernbohrer\/#breadcrumb","itemListElement":[{"@type":"ListItem","position":1,"name":"Home","item":"https:\/\/www.wisentmachines.nl\/de\/"},{"@type":"ListItem","position":2,"name":"Angebot","item":"https:\/\/www.wisentmachines.nl\/de\/angebot\/"},{"@type":"ListItem","position":3,"name":"Bohren","item":"https:\/\/www.wisentmachines.nl\/de\/produkt-kategorie\/bohren\/"},{"@type":"ListItem","position":4,"name":"Kernbohrmaschinen","item":"https:\/\/www.wisentmachines.nl\/de\/produkt-kategorie\/bohren\/kernbohrmaschinen\/"},{"@type":"ListItem","position":5,"name":"Kernbohrer","item":"https:\/\/www.wisentmachines.nl\/de\/produkt-kategorie\/bohren\/kernbohrmaschinen\/kernbohrer\/"},{"@type":"ListItem","position":6,"name":"HSS 55L"}]},{"@type":"WebSite","@id":"https:\/\/www.wisentmachines.nl\/de\/#website","url":"https:\/\/www.wisentmachines.nl\/de\/","name":"Wisent Machines","description":"","potentialAction":[{"@type":"SearchAction","target":{"@type":"EntryPoint","urlTemplate":"https:\/\/www.wisentmachines.nl\/de\/?s={search_term_string}"},"query-input":{"@type":"PropertyValueSpecification","valueRequired":true,"valueName":"search_term_string"}}],"inLanguage":"de"}]}},"_links":{"self":[{"href":"https:\/\/www.wisentmachines.nl\/de\/wp-json\/wp\/v2\/product\/3915","targetHints":{"allow":["GET"]}}],"collection":[{"href":"https:\/\/www.wisentmachines.nl\/de\/wp-json\/wp\/v2\/product"}],"about":[{"href":"https:\/\/www.wisentmachines.nl\/de\/wp-json\/wp\/v2\/types\/product"}],"wp:featuredmedia":[{"embeddable":true,"href":"https:\/\/www.wisentmachines.nl\/de\/wp-json\/wp\/v2\/media\/1992"}],"wp:attachment":[{"href":"https:\/\/www.wisentmachines.nl\/de\/wp-json\/wp\/v2\/media?parent=3915"}],"wp:term":[{"taxonomy":"product_cat","embeddable":true,"href":"https:\/\/www.wisentmachines.nl\/de\/wp-json\/wp\/v2\/product_cat?post=3915"},{"taxonomy":"product_tag","embeddable":true,"href":"https:\/\/www.wisentmachines.nl\/de\/wp-json\/wp\/v2\/product_tag?post=3915"}],"curies":[{"name":"wp","href":"https:\/\/api.w.org\/{rel}","templated":true}]}}