{"id":3986,"date":"2023-01-25T08:38:42","date_gmt":"2023-01-25T07:38:42","guid":{"rendered":"https:\/\/www.wisentmachines.nl\/product\/wisent-d23vtc-tafelboormachine\/"},"modified":"2023-05-04T09:42:10","modified_gmt":"2023-05-04T07:42:10","slug":"wisent-d23vtc-tischbohrmaschine","status":"publish","type":"product","link":"https:\/\/www.wisentmachines.nl\/de\/produkt\/wisent-d23vtc-tischbohrmaschine\/","title":{"rendered":"D23VTC"},"content":{"rendered":"<p>Die Tischbohrmaschine Wisent D23VTC wird standardm\u00e4\u00dfig auf einem Schrank geliefert. Der Bohrkopf ist h\u00f6henverstellbar, die S\u00e4ule versenkt sich im Unterschrank. Die Maschine ist reichhaltig ausgestattet unter anderem mit Maschinenbeleuchtung mit Ein-\/Ausschalter, einstellbarem Tiefenanschlag, Gewindebohrfunktion bis M10 und variabler Geschwindigkeit mit digitaler Anzeige. Durch einfaches Drehen der Maschine wird die Maschine in Klopffunktion versetzt und dreht sich wieder nach links. Die Maschine wird standardm\u00e4\u00dfig mit einem 3Ph\/400Volt-Anschluss geliefert, ist aber auch mit einem 1Ph\/230Volt-Anschluss erh\u00e4ltlich.<\/p>\n<p><strong>Der Wisent D23VTC wird komplett geliefert mit<\/strong><\/p>\n<ul>\n<li>Maschinenbeleuchtung<\/li>\n<li>Schutzabdeckung mit Mikroschalter<\/li>\n<\/ul>\n","protected":false},"excerpt":{"rendered":"Die Tischbohrmaschine Wisent D23VTC wird standardm\u00e4\u00dfig auf einem Schrank geliefert. Der Bohrkopf ist h\u00f6henverstellbar, die S\u00e4ule versenkt sich im Unterschrank.","protected":false},"featured_media":1842,"template":"","meta":{"_acf_changed":false},"product_cat":[138],"product_tag":[],"class_list":{"0":"post-3986","1":"product","2":"type-product","3":"status-publish","4":"has-post-thumbnail","6":"product_cat-tischbohrmaschinen","8":"first","9":"instock","10":"sale","11":"taxable","12":"shipping-taxable","13":"purchasable","14":"product-type-simple"},"acf":[],"yoast_head":"<!-- This site is optimized with the Yoast SEO plugin v24.3 - https:\/\/yoast.com\/wordpress\/plugins\/seo\/ -->\n<title>Wisent D23VTC Tischbohrmaschine - Wisent Machines<\/title>\n<meta name=\"description\" content=\"Die Tischbohrmaschine Wisent D23VTC inkl. Schrank. Mit einstellbarem Tiefenanschlag, Tippfunktion bis M10 und variabler Drehzahl mit Digitalanzeige.\" \/>\n<meta name=\"robots\" content=\"index, follow, max-snippet:-1, max-image-preview:large, max-video-preview:-1\" \/>\n<link rel=\"canonical\" href=\"https:\/\/www.wisentmachines.nl\/de\/produkt\/wisent-d23vtc-tischbohrmaschine\/\" \/>\n<meta property=\"og:locale\" content=\"de_DE\" \/>\n<meta property=\"og:type\" content=\"article\" \/>\n<meta property=\"og:title\" content=\"Wisent D23VTC Tischbohrmaschine - Wisent Machines\" \/>\n<meta property=\"og:description\" content=\"Die Tischbohrmaschine Wisent D23VTC inkl. Schrank. Mit einstellbarem Tiefenanschlag, Tippfunktion bis M10 und variabler Drehzahl mit Digitalanzeige.\" \/>\n<meta property=\"og:url\" content=\"https:\/\/www.wisentmachines.nl\/de\/produkt\/wisent-d23vtc-tischbohrmaschine\/\" \/>\n<meta property=\"og:site_name\" content=\"Wisent Machines\" \/>\n<meta property=\"article:modified_time\" content=\"2023-05-04T07:42:10+00:00\" \/>\n<meta property=\"og:image\" content=\"https:\/\/www.wisentmachines.nl\/wp-content\/uploads\/2023\/01\/D23VTC.png\" \/>\n\t<meta property=\"og:image:width\" content=\"1000\" \/>\n\t<meta property=\"og:image:height\" content=\"1000\" \/>\n\t<meta property=\"og:image:type\" content=\"image\/png\" \/>\n<meta name=\"twitter:card\" content=\"summary_large_image\" \/>\n<meta name=\"twitter:label1\" content=\"Gesch\u00e4tzte Lesezeit\" \/>\n\t<meta name=\"twitter:data1\" content=\"1\u00a0Minute\" \/>\n<script type=\"application\/ld+json\" class=\"yoast-schema-graph\">{\"@context\":\"https:\/\/schema.org\",\"@graph\":[{\"@type\":\"WebPage\",\"@id\":\"https:\/\/www.wisentmachines.nl\/de\/produkt\/wisent-d23vtc-tischbohrmaschine\/\",\"url\":\"https:\/\/www.wisentmachines.nl\/de\/produkt\/wisent-d23vtc-tischbohrmaschine\/\",\"name\":\"Wisent D23VTC Tischbohrmaschine - Wisent Machines\",\"isPartOf\":{\"@id\":\"https:\/\/www.wisentmachines.nl\/de\/#website\"},\"primaryImageOfPage\":{\"@id\":\"https:\/\/www.wisentmachines.nl\/de\/produkt\/wisent-d23vtc-tischbohrmaschine\/#primaryimage\"},\"image\":{\"@id\":\"https:\/\/www.wisentmachines.nl\/de\/produkt\/wisent-d23vtc-tischbohrmaschine\/#primaryimage\"},\"thumbnailUrl\":\"https:\/\/www.wisentmachines.nl\/wp-content\/uploads\/2023\/01\/D23VTC.png\",\"datePublished\":\"2023-01-25T07:38:42+00:00\",\"dateModified\":\"2023-05-04T07:42:10+00:00\",\"description\":\"Die Tischbohrmaschine Wisent D23VTC inkl. Schrank. Mit einstellbarem Tiefenanschlag, Tippfunktion bis M10 und variabler Drehzahl mit Digitalanzeige.\",\"breadcrumb\":{\"@id\":\"https:\/\/www.wisentmachines.nl\/de\/produkt\/wisent-d23vtc-tischbohrmaschine\/#breadcrumb\"},\"inLanguage\":\"de\",\"potentialAction\":[{\"@type\":\"ReadAction\",\"target\":[\"https:\/\/www.wisentmachines.nl\/de\/produkt\/wisent-d23vtc-tischbohrmaschine\/\"]}]},{\"@type\":\"ImageObject\",\"inLanguage\":\"de\",\"@id\":\"https:\/\/www.wisentmachines.nl\/de\/produkt\/wisent-d23vtc-tischbohrmaschine\/#primaryimage\",\"url\":\"https:\/\/www.wisentmachines.nl\/wp-content\/uploads\/2023\/01\/D23VTC.png\",\"contentUrl\":\"https:\/\/www.wisentmachines.nl\/wp-content\/uploads\/2023\/01\/D23VTC.png\",\"width\":1000,\"height\":1000},{\"@type\":\"BreadcrumbList\",\"@id\":\"https:\/\/www.wisentmachines.nl\/de\/produkt\/wisent-d23vtc-tischbohrmaschine\/#breadcrumb\",\"itemListElement\":[{\"@type\":\"ListItem\",\"position\":1,\"name\":\"Home\",\"item\":\"https:\/\/www.wisentmachines.nl\/de\/\"},{\"@type\":\"ListItem\",\"position\":2,\"name\":\"Angebot\",\"item\":\"https:\/\/www.wisentmachines.nl\/de\/angebot\/\"},{\"@type\":\"ListItem\",\"position\":3,\"name\":\"Bohren\",\"item\":\"https:\/\/www.wisentmachines.nl\/de\/produkt-kategorie\/bohren\/\"},{\"@type\":\"ListItem\",\"position\":4,\"name\":\"Tischbohrmaschinen\",\"item\":\"https:\/\/www.wisentmachines.nl\/de\/produkt-kategorie\/bohren\/tischbohrmaschinen\/\"},{\"@type\":\"ListItem\",\"position\":5,\"name\":\"D23VTC\"}]},{\"@type\":\"WebSite\",\"@id\":\"https:\/\/www.wisentmachines.nl\/de\/#website\",\"url\":\"https:\/\/www.wisentmachines.nl\/de\/\",\"name\":\"Wisent Machines\",\"description\":\"\",\"potentialAction\":[{\"@type\":\"SearchAction\",\"target\":{\"@type\":\"EntryPoint\",\"urlTemplate\":\"https:\/\/www.wisentmachines.nl\/de\/?s={search_term_string}\"},\"query-input\":{\"@type\":\"PropertyValueSpecification\",\"valueRequired\":true,\"valueName\":\"search_term_string\"}}],\"inLanguage\":\"de\"}]}<\/script>\n<!-- \/ Yoast SEO plugin. -->","yoast_head_json":{"title":"Wisent D23VTC Tischbohrmaschine - Wisent Machines","description":"Die Tischbohrmaschine Wisent D23VTC inkl. Schrank. Mit einstellbarem Tiefenanschlag, Tippfunktion bis M10 und variabler Drehzahl mit Digitalanzeige.","robots":{"index":"index","follow":"follow","max-snippet":"max-snippet:-1","max-image-preview":"max-image-preview:large","max-video-preview":"max-video-preview:-1"},"canonical":"https:\/\/www.wisentmachines.nl\/de\/produkt\/wisent-d23vtc-tischbohrmaschine\/","og_locale":"de_DE","og_type":"article","og_title":"Wisent D23VTC Tischbohrmaschine - Wisent Machines","og_description":"Die Tischbohrmaschine Wisent D23VTC inkl. Schrank. Mit einstellbarem Tiefenanschlag, Tippfunktion bis M10 und variabler Drehzahl mit Digitalanzeige.","og_url":"https:\/\/www.wisentmachines.nl\/de\/produkt\/wisent-d23vtc-tischbohrmaschine\/","og_site_name":"Wisent Machines","article_modified_time":"2023-05-04T07:42:10+00:00","og_image":[{"width":1000,"height":1000,"url":"https:\/\/www.wisentmachines.nl\/wp-content\/uploads\/2023\/01\/D23VTC.png","type":"image\/png"}],"twitter_card":"summary_large_image","twitter_misc":{"Gesch\u00e4tzte Lesezeit":"1\u00a0Minute"},"schema":{"@context":"https:\/\/schema.org","@graph":[{"@type":"WebPage","@id":"https:\/\/www.wisentmachines.nl\/de\/produkt\/wisent-d23vtc-tischbohrmaschine\/","url":"https:\/\/www.wisentmachines.nl\/de\/produkt\/wisent-d23vtc-tischbohrmaschine\/","name":"Wisent D23VTC Tischbohrmaschine - Wisent Machines","isPartOf":{"@id":"https:\/\/www.wisentmachines.nl\/de\/#website"},"primaryImageOfPage":{"@id":"https:\/\/www.wisentmachines.nl\/de\/produkt\/wisent-d23vtc-tischbohrmaschine\/#primaryimage"},"image":{"@id":"https:\/\/www.wisentmachines.nl\/de\/produkt\/wisent-d23vtc-tischbohrmaschine\/#primaryimage"},"thumbnailUrl":"https:\/\/www.wisentmachines.nl\/wp-content\/uploads\/2023\/01\/D23VTC.png","datePublished":"2023-01-25T07:38:42+00:00","dateModified":"2023-05-04T07:42:10+00:00","description":"Die Tischbohrmaschine Wisent D23VTC inkl. Schrank. Mit einstellbarem Tiefenanschlag, Tippfunktion bis M10 und variabler Drehzahl mit Digitalanzeige.","breadcrumb":{"@id":"https:\/\/www.wisentmachines.nl\/de\/produkt\/wisent-d23vtc-tischbohrmaschine\/#breadcrumb"},"inLanguage":"de","potentialAction":[{"@type":"ReadAction","target":["https:\/\/www.wisentmachines.nl\/de\/produkt\/wisent-d23vtc-tischbohrmaschine\/"]}]},{"@type":"ImageObject","inLanguage":"de","@id":"https:\/\/www.wisentmachines.nl\/de\/produkt\/wisent-d23vtc-tischbohrmaschine\/#primaryimage","url":"https:\/\/www.wisentmachines.nl\/wp-content\/uploads\/2023\/01\/D23VTC.png","contentUrl":"https:\/\/www.wisentmachines.nl\/wp-content\/uploads\/2023\/01\/D23VTC.png","width":1000,"height":1000},{"@type":"BreadcrumbList","@id":"https:\/\/www.wisentmachines.nl\/de\/produkt\/wisent-d23vtc-tischbohrmaschine\/#breadcrumb","itemListElement":[{"@type":"ListItem","position":1,"name":"Home","item":"https:\/\/www.wisentmachines.nl\/de\/"},{"@type":"ListItem","position":2,"name":"Angebot","item":"https:\/\/www.wisentmachines.nl\/de\/angebot\/"},{"@type":"ListItem","position":3,"name":"Bohren","item":"https:\/\/www.wisentmachines.nl\/de\/produkt-kategorie\/bohren\/"},{"@type":"ListItem","position":4,"name":"Tischbohrmaschinen","item":"https:\/\/www.wisentmachines.nl\/de\/produkt-kategorie\/bohren\/tischbohrmaschinen\/"},{"@type":"ListItem","position":5,"name":"D23VTC"}]},{"@type":"WebSite","@id":"https:\/\/www.wisentmachines.nl\/de\/#website","url":"https:\/\/www.wisentmachines.nl\/de\/","name":"Wisent Machines","description":"","potentialAction":[{"@type":"SearchAction","target":{"@type":"EntryPoint","urlTemplate":"https:\/\/www.wisentmachines.nl\/de\/?s={search_term_string}"},"query-input":{"@type":"PropertyValueSpecification","valueRequired":true,"valueName":"search_term_string"}}],"inLanguage":"de"}]}},"_links":{"self":[{"href":"https:\/\/www.wisentmachines.nl\/de\/wp-json\/wp\/v2\/product\/3986","targetHints":{"allow":["GET"]}}],"collection":[{"href":"https:\/\/www.wisentmachines.nl\/de\/wp-json\/wp\/v2\/product"}],"about":[{"href":"https:\/\/www.wisentmachines.nl\/de\/wp-json\/wp\/v2\/types\/product"}],"wp:featuredmedia":[{"embeddable":true,"href":"https:\/\/www.wisentmachines.nl\/de\/wp-json\/wp\/v2\/media\/1842"}],"wp:attachment":[{"href":"https:\/\/www.wisentmachines.nl\/de\/wp-json\/wp\/v2\/media?parent=3986"}],"wp:term":[{"taxonomy":"product_cat","embeddable":true,"href":"https:\/\/www.wisentmachines.nl\/de\/wp-json\/wp\/v2\/product_cat?post=3986"},{"taxonomy":"product_tag","embeddable":true,"href":"https:\/\/www.wisentmachines.nl\/de\/wp-json\/wp\/v2\/product_tag?post=3986"}],"curies":[{"name":"wp","href":"https:\/\/api.w.org\/{rel}","templated":true}]}}