{"id":3989,"date":"2023-01-25T09:35:00","date_gmt":"2023-01-25T08:35:00","guid":{"rendered":"https:\/\/www.wisentmachines.nl\/product\/wisent-dg25-tafelboormachine\/"},"modified":"2023-05-04T10:04:28","modified_gmt":"2023-05-04T08:04:28","slug":"wisent-dg25-tafelboormachine","status":"publish","type":"product","link":"https:\/\/www.wisentmachines.nl\/de\/produkt\/wisent-dg25-tafelboormachine\/","title":{"rendered":"DG25"},"content":{"rendered":"<p>Die Tischbohrmaschine Wisent DG25 ist eine zahnradgetriebene Maschine. Dies gew\u00e4hrleistet eine reibungslose und starke \u00dcbertragung der Bohrspindel. Die Tischbohrmaschinen von Wisent sind von professioneller Qualit\u00e4t, robust konstruiert und wartungsarm. Die Geschwindigkeiten werden einfach mit den Hebeln auf der linken Seite der Maschine eingestellt. Der Bohrkopf ist h\u00f6henverstellbar und um 360\u00b0 drehbar. Die getriebegetriebenen Tisch- und S\u00e4ulenbohrmaschinen sind ideal f\u00fcr schwerere und kontinuierliche Bohrarbeiten.<\/p>\n<p><strong>Der Wisent DG25 wird komplett geliefert mit<\/strong><\/p>\n<ul>\n<li>Einstellbarer Tiefenanschlag<\/li>\n<li>Schutzabdeckung mit Mikroschalter<\/li>\n<\/ul>\n","protected":false},"excerpt":{"rendered":"Die Tischbohrmaschine Wisent DG25 ist eine zahnradgetriebene Maschine. Dies gew\u00e4hrleistet eine reibungslose und starke \u00dcbertragung der Bohrspindel.","protected":false},"featured_media":1843,"template":"","meta":{"_acf_changed":false},"product_cat":[138],"product_tag":[],"class_list":{"0":"post-3989","1":"product","2":"type-product","3":"status-publish","4":"has-post-thumbnail","6":"product_cat-tischbohrmaschinen","8":"first","9":"instock","10":"sale","11":"taxable","12":"shipping-taxable","13":"purchasable","14":"product-type-simple"},"acf":[],"yoast_head":"<!-- This site is optimized with the Yoast SEO plugin v24.3 - https:\/\/yoast.com\/wordpress\/plugins\/seo\/ -->\n<title>Wisent DG25 Tischbohrmaschine - Wisent Machines<\/title>\n<meta name=\"description\" content=\"Die Tischbohrmaschine Wisent DG25 ist zahnradgetrieben. Reibungslose und starke \u00dcbertragung der Bohrspindel. H\u00f6henverstellbares und 360\u00b0 drehbares Spannfutter.\" \/>\n<meta name=\"robots\" content=\"index, follow, max-snippet:-1, max-image-preview:large, max-video-preview:-1\" \/>\n<link rel=\"canonical\" href=\"https:\/\/www.wisentmachines.nl\/de\/produkt\/wisent-dg25-tafelboormachine\/\" \/>\n<meta property=\"og:locale\" content=\"de_DE\" \/>\n<meta property=\"og:type\" content=\"article\" \/>\n<meta property=\"og:title\" content=\"Wisent DG25 Tischbohrmaschine - Wisent Machines\" \/>\n<meta property=\"og:description\" content=\"Die Tischbohrmaschine Wisent DG25 ist zahnradgetrieben. Reibungslose und starke \u00dcbertragung der Bohrspindel. H\u00f6henverstellbares und 360\u00b0 drehbares Spannfutter.\" \/>\n<meta property=\"og:url\" content=\"https:\/\/www.wisentmachines.nl\/de\/produkt\/wisent-dg25-tafelboormachine\/\" \/>\n<meta property=\"og:site_name\" content=\"Wisent Machines\" \/>\n<meta property=\"article:modified_time\" content=\"2023-05-04T08:04:28+00:00\" \/>\n<meta property=\"og:image\" content=\"https:\/\/www.wisentmachines.nl\/wp-content\/uploads\/2023\/01\/DG25.png\" \/>\n\t<meta property=\"og:image:width\" content=\"1000\" \/>\n\t<meta property=\"og:image:height\" content=\"1000\" \/>\n\t<meta property=\"og:image:type\" content=\"image\/png\" \/>\n<meta name=\"twitter:card\" content=\"summary_large_image\" \/>\n<meta name=\"twitter:label1\" content=\"Gesch\u00e4tzte Lesezeit\" \/>\n\t<meta name=\"twitter:data1\" content=\"1\u00a0Minute\" \/>\n<script type=\"application\/ld+json\" class=\"yoast-schema-graph\">{\"@context\":\"https:\/\/schema.org\",\"@graph\":[{\"@type\":\"WebPage\",\"@id\":\"https:\/\/www.wisentmachines.nl\/de\/produkt\/wisent-dg25-tafelboormachine\/\",\"url\":\"https:\/\/www.wisentmachines.nl\/de\/produkt\/wisent-dg25-tafelboormachine\/\",\"name\":\"Wisent DG25 Tischbohrmaschine - Wisent Machines\",\"isPartOf\":{\"@id\":\"https:\/\/www.wisentmachines.nl\/de\/#website\"},\"primaryImageOfPage\":{\"@id\":\"https:\/\/www.wisentmachines.nl\/de\/produkt\/wisent-dg25-tafelboormachine\/#primaryimage\"},\"image\":{\"@id\":\"https:\/\/www.wisentmachines.nl\/de\/produkt\/wisent-dg25-tafelboormachine\/#primaryimage\"},\"thumbnailUrl\":\"https:\/\/www.wisentmachines.nl\/wp-content\/uploads\/2023\/01\/DG25.png\",\"datePublished\":\"2023-01-25T08:35:00+00:00\",\"dateModified\":\"2023-05-04T08:04:28+00:00\",\"description\":\"Die Tischbohrmaschine Wisent DG25 ist zahnradgetrieben. Reibungslose und starke \u00dcbertragung der Bohrspindel. H\u00f6henverstellbares und 360\u00b0 drehbares Spannfutter.\",\"breadcrumb\":{\"@id\":\"https:\/\/www.wisentmachines.nl\/de\/produkt\/wisent-dg25-tafelboormachine\/#breadcrumb\"},\"inLanguage\":\"de\",\"potentialAction\":[{\"@type\":\"ReadAction\",\"target\":[\"https:\/\/www.wisentmachines.nl\/de\/produkt\/wisent-dg25-tafelboormachine\/\"]}]},{\"@type\":\"ImageObject\",\"inLanguage\":\"de\",\"@id\":\"https:\/\/www.wisentmachines.nl\/de\/produkt\/wisent-dg25-tafelboormachine\/#primaryimage\",\"url\":\"https:\/\/www.wisentmachines.nl\/wp-content\/uploads\/2023\/01\/DG25.png\",\"contentUrl\":\"https:\/\/www.wisentmachines.nl\/wp-content\/uploads\/2023\/01\/DG25.png\",\"width\":1000,\"height\":1000},{\"@type\":\"BreadcrumbList\",\"@id\":\"https:\/\/www.wisentmachines.nl\/de\/produkt\/wisent-dg25-tafelboormachine\/#breadcrumb\",\"itemListElement\":[{\"@type\":\"ListItem\",\"position\":1,\"name\":\"Home\",\"item\":\"https:\/\/www.wisentmachines.nl\/de\/\"},{\"@type\":\"ListItem\",\"position\":2,\"name\":\"Angebot\",\"item\":\"https:\/\/www.wisentmachines.nl\/de\/angebot\/\"},{\"@type\":\"ListItem\",\"position\":3,\"name\":\"Bohren\",\"item\":\"https:\/\/www.wisentmachines.nl\/de\/produkt-kategorie\/bohren\/\"},{\"@type\":\"ListItem\",\"position\":4,\"name\":\"Tischbohrmaschinen\",\"item\":\"https:\/\/www.wisentmachines.nl\/de\/produkt-kategorie\/bohren\/tischbohrmaschinen\/\"},{\"@type\":\"ListItem\",\"position\":5,\"name\":\"DG25\"}]},{\"@type\":\"WebSite\",\"@id\":\"https:\/\/www.wisentmachines.nl\/de\/#website\",\"url\":\"https:\/\/www.wisentmachines.nl\/de\/\",\"name\":\"Wisent Machines\",\"description\":\"\",\"potentialAction\":[{\"@type\":\"SearchAction\",\"target\":{\"@type\":\"EntryPoint\",\"urlTemplate\":\"https:\/\/www.wisentmachines.nl\/de\/?s={search_term_string}\"},\"query-input\":{\"@type\":\"PropertyValueSpecification\",\"valueRequired\":true,\"valueName\":\"search_term_string\"}}],\"inLanguage\":\"de\"}]}<\/script>\n<!-- \/ Yoast SEO plugin. -->","yoast_head_json":{"title":"Wisent DG25 Tischbohrmaschine - Wisent Machines","description":"Die Tischbohrmaschine Wisent DG25 ist zahnradgetrieben. Reibungslose und starke \u00dcbertragung der Bohrspindel. H\u00f6henverstellbares und 360\u00b0 drehbares Spannfutter.","robots":{"index":"index","follow":"follow","max-snippet":"max-snippet:-1","max-image-preview":"max-image-preview:large","max-video-preview":"max-video-preview:-1"},"canonical":"https:\/\/www.wisentmachines.nl\/de\/produkt\/wisent-dg25-tafelboormachine\/","og_locale":"de_DE","og_type":"article","og_title":"Wisent DG25 Tischbohrmaschine - Wisent Machines","og_description":"Die Tischbohrmaschine Wisent DG25 ist zahnradgetrieben. Reibungslose und starke \u00dcbertragung der Bohrspindel. H\u00f6henverstellbares und 360\u00b0 drehbares Spannfutter.","og_url":"https:\/\/www.wisentmachines.nl\/de\/produkt\/wisent-dg25-tafelboormachine\/","og_site_name":"Wisent Machines","article_modified_time":"2023-05-04T08:04:28+00:00","og_image":[{"width":1000,"height":1000,"url":"https:\/\/www.wisentmachines.nl\/wp-content\/uploads\/2023\/01\/DG25.png","type":"image\/png"}],"twitter_card":"summary_large_image","twitter_misc":{"Gesch\u00e4tzte Lesezeit":"1\u00a0Minute"},"schema":{"@context":"https:\/\/schema.org","@graph":[{"@type":"WebPage","@id":"https:\/\/www.wisentmachines.nl\/de\/produkt\/wisent-dg25-tafelboormachine\/","url":"https:\/\/www.wisentmachines.nl\/de\/produkt\/wisent-dg25-tafelboormachine\/","name":"Wisent DG25 Tischbohrmaschine - Wisent Machines","isPartOf":{"@id":"https:\/\/www.wisentmachines.nl\/de\/#website"},"primaryImageOfPage":{"@id":"https:\/\/www.wisentmachines.nl\/de\/produkt\/wisent-dg25-tafelboormachine\/#primaryimage"},"image":{"@id":"https:\/\/www.wisentmachines.nl\/de\/produkt\/wisent-dg25-tafelboormachine\/#primaryimage"},"thumbnailUrl":"https:\/\/www.wisentmachines.nl\/wp-content\/uploads\/2023\/01\/DG25.png","datePublished":"2023-01-25T08:35:00+00:00","dateModified":"2023-05-04T08:04:28+00:00","description":"Die Tischbohrmaschine Wisent DG25 ist zahnradgetrieben. Reibungslose und starke \u00dcbertragung der Bohrspindel. H\u00f6henverstellbares und 360\u00b0 drehbares Spannfutter.","breadcrumb":{"@id":"https:\/\/www.wisentmachines.nl\/de\/produkt\/wisent-dg25-tafelboormachine\/#breadcrumb"},"inLanguage":"de","potentialAction":[{"@type":"ReadAction","target":["https:\/\/www.wisentmachines.nl\/de\/produkt\/wisent-dg25-tafelboormachine\/"]}]},{"@type":"ImageObject","inLanguage":"de","@id":"https:\/\/www.wisentmachines.nl\/de\/produkt\/wisent-dg25-tafelboormachine\/#primaryimage","url":"https:\/\/www.wisentmachines.nl\/wp-content\/uploads\/2023\/01\/DG25.png","contentUrl":"https:\/\/www.wisentmachines.nl\/wp-content\/uploads\/2023\/01\/DG25.png","width":1000,"height":1000},{"@type":"BreadcrumbList","@id":"https:\/\/www.wisentmachines.nl\/de\/produkt\/wisent-dg25-tafelboormachine\/#breadcrumb","itemListElement":[{"@type":"ListItem","position":1,"name":"Home","item":"https:\/\/www.wisentmachines.nl\/de\/"},{"@type":"ListItem","position":2,"name":"Angebot","item":"https:\/\/www.wisentmachines.nl\/de\/angebot\/"},{"@type":"ListItem","position":3,"name":"Bohren","item":"https:\/\/www.wisentmachines.nl\/de\/produkt-kategorie\/bohren\/"},{"@type":"ListItem","position":4,"name":"Tischbohrmaschinen","item":"https:\/\/www.wisentmachines.nl\/de\/produkt-kategorie\/bohren\/tischbohrmaschinen\/"},{"@type":"ListItem","position":5,"name":"DG25"}]},{"@type":"WebSite","@id":"https:\/\/www.wisentmachines.nl\/de\/#website","url":"https:\/\/www.wisentmachines.nl\/de\/","name":"Wisent Machines","description":"","potentialAction":[{"@type":"SearchAction","target":{"@type":"EntryPoint","urlTemplate":"https:\/\/www.wisentmachines.nl\/de\/?s={search_term_string}"},"query-input":{"@type":"PropertyValueSpecification","valueRequired":true,"valueName":"search_term_string"}}],"inLanguage":"de"}]}},"_links":{"self":[{"href":"https:\/\/www.wisentmachines.nl\/de\/wp-json\/wp\/v2\/product\/3989","targetHints":{"allow":["GET"]}}],"collection":[{"href":"https:\/\/www.wisentmachines.nl\/de\/wp-json\/wp\/v2\/product"}],"about":[{"href":"https:\/\/www.wisentmachines.nl\/de\/wp-json\/wp\/v2\/types\/product"}],"wp:featuredmedia":[{"embeddable":true,"href":"https:\/\/www.wisentmachines.nl\/de\/wp-json\/wp\/v2\/media\/1843"}],"wp:attachment":[{"href":"https:\/\/www.wisentmachines.nl\/de\/wp-json\/wp\/v2\/media?parent=3989"}],"wp:term":[{"taxonomy":"product_cat","embeddable":true,"href":"https:\/\/www.wisentmachines.nl\/de\/wp-json\/wp\/v2\/product_cat?post=3989"},{"taxonomy":"product_tag","embeddable":true,"href":"https:\/\/www.wisentmachines.nl\/de\/wp-json\/wp\/v2\/product_tag?post=3989"}],"curies":[{"name":"wp","href":"https:\/\/api.w.org\/{rel}","templated":true}]}}