{"id":4012,"date":"2023-01-25T14:40:53","date_gmt":"2023-01-25T13:40:53","guid":{"rendered":"https:\/\/www.wisentmachines.nl\/product\/wisent-dta32vp-kolomboormachine\/"},"modified":"2023-05-04T11:17:44","modified_gmt":"2023-05-04T09:17:44","slug":"wisent-dta32vp-saeulenbohrmaschine","status":"publish","type":"product","link":"https:\/\/www.wisentmachines.nl\/de\/produkt\/wisent-dta32vp-saeulenbohrmaschine\/","title":{"rendered":"DTA32VP"},"content":{"rendered":"<p>Die S\u00e4ulenbohrmaschine Wisent DTA32VP ist eine robuste S\u00e4ulenbohr- und Gewindeschneidmaschine mit einer Bohrkapazit\u00e4t von bis zu \u00d832mm und einer Gewindeschneidkapazit\u00e4t von M16. Einzigartig an dieser Maschine ist der automatische Vorschub in Kombination mit der variablen Bohrgeschwindigkeit. Zwischen den Bohrgeschwindigkeiten k\u00f6nnen Sie auch schnell per Hebel umschalten, die Reifen m\u00fcssen nicht bewegt werden! Die Wisent S\u00e4ulenbohrmaschinen sind von professioneller Qualit\u00e4t, robust konstruiert und wartungsarm. Der Bohrtisch (400x500mm) ist standardm\u00e4\u00dfig mit 3 T-Nuten 14mm zur Befestigung der Material- oder Maschinenklemme auf dem Tisch ausgestattet. Der Bohrtisch ist h\u00f6henverstellbar und um 360\u00b0 drehbar. Die Maschine hat eine variable Geschwindigkeit mit Digitalanzeige. Die K\u00fchlmitteleinrichtung ist im Maschinensockel integriert.<\/p>\n<p><strong>Der Wisent DTA32VP wird komplett geliefert mit<\/strong><\/p>\n<ul>\n<li>Maschinenbeleuchtung<\/li>\n<li>Schutzabdeckung mit Mikroschalter<\/li>\n<li>K\u00fchlmittelinstallation<\/li>\n<\/ul>\n","protected":false},"excerpt":{"rendered":"Die S\u00e4ulenbohrmaschine Wisent DTA32VP ist eine robuste S\u00e4ulenbohr- und Gewindeschneidmaschine mit einer Bohrkapazit\u00e4t von bis zu \u00d832mm und einer Gewindeschneidkapazit\u00e4t von M16. Einzigartig an dieser Maschine ist der automatische Vorschub in Kombination mit der variablen Bohrgeschwindigkeit.","protected":false},"featured_media":1857,"template":"","meta":{"_acf_changed":false},"product_cat":[139],"product_tag":[],"class_list":{"0":"post-4012","1":"product","2":"type-product","3":"status-publish","4":"has-post-thumbnail","6":"product_cat-saeulenbohrmaschinen","8":"first","9":"instock","10":"sale","11":"taxable","12":"shipping-taxable","13":"purchasable","14":"product-type-simple"},"acf":[],"yoast_head":"<!-- This site is optimized with the Yoast SEO plugin v24.3 - https:\/\/yoast.com\/wordpress\/plugins\/seo\/ -->\n<title>Wisent DTA32VP S\u00e4ulenbohrmaschine - Wisent Machines<\/title>\n<meta name=\"description\" content=\"Die S\u00e4ulenbohrmaschine Wisent DTA32VP ist eine robuste S\u00e4ulenbohr- und Gewindeschneidmaschine mit einer Bohrkapazit\u00e4t von bis zu \u00d832mm und einer Gewindeschneidkapazit\u00e4t von M16.\" \/>\n<meta name=\"robots\" content=\"index, follow, max-snippet:-1, max-image-preview:large, max-video-preview:-1\" \/>\n<link rel=\"canonical\" href=\"https:\/\/www.wisentmachines.nl\/de\/produkt\/wisent-dta32vp-saeulenbohrmaschine\/\" \/>\n<meta property=\"og:locale\" content=\"de_DE\" \/>\n<meta property=\"og:type\" content=\"article\" \/>\n<meta property=\"og:title\" content=\"Wisent DTA32VP S\u00e4ulenbohrmaschine - Wisent Machines\" \/>\n<meta property=\"og:description\" content=\"Die S\u00e4ulenbohrmaschine Wisent DTA32VP ist eine robuste S\u00e4ulenbohr- und Gewindeschneidmaschine mit einer Bohrkapazit\u00e4t von bis zu \u00d832mm und einer Gewindeschneidkapazit\u00e4t von M16.\" \/>\n<meta property=\"og:url\" content=\"https:\/\/www.wisentmachines.nl\/de\/produkt\/wisent-dta32vp-saeulenbohrmaschine\/\" \/>\n<meta property=\"og:site_name\" content=\"Wisent Machines\" \/>\n<meta property=\"article:modified_time\" content=\"2023-05-04T09:17:44+00:00\" \/>\n<meta property=\"og:image\" content=\"https:\/\/www.wisentmachines.nl\/wp-content\/uploads\/2023\/01\/DTA32VP.png\" \/>\n\t<meta property=\"og:image:width\" content=\"1000\" \/>\n\t<meta property=\"og:image:height\" content=\"1000\" \/>\n\t<meta property=\"og:image:type\" content=\"image\/png\" \/>\n<meta name=\"twitter:card\" content=\"summary_large_image\" \/>\n<meta name=\"twitter:label1\" content=\"Gesch\u00e4tzte Lesezeit\" \/>\n\t<meta name=\"twitter:data1\" content=\"1\u00a0Minute\" \/>\n<script type=\"application\/ld+json\" class=\"yoast-schema-graph\">{\"@context\":\"https:\/\/schema.org\",\"@graph\":[{\"@type\":\"WebPage\",\"@id\":\"https:\/\/www.wisentmachines.nl\/de\/produkt\/wisent-dta32vp-saeulenbohrmaschine\/\",\"url\":\"https:\/\/www.wisentmachines.nl\/de\/produkt\/wisent-dta32vp-saeulenbohrmaschine\/\",\"name\":\"Wisent DTA32VP S\u00e4ulenbohrmaschine - Wisent Machines\",\"isPartOf\":{\"@id\":\"https:\/\/www.wisentmachines.nl\/de\/#website\"},\"primaryImageOfPage\":{\"@id\":\"https:\/\/www.wisentmachines.nl\/de\/produkt\/wisent-dta32vp-saeulenbohrmaschine\/#primaryimage\"},\"image\":{\"@id\":\"https:\/\/www.wisentmachines.nl\/de\/produkt\/wisent-dta32vp-saeulenbohrmaschine\/#primaryimage\"},\"thumbnailUrl\":\"https:\/\/www.wisentmachines.nl\/wp-content\/uploads\/2023\/01\/DTA32VP.png\",\"datePublished\":\"2023-01-25T13:40:53+00:00\",\"dateModified\":\"2023-05-04T09:17:44+00:00\",\"description\":\"Die S\u00e4ulenbohrmaschine Wisent DTA32VP ist eine robuste S\u00e4ulenbohr- und Gewindeschneidmaschine mit einer Bohrkapazit\u00e4t von bis zu \u00d832mm und einer Gewindeschneidkapazit\u00e4t von M16.\",\"breadcrumb\":{\"@id\":\"https:\/\/www.wisentmachines.nl\/de\/produkt\/wisent-dta32vp-saeulenbohrmaschine\/#breadcrumb\"},\"inLanguage\":\"de\",\"potentialAction\":[{\"@type\":\"ReadAction\",\"target\":[\"https:\/\/www.wisentmachines.nl\/de\/produkt\/wisent-dta32vp-saeulenbohrmaschine\/\"]}]},{\"@type\":\"ImageObject\",\"inLanguage\":\"de\",\"@id\":\"https:\/\/www.wisentmachines.nl\/de\/produkt\/wisent-dta32vp-saeulenbohrmaschine\/#primaryimage\",\"url\":\"https:\/\/www.wisentmachines.nl\/wp-content\/uploads\/2023\/01\/DTA32VP.png\",\"contentUrl\":\"https:\/\/www.wisentmachines.nl\/wp-content\/uploads\/2023\/01\/DTA32VP.png\",\"width\":1000,\"height\":1000},{\"@type\":\"BreadcrumbList\",\"@id\":\"https:\/\/www.wisentmachines.nl\/de\/produkt\/wisent-dta32vp-saeulenbohrmaschine\/#breadcrumb\",\"itemListElement\":[{\"@type\":\"ListItem\",\"position\":1,\"name\":\"Home\",\"item\":\"https:\/\/www.wisentmachines.nl\/de\/\"},{\"@type\":\"ListItem\",\"position\":2,\"name\":\"Angebot\",\"item\":\"https:\/\/www.wisentmachines.nl\/de\/angebot\/\"},{\"@type\":\"ListItem\",\"position\":3,\"name\":\"Bohren\",\"item\":\"https:\/\/www.wisentmachines.nl\/de\/produkt-kategorie\/bohren\/\"},{\"@type\":\"ListItem\",\"position\":4,\"name\":\"S\u00e4ulenbohrmaschinen\",\"item\":\"https:\/\/www.wisentmachines.nl\/de\/produkt-kategorie\/bohren\/saeulenbohrmaschinen\/\"},{\"@type\":\"ListItem\",\"position\":5,\"name\":\"DTA32VP\"}]},{\"@type\":\"WebSite\",\"@id\":\"https:\/\/www.wisentmachines.nl\/de\/#website\",\"url\":\"https:\/\/www.wisentmachines.nl\/de\/\",\"name\":\"Wisent Machines\",\"description\":\"\",\"potentialAction\":[{\"@type\":\"SearchAction\",\"target\":{\"@type\":\"EntryPoint\",\"urlTemplate\":\"https:\/\/www.wisentmachines.nl\/de\/?s={search_term_string}\"},\"query-input\":{\"@type\":\"PropertyValueSpecification\",\"valueRequired\":true,\"valueName\":\"search_term_string\"}}],\"inLanguage\":\"de\"}]}<\/script>\n<!-- \/ Yoast SEO plugin. -->","yoast_head_json":{"title":"Wisent DTA32VP S\u00e4ulenbohrmaschine - Wisent Machines","description":"Die S\u00e4ulenbohrmaschine Wisent DTA32VP ist eine robuste S\u00e4ulenbohr- und Gewindeschneidmaschine mit einer Bohrkapazit\u00e4t von bis zu \u00d832mm und einer Gewindeschneidkapazit\u00e4t von M16.","robots":{"index":"index","follow":"follow","max-snippet":"max-snippet:-1","max-image-preview":"max-image-preview:large","max-video-preview":"max-video-preview:-1"},"canonical":"https:\/\/www.wisentmachines.nl\/de\/produkt\/wisent-dta32vp-saeulenbohrmaschine\/","og_locale":"de_DE","og_type":"article","og_title":"Wisent DTA32VP S\u00e4ulenbohrmaschine - Wisent Machines","og_description":"Die S\u00e4ulenbohrmaschine Wisent DTA32VP ist eine robuste S\u00e4ulenbohr- und Gewindeschneidmaschine mit einer Bohrkapazit\u00e4t von bis zu \u00d832mm und einer Gewindeschneidkapazit\u00e4t von M16.","og_url":"https:\/\/www.wisentmachines.nl\/de\/produkt\/wisent-dta32vp-saeulenbohrmaschine\/","og_site_name":"Wisent Machines","article_modified_time":"2023-05-04T09:17:44+00:00","og_image":[{"width":1000,"height":1000,"url":"https:\/\/www.wisentmachines.nl\/wp-content\/uploads\/2023\/01\/DTA32VP.png","type":"image\/png"}],"twitter_card":"summary_large_image","twitter_misc":{"Gesch\u00e4tzte Lesezeit":"1\u00a0Minute"},"schema":{"@context":"https:\/\/schema.org","@graph":[{"@type":"WebPage","@id":"https:\/\/www.wisentmachines.nl\/de\/produkt\/wisent-dta32vp-saeulenbohrmaschine\/","url":"https:\/\/www.wisentmachines.nl\/de\/produkt\/wisent-dta32vp-saeulenbohrmaschine\/","name":"Wisent DTA32VP S\u00e4ulenbohrmaschine - Wisent Machines","isPartOf":{"@id":"https:\/\/www.wisentmachines.nl\/de\/#website"},"primaryImageOfPage":{"@id":"https:\/\/www.wisentmachines.nl\/de\/produkt\/wisent-dta32vp-saeulenbohrmaschine\/#primaryimage"},"image":{"@id":"https:\/\/www.wisentmachines.nl\/de\/produkt\/wisent-dta32vp-saeulenbohrmaschine\/#primaryimage"},"thumbnailUrl":"https:\/\/www.wisentmachines.nl\/wp-content\/uploads\/2023\/01\/DTA32VP.png","datePublished":"2023-01-25T13:40:53+00:00","dateModified":"2023-05-04T09:17:44+00:00","description":"Die S\u00e4ulenbohrmaschine Wisent DTA32VP ist eine robuste S\u00e4ulenbohr- und Gewindeschneidmaschine mit einer Bohrkapazit\u00e4t von bis zu \u00d832mm und einer Gewindeschneidkapazit\u00e4t von M16.","breadcrumb":{"@id":"https:\/\/www.wisentmachines.nl\/de\/produkt\/wisent-dta32vp-saeulenbohrmaschine\/#breadcrumb"},"inLanguage":"de","potentialAction":[{"@type":"ReadAction","target":["https:\/\/www.wisentmachines.nl\/de\/produkt\/wisent-dta32vp-saeulenbohrmaschine\/"]}]},{"@type":"ImageObject","inLanguage":"de","@id":"https:\/\/www.wisentmachines.nl\/de\/produkt\/wisent-dta32vp-saeulenbohrmaschine\/#primaryimage","url":"https:\/\/www.wisentmachines.nl\/wp-content\/uploads\/2023\/01\/DTA32VP.png","contentUrl":"https:\/\/www.wisentmachines.nl\/wp-content\/uploads\/2023\/01\/DTA32VP.png","width":1000,"height":1000},{"@type":"BreadcrumbList","@id":"https:\/\/www.wisentmachines.nl\/de\/produkt\/wisent-dta32vp-saeulenbohrmaschine\/#breadcrumb","itemListElement":[{"@type":"ListItem","position":1,"name":"Home","item":"https:\/\/www.wisentmachines.nl\/de\/"},{"@type":"ListItem","position":2,"name":"Angebot","item":"https:\/\/www.wisentmachines.nl\/de\/angebot\/"},{"@type":"ListItem","position":3,"name":"Bohren","item":"https:\/\/www.wisentmachines.nl\/de\/produkt-kategorie\/bohren\/"},{"@type":"ListItem","position":4,"name":"S\u00e4ulenbohrmaschinen","item":"https:\/\/www.wisentmachines.nl\/de\/produkt-kategorie\/bohren\/saeulenbohrmaschinen\/"},{"@type":"ListItem","position":5,"name":"DTA32VP"}]},{"@type":"WebSite","@id":"https:\/\/www.wisentmachines.nl\/de\/#website","url":"https:\/\/www.wisentmachines.nl\/de\/","name":"Wisent Machines","description":"","potentialAction":[{"@type":"SearchAction","target":{"@type":"EntryPoint","urlTemplate":"https:\/\/www.wisentmachines.nl\/de\/?s={search_term_string}"},"query-input":{"@type":"PropertyValueSpecification","valueRequired":true,"valueName":"search_term_string"}}],"inLanguage":"de"}]}},"_links":{"self":[{"href":"https:\/\/www.wisentmachines.nl\/de\/wp-json\/wp\/v2\/product\/4012","targetHints":{"allow":["GET"]}}],"collection":[{"href":"https:\/\/www.wisentmachines.nl\/de\/wp-json\/wp\/v2\/product"}],"about":[{"href":"https:\/\/www.wisentmachines.nl\/de\/wp-json\/wp\/v2\/types\/product"}],"wp:featuredmedia":[{"embeddable":true,"href":"https:\/\/www.wisentmachines.nl\/de\/wp-json\/wp\/v2\/media\/1857"}],"wp:attachment":[{"href":"https:\/\/www.wisentmachines.nl\/de\/wp-json\/wp\/v2\/media?parent=4012"}],"wp:term":[{"taxonomy":"product_cat","embeddable":true,"href":"https:\/\/www.wisentmachines.nl\/de\/wp-json\/wp\/v2\/product_cat?post=4012"},{"taxonomy":"product_tag","embeddable":true,"href":"https:\/\/www.wisentmachines.nl\/de\/wp-json\/wp\/v2\/product_tag?post=4012"}],"curies":[{"name":"wp","href":"https:\/\/api.w.org\/{rel}","templated":true}]}}