{"id":4028,"date":"2023-01-26T11:46:29","date_gmt":"2023-01-26T10:46:29","guid":{"rendered":"https:\/\/www.wisentmachines.nl\/product\/wisent-koelvloeistofunit\/"},"modified":"2023-05-04T16:18:56","modified_gmt":"2023-05-04T14:18:56","slug":"wisent-kuehlmitteleinrichtung","status":"publish","type":"product","link":"https:\/\/www.wisentmachines.nl\/de\/produkt\/wisent-kuehlmitteleinrichtung\/","title":{"rendered":"K\u00fchleinheit"},"content":{"rendered":"<p>Die K\u00fchlmitteleinrichtung Wisent ist ideal zum K\u00fchlen Ihrer Bohrer.<\/p>\n<p><strong>K\u00fchlmittelset komplett mit<\/strong><\/p>\n<ul>\n<li>K\u00fchlmittelpumpe<\/li>\n<li>Flexibler K\u00fchlschlauch mit Magnetfu\u00df<\/li>\n<li>K\u00fchlschlauch<\/li>\n<li>K\u00fchlmittelbeh\u00e4lter 16 Liter<\/li>\n<li>400-Volt-Anschluss, mit Schalter<\/li>\n<li>Abmessungen 370 x 250 x 180 mm<\/li>\n<li>Teilenummer 674300010<\/li>\n<\/ul>\n","protected":false},"excerpt":{"rendered":"Die K\u00fchlmitteleinrichtung Wisent ist ideal zum K\u00fchlen Ihrer Bohrer.","protected":false},"featured_media":1859,"template":"","meta":{"_acf_changed":false},"product_cat":[142],"product_tag":[],"class_list":{"0":"post-4028","1":"product","2":"type-product","3":"status-publish","4":"has-post-thumbnail","6":"product_cat-sonstiges-zubehoer","8":"first","9":"instock","10":"sale","11":"taxable","12":"shipping-taxable","13":"purchasable","14":"product-type-simple"},"acf":[],"yoast_head":"<!-- This site is optimized with the Yoast SEO plugin v24.3 - https:\/\/yoast.com\/wordpress\/plugins\/seo\/ -->\n<title>Wisent K\u00fchlmitteleinrichtung - Wisent Machines<\/title>\n<meta name=\"description\" content=\"Die Wisent-K\u00fchlmitteleinheit ist ein komplettes Set mit einem 16-Liter-K\u00fchlmittelbeh\u00e4lter. Ideal zum K\u00fchlen Ihrer Bohrer.\" \/>\n<meta name=\"robots\" content=\"index, follow, max-snippet:-1, max-image-preview:large, max-video-preview:-1\" \/>\n<link rel=\"canonical\" href=\"https:\/\/www.wisentmachines.nl\/de\/produkt\/wisent-kuehlmitteleinrichtung\/\" \/>\n<meta property=\"og:locale\" content=\"de_DE\" \/>\n<meta property=\"og:type\" content=\"article\" \/>\n<meta property=\"og:title\" content=\"Wisent K\u00fchlmitteleinrichtung - Wisent Machines\" \/>\n<meta property=\"og:description\" content=\"Die Wisent-K\u00fchlmitteleinheit ist ein komplettes Set mit einem 16-Liter-K\u00fchlmittelbeh\u00e4lter. Ideal zum K\u00fchlen Ihrer Bohrer.\" \/>\n<meta property=\"og:url\" content=\"https:\/\/www.wisentmachines.nl\/de\/produkt\/wisent-kuehlmitteleinrichtung\/\" \/>\n<meta property=\"og:site_name\" content=\"Wisent Machines\" \/>\n<meta property=\"article:modified_time\" content=\"2023-05-04T14:18:56+00:00\" \/>\n<meta property=\"og:image\" content=\"https:\/\/www.wisentmachines.nl\/wp-content\/uploads\/2023\/01\/koelvloeistofunit.png\" \/>\n\t<meta property=\"og:image:width\" content=\"1000\" \/>\n\t<meta property=\"og:image:height\" content=\"1000\" \/>\n\t<meta property=\"og:image:type\" content=\"image\/png\" \/>\n<meta name=\"twitter:card\" content=\"summary_large_image\" \/>\n<meta name=\"twitter:label1\" content=\"Gesch\u00e4tzte Lesezeit\" \/>\n\t<meta name=\"twitter:data1\" content=\"1\u00a0Minute\" \/>\n<script type=\"application\/ld+json\" class=\"yoast-schema-graph\">{\"@context\":\"https:\/\/schema.org\",\"@graph\":[{\"@type\":\"WebPage\",\"@id\":\"https:\/\/www.wisentmachines.nl\/de\/produkt\/wisent-kuehlmitteleinrichtung\/\",\"url\":\"https:\/\/www.wisentmachines.nl\/de\/produkt\/wisent-kuehlmitteleinrichtung\/\",\"name\":\"Wisent K\u00fchlmitteleinrichtung - Wisent Machines\",\"isPartOf\":{\"@id\":\"https:\/\/www.wisentmachines.nl\/de\/#website\"},\"primaryImageOfPage\":{\"@id\":\"https:\/\/www.wisentmachines.nl\/de\/produkt\/wisent-kuehlmitteleinrichtung\/#primaryimage\"},\"image\":{\"@id\":\"https:\/\/www.wisentmachines.nl\/de\/produkt\/wisent-kuehlmitteleinrichtung\/#primaryimage\"},\"thumbnailUrl\":\"https:\/\/www.wisentmachines.nl\/wp-content\/uploads\/2023\/01\/koelvloeistofunit.png\",\"datePublished\":\"2023-01-26T10:46:29+00:00\",\"dateModified\":\"2023-05-04T14:18:56+00:00\",\"description\":\"Die Wisent-K\u00fchlmitteleinheit ist ein komplettes Set mit einem 16-Liter-K\u00fchlmittelbeh\u00e4lter. Ideal zum K\u00fchlen Ihrer Bohrer.\",\"breadcrumb\":{\"@id\":\"https:\/\/www.wisentmachines.nl\/de\/produkt\/wisent-kuehlmitteleinrichtung\/#breadcrumb\"},\"inLanguage\":\"de\",\"potentialAction\":[{\"@type\":\"ReadAction\",\"target\":[\"https:\/\/www.wisentmachines.nl\/de\/produkt\/wisent-kuehlmitteleinrichtung\/\"]}]},{\"@type\":\"ImageObject\",\"inLanguage\":\"de\",\"@id\":\"https:\/\/www.wisentmachines.nl\/de\/produkt\/wisent-kuehlmitteleinrichtung\/#primaryimage\",\"url\":\"https:\/\/www.wisentmachines.nl\/wp-content\/uploads\/2023\/01\/koelvloeistofunit.png\",\"contentUrl\":\"https:\/\/www.wisentmachines.nl\/wp-content\/uploads\/2023\/01\/koelvloeistofunit.png\",\"width\":1000,\"height\":1000},{\"@type\":\"BreadcrumbList\",\"@id\":\"https:\/\/www.wisentmachines.nl\/de\/produkt\/wisent-kuehlmitteleinrichtung\/#breadcrumb\",\"itemListElement\":[{\"@type\":\"ListItem\",\"position\":1,\"name\":\"Home\",\"item\":\"https:\/\/www.wisentmachines.nl\/de\/\"},{\"@type\":\"ListItem\",\"position\":2,\"name\":\"Angebot\",\"item\":\"https:\/\/www.wisentmachines.nl\/de\/angebot\/\"},{\"@type\":\"ListItem\",\"position\":3,\"name\":\"Bohren\",\"item\":\"https:\/\/www.wisentmachines.nl\/de\/produkt-kategorie\/bohren\/\"},{\"@type\":\"ListItem\",\"position\":4,\"name\":\"Zubeh\u00f6r\",\"item\":\"https:\/\/www.wisentmachines.nl\/de\/produkt-kategorie\/bohren\/zubehoer-de-2\/\"},{\"@type\":\"ListItem\",\"position\":5,\"name\":\"Sonstiges Zubeh\u00f6r\",\"item\":\"https:\/\/www.wisentmachines.nl\/de\/produkt-kategorie\/bohren\/zubehoer-de-2\/sonstiges-zubehoer\/\"},{\"@type\":\"ListItem\",\"position\":6,\"name\":\"K\u00fchleinheit\"}]},{\"@type\":\"WebSite\",\"@id\":\"https:\/\/www.wisentmachines.nl\/de\/#website\",\"url\":\"https:\/\/www.wisentmachines.nl\/de\/\",\"name\":\"Wisent Machines\",\"description\":\"\",\"potentialAction\":[{\"@type\":\"SearchAction\",\"target\":{\"@type\":\"EntryPoint\",\"urlTemplate\":\"https:\/\/www.wisentmachines.nl\/de\/?s={search_term_string}\"},\"query-input\":{\"@type\":\"PropertyValueSpecification\",\"valueRequired\":true,\"valueName\":\"search_term_string\"}}],\"inLanguage\":\"de\"}]}<\/script>\n<!-- \/ Yoast SEO plugin. -->","yoast_head_json":{"title":"Wisent K\u00fchlmitteleinrichtung - Wisent Machines","description":"Die Wisent-K\u00fchlmitteleinheit ist ein komplettes Set mit einem 16-Liter-K\u00fchlmittelbeh\u00e4lter. Ideal zum K\u00fchlen Ihrer Bohrer.","robots":{"index":"index","follow":"follow","max-snippet":"max-snippet:-1","max-image-preview":"max-image-preview:large","max-video-preview":"max-video-preview:-1"},"canonical":"https:\/\/www.wisentmachines.nl\/de\/produkt\/wisent-kuehlmitteleinrichtung\/","og_locale":"de_DE","og_type":"article","og_title":"Wisent K\u00fchlmitteleinrichtung - Wisent Machines","og_description":"Die Wisent-K\u00fchlmitteleinheit ist ein komplettes Set mit einem 16-Liter-K\u00fchlmittelbeh\u00e4lter. Ideal zum K\u00fchlen Ihrer Bohrer.","og_url":"https:\/\/www.wisentmachines.nl\/de\/produkt\/wisent-kuehlmitteleinrichtung\/","og_site_name":"Wisent Machines","article_modified_time":"2023-05-04T14:18:56+00:00","og_image":[{"width":1000,"height":1000,"url":"https:\/\/www.wisentmachines.nl\/wp-content\/uploads\/2023\/01\/koelvloeistofunit.png","type":"image\/png"}],"twitter_card":"summary_large_image","twitter_misc":{"Gesch\u00e4tzte Lesezeit":"1\u00a0Minute"},"schema":{"@context":"https:\/\/schema.org","@graph":[{"@type":"WebPage","@id":"https:\/\/www.wisentmachines.nl\/de\/produkt\/wisent-kuehlmitteleinrichtung\/","url":"https:\/\/www.wisentmachines.nl\/de\/produkt\/wisent-kuehlmitteleinrichtung\/","name":"Wisent K\u00fchlmitteleinrichtung - Wisent Machines","isPartOf":{"@id":"https:\/\/www.wisentmachines.nl\/de\/#website"},"primaryImageOfPage":{"@id":"https:\/\/www.wisentmachines.nl\/de\/produkt\/wisent-kuehlmitteleinrichtung\/#primaryimage"},"image":{"@id":"https:\/\/www.wisentmachines.nl\/de\/produkt\/wisent-kuehlmitteleinrichtung\/#primaryimage"},"thumbnailUrl":"https:\/\/www.wisentmachines.nl\/wp-content\/uploads\/2023\/01\/koelvloeistofunit.png","datePublished":"2023-01-26T10:46:29+00:00","dateModified":"2023-05-04T14:18:56+00:00","description":"Die Wisent-K\u00fchlmitteleinheit ist ein komplettes Set mit einem 16-Liter-K\u00fchlmittelbeh\u00e4lter. Ideal zum K\u00fchlen Ihrer Bohrer.","breadcrumb":{"@id":"https:\/\/www.wisentmachines.nl\/de\/produkt\/wisent-kuehlmitteleinrichtung\/#breadcrumb"},"inLanguage":"de","potentialAction":[{"@type":"ReadAction","target":["https:\/\/www.wisentmachines.nl\/de\/produkt\/wisent-kuehlmitteleinrichtung\/"]}]},{"@type":"ImageObject","inLanguage":"de","@id":"https:\/\/www.wisentmachines.nl\/de\/produkt\/wisent-kuehlmitteleinrichtung\/#primaryimage","url":"https:\/\/www.wisentmachines.nl\/wp-content\/uploads\/2023\/01\/koelvloeistofunit.png","contentUrl":"https:\/\/www.wisentmachines.nl\/wp-content\/uploads\/2023\/01\/koelvloeistofunit.png","width":1000,"height":1000},{"@type":"BreadcrumbList","@id":"https:\/\/www.wisentmachines.nl\/de\/produkt\/wisent-kuehlmitteleinrichtung\/#breadcrumb","itemListElement":[{"@type":"ListItem","position":1,"name":"Home","item":"https:\/\/www.wisentmachines.nl\/de\/"},{"@type":"ListItem","position":2,"name":"Angebot","item":"https:\/\/www.wisentmachines.nl\/de\/angebot\/"},{"@type":"ListItem","position":3,"name":"Bohren","item":"https:\/\/www.wisentmachines.nl\/de\/produkt-kategorie\/bohren\/"},{"@type":"ListItem","position":4,"name":"Zubeh\u00f6r","item":"https:\/\/www.wisentmachines.nl\/de\/produkt-kategorie\/bohren\/zubehoer-de-2\/"},{"@type":"ListItem","position":5,"name":"Sonstiges Zubeh\u00f6r","item":"https:\/\/www.wisentmachines.nl\/de\/produkt-kategorie\/bohren\/zubehoer-de-2\/sonstiges-zubehoer\/"},{"@type":"ListItem","position":6,"name":"K\u00fchleinheit"}]},{"@type":"WebSite","@id":"https:\/\/www.wisentmachines.nl\/de\/#website","url":"https:\/\/www.wisentmachines.nl\/de\/","name":"Wisent Machines","description":"","potentialAction":[{"@type":"SearchAction","target":{"@type":"EntryPoint","urlTemplate":"https:\/\/www.wisentmachines.nl\/de\/?s={search_term_string}"},"query-input":{"@type":"PropertyValueSpecification","valueRequired":true,"valueName":"search_term_string"}}],"inLanguage":"de"}]}},"_links":{"self":[{"href":"https:\/\/www.wisentmachines.nl\/de\/wp-json\/wp\/v2\/product\/4028","targetHints":{"allow":["GET"]}}],"collection":[{"href":"https:\/\/www.wisentmachines.nl\/de\/wp-json\/wp\/v2\/product"}],"about":[{"href":"https:\/\/www.wisentmachines.nl\/de\/wp-json\/wp\/v2\/types\/product"}],"wp:featuredmedia":[{"embeddable":true,"href":"https:\/\/www.wisentmachines.nl\/de\/wp-json\/wp\/v2\/media\/1859"}],"wp:attachment":[{"href":"https:\/\/www.wisentmachines.nl\/de\/wp-json\/wp\/v2\/media?parent=4028"}],"wp:term":[{"taxonomy":"product_cat","embeddable":true,"href":"https:\/\/www.wisentmachines.nl\/de\/wp-json\/wp\/v2\/product_cat?post=4028"},{"taxonomy":"product_tag","embeddable":true,"href":"https:\/\/www.wisentmachines.nl\/de\/wp-json\/wp\/v2\/product_tag?post=4028"}],"curies":[{"name":"wp","href":"https:\/\/api.w.org\/{rel}","templated":true}]}}