{"id":4045,"date":"2023-02-23T13:53:00","date_gmt":"2023-02-23T12:53:00","guid":{"rendered":"https:\/\/www.wisentmachines.nl\/product\/beschermkap-type-m1\/"},"modified":"2023-05-05T14:04:40","modified_gmt":"2023-05-05T12:04:40","slug":"bohrschutz-type-m1","status":"publish","type":"product","link":"https:\/\/www.wisentmachines.nl\/de\/produkt\/bohrschutz-type-m1\/","title":{"rendered":"Type M1"},"content":{"rendered":"<p>Starke, solide Schutzabdeckung f\u00fcr Bohrmaschinen, Radialbohrmaschinen, S\u00e4ulenbohrmaschinen, Tischbohrmaschinen und dergleichen. Dieser Schutz sch\u00fctzt den Benutzer vor Sp\u00e4nen, K\u00fchl\u00f6l und schirmt rotierende Teile ab, sodass der Benutzer nicht gleichzeitig die Bohrmaschine halten und die Maschine starten kann. Die Schutzh\u00fclle ist transparent und besteht aus einem hervorragenden Kunststoff, der in 4 Ecken platziert ist. Die Schutzabdeckung kann an jeder Art und Marke von S\u00e4ulenbohrmaschinen montiert werden.<\/p>\n<ul>\n<li>Schutzabdeckung mit Mikroschalter ausgestattet<\/li>\n<li>Schutzhaube um 360\u00b0 drehbar und h\u00f6henverstellbar<\/li>\n<li>Passend f\u00fcr alle Wisent Tisch- und S\u00e4ulenbohrmaschinen und diverse andere Marken<\/li>\n<li>H\u00f6he 200mm<\/li>\n<li>Breite 230 mm<\/li>\n<\/ul>\n","protected":false},"excerpt":{"rendered":"Starke, solide Schutzabdeckung f\u00fcr Bohrmaschinen, Radialbohrmaschinen, S\u00e4ulenbohrmaschinen, Tischbohrmaschinen und dergleichen.","protected":false},"featured_media":4741,"template":"","meta":{"_acf_changed":false},"product_cat":[144],"product_tag":[],"class_list":{"0":"post-4045","1":"product","2":"type-product","3":"status-publish","4":"has-post-thumbnail","6":"product_cat-bohrschutz","8":"first","9":"instock","10":"sale","11":"taxable","12":"shipping-taxable","13":"purchasable","14":"product-type-simple"},"acf":[],"yoast_head":"<!-- This site is optimized with the Yoast SEO plugin v24.3 - https:\/\/yoast.com\/wordpress\/plugins\/seo\/ -->\n<title>Wisent Bohrschutz Type M1 - Wisent Machines<\/title>\n<meta name=\"description\" content=\"Diese Schutzh\u00fclle sch\u00fctzt vor Sp\u00e4nen und K\u00fchl\u00f6l. Schirmt rotierende Teile ab. Ausgestattet mit Mikroschalter und 360\u00b0 drehbar und h\u00f6henverstellbar\" \/>\n<meta name=\"robots\" content=\"index, follow, max-snippet:-1, max-image-preview:large, max-video-preview:-1\" \/>\n<link rel=\"canonical\" href=\"https:\/\/www.wisentmachines.nl\/de\/produkt\/bohrschutz-type-m1\/\" \/>\n<meta property=\"og:locale\" content=\"de_DE\" \/>\n<meta property=\"og:type\" content=\"article\" \/>\n<meta property=\"og:title\" content=\"Wisent Bohrschutz Type M1 - Wisent Machines\" \/>\n<meta property=\"og:description\" content=\"Diese Schutzh\u00fclle sch\u00fctzt vor Sp\u00e4nen und K\u00fchl\u00f6l. Schirmt rotierende Teile ab. Ausgestattet mit Mikroschalter und 360\u00b0 drehbar und h\u00f6henverstellbar\" \/>\n<meta property=\"og:url\" content=\"https:\/\/www.wisentmachines.nl\/de\/produkt\/bohrschutz-type-m1\/\" \/>\n<meta property=\"og:site_name\" content=\"Wisent Machines\" \/>\n<meta property=\"article:modified_time\" content=\"2023-05-05T12:04:40+00:00\" \/>\n<meta property=\"og:image\" content=\"https:\/\/www.wisentmachines.nl\/wp-content\/uploads\/2023\/02\/m1.png\" \/>\n\t<meta property=\"og:image:width\" content=\"1000\" \/>\n\t<meta property=\"og:image:height\" content=\"1000\" \/>\n\t<meta property=\"og:image:type\" content=\"image\/png\" \/>\n<meta name=\"twitter:card\" content=\"summary_large_image\" \/>\n<meta name=\"twitter:label1\" content=\"Gesch\u00e4tzte Lesezeit\" \/>\n\t<meta name=\"twitter:data1\" content=\"1\u00a0Minute\" \/>\n<script type=\"application\/ld+json\" class=\"yoast-schema-graph\">{\"@context\":\"https:\/\/schema.org\",\"@graph\":[{\"@type\":\"WebPage\",\"@id\":\"https:\/\/www.wisentmachines.nl\/de\/produkt\/bohrschutz-type-m1\/\",\"url\":\"https:\/\/www.wisentmachines.nl\/de\/produkt\/bohrschutz-type-m1\/\",\"name\":\"Wisent Bohrschutz Type M1 - Wisent Machines\",\"isPartOf\":{\"@id\":\"https:\/\/www.wisentmachines.nl\/de\/#website\"},\"primaryImageOfPage\":{\"@id\":\"https:\/\/www.wisentmachines.nl\/de\/produkt\/bohrschutz-type-m1\/#primaryimage\"},\"image\":{\"@id\":\"https:\/\/www.wisentmachines.nl\/de\/produkt\/bohrschutz-type-m1\/#primaryimage\"},\"thumbnailUrl\":\"https:\/\/www.wisentmachines.nl\/wp-content\/uploads\/2023\/02\/m1-1.jpg\",\"datePublished\":\"2023-02-23T12:53:00+00:00\",\"dateModified\":\"2023-05-05T12:04:40+00:00\",\"description\":\"Diese Schutzh\u00fclle sch\u00fctzt vor Sp\u00e4nen und K\u00fchl\u00f6l. Schirmt rotierende Teile ab. Ausgestattet mit Mikroschalter und 360\u00b0 drehbar und h\u00f6henverstellbar\",\"breadcrumb\":{\"@id\":\"https:\/\/www.wisentmachines.nl\/de\/produkt\/bohrschutz-type-m1\/#breadcrumb\"},\"inLanguage\":\"de\",\"potentialAction\":[{\"@type\":\"ReadAction\",\"target\":[\"https:\/\/www.wisentmachines.nl\/de\/produkt\/bohrschutz-type-m1\/\"]}]},{\"@type\":\"ImageObject\",\"inLanguage\":\"de\",\"@id\":\"https:\/\/www.wisentmachines.nl\/de\/produkt\/bohrschutz-type-m1\/#primaryimage\",\"url\":\"https:\/\/www.wisentmachines.nl\/wp-content\/uploads\/2023\/02\/m1-1.jpg\",\"contentUrl\":\"https:\/\/www.wisentmachines.nl\/wp-content\/uploads\/2023\/02\/m1-1.jpg\",\"width\":1000,\"height\":1000},{\"@type\":\"BreadcrumbList\",\"@id\":\"https:\/\/www.wisentmachines.nl\/de\/produkt\/bohrschutz-type-m1\/#breadcrumb\",\"itemListElement\":[{\"@type\":\"ListItem\",\"position\":1,\"name\":\"Home\",\"item\":\"https:\/\/www.wisentmachines.nl\/de\/\"},{\"@type\":\"ListItem\",\"position\":2,\"name\":\"Angebot\",\"item\":\"https:\/\/www.wisentmachines.nl\/de\/angebot\/\"},{\"@type\":\"ListItem\",\"position\":3,\"name\":\"Bohren\",\"item\":\"https:\/\/www.wisentmachines.nl\/de\/produkt-kategorie\/bohren\/\"},{\"@type\":\"ListItem\",\"position\":4,\"name\":\"Zubeh\u00f6r\",\"item\":\"https:\/\/www.wisentmachines.nl\/de\/produkt-kategorie\/bohren\/zubehoer-de-2\/\"},{\"@type\":\"ListItem\",\"position\":5,\"name\":\"Bohrschutz\",\"item\":\"https:\/\/www.wisentmachines.nl\/de\/produkt-kategorie\/bohren\/zubehoer-de-2\/bohrschutz\/\"},{\"@type\":\"ListItem\",\"position\":6,\"name\":\"Type M1\"}]},{\"@type\":\"WebSite\",\"@id\":\"https:\/\/www.wisentmachines.nl\/de\/#website\",\"url\":\"https:\/\/www.wisentmachines.nl\/de\/\",\"name\":\"Wisent Machines\",\"description\":\"\",\"potentialAction\":[{\"@type\":\"SearchAction\",\"target\":{\"@type\":\"EntryPoint\",\"urlTemplate\":\"https:\/\/www.wisentmachines.nl\/de\/?s={search_term_string}\"},\"query-input\":{\"@type\":\"PropertyValueSpecification\",\"valueRequired\":true,\"valueName\":\"search_term_string\"}}],\"inLanguage\":\"de\"}]}<\/script>\n<!-- \/ Yoast SEO plugin. -->","yoast_head_json":{"title":"Wisent Bohrschutz Type M1 - Wisent Machines","description":"Diese Schutzh\u00fclle sch\u00fctzt vor Sp\u00e4nen und K\u00fchl\u00f6l. Schirmt rotierende Teile ab. Ausgestattet mit Mikroschalter und 360\u00b0 drehbar und h\u00f6henverstellbar","robots":{"index":"index","follow":"follow","max-snippet":"max-snippet:-1","max-image-preview":"max-image-preview:large","max-video-preview":"max-video-preview:-1"},"canonical":"https:\/\/www.wisentmachines.nl\/de\/produkt\/bohrschutz-type-m1\/","og_locale":"de_DE","og_type":"article","og_title":"Wisent Bohrschutz Type M1 - Wisent Machines","og_description":"Diese Schutzh\u00fclle sch\u00fctzt vor Sp\u00e4nen und K\u00fchl\u00f6l. Schirmt rotierende Teile ab. Ausgestattet mit Mikroschalter und 360\u00b0 drehbar und h\u00f6henverstellbar","og_url":"https:\/\/www.wisentmachines.nl\/de\/produkt\/bohrschutz-type-m1\/","og_site_name":"Wisent Machines","article_modified_time":"2023-05-05T12:04:40+00:00","og_image":[{"width":1000,"height":1000,"url":"https:\/\/www.wisentmachines.nl\/wp-content\/uploads\/2023\/02\/m1.png","type":"image\/png"}],"twitter_card":"summary_large_image","twitter_misc":{"Gesch\u00e4tzte Lesezeit":"1\u00a0Minute"},"schema":{"@context":"https:\/\/schema.org","@graph":[{"@type":"WebPage","@id":"https:\/\/www.wisentmachines.nl\/de\/produkt\/bohrschutz-type-m1\/","url":"https:\/\/www.wisentmachines.nl\/de\/produkt\/bohrschutz-type-m1\/","name":"Wisent Bohrschutz Type M1 - Wisent Machines","isPartOf":{"@id":"https:\/\/www.wisentmachines.nl\/de\/#website"},"primaryImageOfPage":{"@id":"https:\/\/www.wisentmachines.nl\/de\/produkt\/bohrschutz-type-m1\/#primaryimage"},"image":{"@id":"https:\/\/www.wisentmachines.nl\/de\/produkt\/bohrschutz-type-m1\/#primaryimage"},"thumbnailUrl":"https:\/\/www.wisentmachines.nl\/wp-content\/uploads\/2023\/02\/m1-1.jpg","datePublished":"2023-02-23T12:53:00+00:00","dateModified":"2023-05-05T12:04:40+00:00","description":"Diese Schutzh\u00fclle sch\u00fctzt vor Sp\u00e4nen und K\u00fchl\u00f6l. Schirmt rotierende Teile ab. Ausgestattet mit Mikroschalter und 360\u00b0 drehbar und h\u00f6henverstellbar","breadcrumb":{"@id":"https:\/\/www.wisentmachines.nl\/de\/produkt\/bohrschutz-type-m1\/#breadcrumb"},"inLanguage":"de","potentialAction":[{"@type":"ReadAction","target":["https:\/\/www.wisentmachines.nl\/de\/produkt\/bohrschutz-type-m1\/"]}]},{"@type":"ImageObject","inLanguage":"de","@id":"https:\/\/www.wisentmachines.nl\/de\/produkt\/bohrschutz-type-m1\/#primaryimage","url":"https:\/\/www.wisentmachines.nl\/wp-content\/uploads\/2023\/02\/m1-1.jpg","contentUrl":"https:\/\/www.wisentmachines.nl\/wp-content\/uploads\/2023\/02\/m1-1.jpg","width":1000,"height":1000},{"@type":"BreadcrumbList","@id":"https:\/\/www.wisentmachines.nl\/de\/produkt\/bohrschutz-type-m1\/#breadcrumb","itemListElement":[{"@type":"ListItem","position":1,"name":"Home","item":"https:\/\/www.wisentmachines.nl\/de\/"},{"@type":"ListItem","position":2,"name":"Angebot","item":"https:\/\/www.wisentmachines.nl\/de\/angebot\/"},{"@type":"ListItem","position":3,"name":"Bohren","item":"https:\/\/www.wisentmachines.nl\/de\/produkt-kategorie\/bohren\/"},{"@type":"ListItem","position":4,"name":"Zubeh\u00f6r","item":"https:\/\/www.wisentmachines.nl\/de\/produkt-kategorie\/bohren\/zubehoer-de-2\/"},{"@type":"ListItem","position":5,"name":"Bohrschutz","item":"https:\/\/www.wisentmachines.nl\/de\/produkt-kategorie\/bohren\/zubehoer-de-2\/bohrschutz\/"},{"@type":"ListItem","position":6,"name":"Type M1"}]},{"@type":"WebSite","@id":"https:\/\/www.wisentmachines.nl\/de\/#website","url":"https:\/\/www.wisentmachines.nl\/de\/","name":"Wisent Machines","description":"","potentialAction":[{"@type":"SearchAction","target":{"@type":"EntryPoint","urlTemplate":"https:\/\/www.wisentmachines.nl\/de\/?s={search_term_string}"},"query-input":{"@type":"PropertyValueSpecification","valueRequired":true,"valueName":"search_term_string"}}],"inLanguage":"de"}]}},"_links":{"self":[{"href":"https:\/\/www.wisentmachines.nl\/de\/wp-json\/wp\/v2\/product\/4045","targetHints":{"allow":["GET"]}}],"collection":[{"href":"https:\/\/www.wisentmachines.nl\/de\/wp-json\/wp\/v2\/product"}],"about":[{"href":"https:\/\/www.wisentmachines.nl\/de\/wp-json\/wp\/v2\/types\/product"}],"wp:featuredmedia":[{"embeddable":true,"href":"https:\/\/www.wisentmachines.nl\/de\/wp-json\/wp\/v2\/media\/4741"}],"wp:attachment":[{"href":"https:\/\/www.wisentmachines.nl\/de\/wp-json\/wp\/v2\/media?parent=4045"}],"wp:term":[{"taxonomy":"product_cat","embeddable":true,"href":"https:\/\/www.wisentmachines.nl\/de\/wp-json\/wp\/v2\/product_cat?post=4045"},{"taxonomy":"product_tag","embeddable":true,"href":"https:\/\/www.wisentmachines.nl\/de\/wp-json\/wp\/v2\/product_tag?post=4045"}],"curies":[{"name":"wp","href":"https:\/\/api.w.org\/{rel}","templated":true}]}}