{"id":4098,"date":"2023-02-15T16:20:45","date_gmt":"2023-02-15T15:20:45","guid":{"rendered":"https:\/\/www.wisentmachines.nl\/product\/whz-pijpuitklinker\/"},"modified":"2023-05-11T13:51:46","modified_gmt":"2023-05-11T11:51:46","slug":"whz-rohrausklinker","status":"publish","type":"product","link":"https:\/\/www.wisentmachines.nl\/de\/produkt\/whz-rohrausklinker\/","title":{"rendered":"WHZ"},"content":{"rendered":"<p>Die Wisent WHZ Rohrausklinker eignen sich ideal zum Zusammenschwei\u00dfen von Rohren und Leitungen im 90\u00b0-Winkel. Pro Variante k\u00f6nnen mehrere Durchmesser gebogen werden. Geeignet f\u00fcr d\u00fcnnwandige Stahl-, Edelstahl-, Aluminium- und andere Rohre.<\/p>\n","protected":false},"excerpt":{"rendered":"Die Wisent WHZ Rohrausklinker eignen sich ideal zum Zusammenschwei\u00dfen von Rohren und Leitungen im 90\u00b0-Winkel.","protected":false},"featured_media":1977,"template":"","meta":{"_acf_changed":false},"product_cat":[147],"product_tag":[],"class_list":{"0":"post-4098","1":"product","2":"type-product","3":"status-publish","4":"has-post-thumbnail","6":"product_cat-rohrausschleifer-ausklinker","8":"first","9":"instock","10":"sale","11":"taxable","12":"shipping-taxable","13":"purchasable","14":"product-type-simple"},"acf":[],"yoast_head":"<!-- This site is optimized with the Yoast SEO plugin v24.3 - https:\/\/yoast.com\/wordpress\/plugins\/seo\/ -->\n<title>Wisent WHZ Rohrausklinker - Wisent Machines<\/title>\n<meta name=\"description\" content=\"Wisent-Rohrausklinker eignen sich ideal zum Zusammenschwei\u00dfen von Rohren und Leitungen im 90\u00b0-Winkel. Pro Variante k\u00f6nnen mehrere Durchmesser gebogen werden.\" \/>\n<meta name=\"robots\" content=\"index, follow, max-snippet:-1, max-image-preview:large, max-video-preview:-1\" \/>\n<link rel=\"canonical\" href=\"https:\/\/www.wisentmachines.nl\/de\/produkt\/whz-rohrausklinker\/\" \/>\n<meta property=\"og:locale\" content=\"de_DE\" \/>\n<meta property=\"og:type\" content=\"article\" \/>\n<meta property=\"og:title\" content=\"Wisent WHZ Rohrausklinker - Wisent Machines\" \/>\n<meta property=\"og:description\" content=\"Wisent-Rohrausklinker eignen sich ideal zum Zusammenschwei\u00dfen von Rohren und Leitungen im 90\u00b0-Winkel. Pro Variante k\u00f6nnen mehrere Durchmesser gebogen werden.\" \/>\n<meta property=\"og:url\" content=\"https:\/\/www.wisentmachines.nl\/de\/produkt\/whz-rohrausklinker\/\" \/>\n<meta property=\"og:site_name\" content=\"Wisent Machines\" \/>\n<meta property=\"article:modified_time\" content=\"2023-05-11T11:51:46+00:00\" \/>\n<meta property=\"og:image\" content=\"https:\/\/www.wisentmachines.nl\/wp-content\/uploads\/2023\/02\/WHZ.png\" \/>\n\t<meta property=\"og:image:width\" content=\"1000\" \/>\n\t<meta property=\"og:image:height\" content=\"1000\" \/>\n\t<meta property=\"og:image:type\" content=\"image\/png\" \/>\n<meta name=\"twitter:card\" content=\"summary_large_image\" \/>\n<meta name=\"twitter:label1\" content=\"Gesch\u00e4tzte Lesezeit\" \/>\n\t<meta name=\"twitter:data1\" content=\"1\u00a0Minute\" \/>\n<script type=\"application\/ld+json\" class=\"yoast-schema-graph\">{\"@context\":\"https:\/\/schema.org\",\"@graph\":[{\"@type\":\"WebPage\",\"@id\":\"https:\/\/www.wisentmachines.nl\/de\/produkt\/whz-rohrausklinker\/\",\"url\":\"https:\/\/www.wisentmachines.nl\/de\/produkt\/whz-rohrausklinker\/\",\"name\":\"Wisent WHZ Rohrausklinker - Wisent Machines\",\"isPartOf\":{\"@id\":\"https:\/\/www.wisentmachines.nl\/de\/#website\"},\"primaryImageOfPage\":{\"@id\":\"https:\/\/www.wisentmachines.nl\/de\/produkt\/whz-rohrausklinker\/#primaryimage\"},\"image\":{\"@id\":\"https:\/\/www.wisentmachines.nl\/de\/produkt\/whz-rohrausklinker\/#primaryimage\"},\"thumbnailUrl\":\"https:\/\/www.wisentmachines.nl\/wp-content\/uploads\/2023\/02\/WHZ.png\",\"datePublished\":\"2023-02-15T15:20:45+00:00\",\"dateModified\":\"2023-05-11T11:51:46+00:00\",\"description\":\"Wisent-Rohrausklinker eignen sich ideal zum Zusammenschwei\u00dfen von Rohren und Leitungen im 90\u00b0-Winkel. Pro Variante k\u00f6nnen mehrere Durchmesser gebogen werden.\",\"breadcrumb\":{\"@id\":\"https:\/\/www.wisentmachines.nl\/de\/produkt\/whz-rohrausklinker\/#breadcrumb\"},\"inLanguage\":\"de\",\"potentialAction\":[{\"@type\":\"ReadAction\",\"target\":[\"https:\/\/www.wisentmachines.nl\/de\/produkt\/whz-rohrausklinker\/\"]}]},{\"@type\":\"ImageObject\",\"inLanguage\":\"de\",\"@id\":\"https:\/\/www.wisentmachines.nl\/de\/produkt\/whz-rohrausklinker\/#primaryimage\",\"url\":\"https:\/\/www.wisentmachines.nl\/wp-content\/uploads\/2023\/02\/WHZ.png\",\"contentUrl\":\"https:\/\/www.wisentmachines.nl\/wp-content\/uploads\/2023\/02\/WHZ.png\",\"width\":1000,\"height\":1000},{\"@type\":\"BreadcrumbList\",\"@id\":\"https:\/\/www.wisentmachines.nl\/de\/produkt\/whz-rohrausklinker\/#breadcrumb\",\"itemListElement\":[{\"@type\":\"ListItem\",\"position\":1,\"name\":\"Home\",\"item\":\"https:\/\/www.wisentmachines.nl\/de\/\"},{\"@type\":\"ListItem\",\"position\":2,\"name\":\"Angebot\",\"item\":\"https:\/\/www.wisentmachines.nl\/de\/angebot\/\"},{\"@type\":\"ListItem\",\"position\":3,\"name\":\"Schleifen\",\"item\":\"https:\/\/www.wisentmachines.nl\/de\/produkt-kategorie\/schleifen\/\"},{\"@type\":\"ListItem\",\"position\":4,\"name\":\"Rohrausschleifer \/ Ausklinker\",\"item\":\"https:\/\/www.wisentmachines.nl\/de\/produkt-kategorie\/schleifen\/rohrausschleifer-ausklinker\/\"},{\"@type\":\"ListItem\",\"position\":5,\"name\":\"WHZ\"}]},{\"@type\":\"WebSite\",\"@id\":\"https:\/\/www.wisentmachines.nl\/de\/#website\",\"url\":\"https:\/\/www.wisentmachines.nl\/de\/\",\"name\":\"Wisent Machines\",\"description\":\"\",\"potentialAction\":[{\"@type\":\"SearchAction\",\"target\":{\"@type\":\"EntryPoint\",\"urlTemplate\":\"https:\/\/www.wisentmachines.nl\/de\/?s={search_term_string}\"},\"query-input\":{\"@type\":\"PropertyValueSpecification\",\"valueRequired\":true,\"valueName\":\"search_term_string\"}}],\"inLanguage\":\"de\"}]}<\/script>\n<!-- \/ Yoast SEO plugin. -->","yoast_head_json":{"title":"Wisent WHZ Rohrausklinker - Wisent Machines","description":"Wisent-Rohrausklinker eignen sich ideal zum Zusammenschwei\u00dfen von Rohren und Leitungen im 90\u00b0-Winkel. Pro Variante k\u00f6nnen mehrere Durchmesser gebogen werden.","robots":{"index":"index","follow":"follow","max-snippet":"max-snippet:-1","max-image-preview":"max-image-preview:large","max-video-preview":"max-video-preview:-1"},"canonical":"https:\/\/www.wisentmachines.nl\/de\/produkt\/whz-rohrausklinker\/","og_locale":"de_DE","og_type":"article","og_title":"Wisent WHZ Rohrausklinker - Wisent Machines","og_description":"Wisent-Rohrausklinker eignen sich ideal zum Zusammenschwei\u00dfen von Rohren und Leitungen im 90\u00b0-Winkel. Pro Variante k\u00f6nnen mehrere Durchmesser gebogen werden.","og_url":"https:\/\/www.wisentmachines.nl\/de\/produkt\/whz-rohrausklinker\/","og_site_name":"Wisent Machines","article_modified_time":"2023-05-11T11:51:46+00:00","og_image":[{"width":1000,"height":1000,"url":"https:\/\/www.wisentmachines.nl\/wp-content\/uploads\/2023\/02\/WHZ.png","type":"image\/png"}],"twitter_card":"summary_large_image","twitter_misc":{"Gesch\u00e4tzte Lesezeit":"1\u00a0Minute"},"schema":{"@context":"https:\/\/schema.org","@graph":[{"@type":"WebPage","@id":"https:\/\/www.wisentmachines.nl\/de\/produkt\/whz-rohrausklinker\/","url":"https:\/\/www.wisentmachines.nl\/de\/produkt\/whz-rohrausklinker\/","name":"Wisent WHZ Rohrausklinker - Wisent Machines","isPartOf":{"@id":"https:\/\/www.wisentmachines.nl\/de\/#website"},"primaryImageOfPage":{"@id":"https:\/\/www.wisentmachines.nl\/de\/produkt\/whz-rohrausklinker\/#primaryimage"},"image":{"@id":"https:\/\/www.wisentmachines.nl\/de\/produkt\/whz-rohrausklinker\/#primaryimage"},"thumbnailUrl":"https:\/\/www.wisentmachines.nl\/wp-content\/uploads\/2023\/02\/WHZ.png","datePublished":"2023-02-15T15:20:45+00:00","dateModified":"2023-05-11T11:51:46+00:00","description":"Wisent-Rohrausklinker eignen sich ideal zum Zusammenschwei\u00dfen von Rohren und Leitungen im 90\u00b0-Winkel. Pro Variante k\u00f6nnen mehrere Durchmesser gebogen werden.","breadcrumb":{"@id":"https:\/\/www.wisentmachines.nl\/de\/produkt\/whz-rohrausklinker\/#breadcrumb"},"inLanguage":"de","potentialAction":[{"@type":"ReadAction","target":["https:\/\/www.wisentmachines.nl\/de\/produkt\/whz-rohrausklinker\/"]}]},{"@type":"ImageObject","inLanguage":"de","@id":"https:\/\/www.wisentmachines.nl\/de\/produkt\/whz-rohrausklinker\/#primaryimage","url":"https:\/\/www.wisentmachines.nl\/wp-content\/uploads\/2023\/02\/WHZ.png","contentUrl":"https:\/\/www.wisentmachines.nl\/wp-content\/uploads\/2023\/02\/WHZ.png","width":1000,"height":1000},{"@type":"BreadcrumbList","@id":"https:\/\/www.wisentmachines.nl\/de\/produkt\/whz-rohrausklinker\/#breadcrumb","itemListElement":[{"@type":"ListItem","position":1,"name":"Home","item":"https:\/\/www.wisentmachines.nl\/de\/"},{"@type":"ListItem","position":2,"name":"Angebot","item":"https:\/\/www.wisentmachines.nl\/de\/angebot\/"},{"@type":"ListItem","position":3,"name":"Schleifen","item":"https:\/\/www.wisentmachines.nl\/de\/produkt-kategorie\/schleifen\/"},{"@type":"ListItem","position":4,"name":"Rohrausschleifer \/ Ausklinker","item":"https:\/\/www.wisentmachines.nl\/de\/produkt-kategorie\/schleifen\/rohrausschleifer-ausklinker\/"},{"@type":"ListItem","position":5,"name":"WHZ"}]},{"@type":"WebSite","@id":"https:\/\/www.wisentmachines.nl\/de\/#website","url":"https:\/\/www.wisentmachines.nl\/de\/","name":"Wisent Machines","description":"","potentialAction":[{"@type":"SearchAction","target":{"@type":"EntryPoint","urlTemplate":"https:\/\/www.wisentmachines.nl\/de\/?s={search_term_string}"},"query-input":{"@type":"PropertyValueSpecification","valueRequired":true,"valueName":"search_term_string"}}],"inLanguage":"de"}]}},"_links":{"self":[{"href":"https:\/\/www.wisentmachines.nl\/de\/wp-json\/wp\/v2\/product\/4098","targetHints":{"allow":["GET"]}}],"collection":[{"href":"https:\/\/www.wisentmachines.nl\/de\/wp-json\/wp\/v2\/product"}],"about":[{"href":"https:\/\/www.wisentmachines.nl\/de\/wp-json\/wp\/v2\/types\/product"}],"wp:featuredmedia":[{"embeddable":true,"href":"https:\/\/www.wisentmachines.nl\/de\/wp-json\/wp\/v2\/media\/1977"}],"wp:attachment":[{"href":"https:\/\/www.wisentmachines.nl\/de\/wp-json\/wp\/v2\/media?parent=4098"}],"wp:term":[{"taxonomy":"product_cat","embeddable":true,"href":"https:\/\/www.wisentmachines.nl\/de\/wp-json\/wp\/v2\/product_cat?post=4098"},{"taxonomy":"product_tag","embeddable":true,"href":"https:\/\/www.wisentmachines.nl\/de\/wp-json\/wp\/v2\/product_tag?post=4098"}],"curies":[{"name":"wp","href":"https:\/\/api.w.org\/{rel}","templated":true}]}}