{"id":4113,"date":"2023-01-31T15:46:06","date_gmt":"2023-01-31T14:46:06","guid":{"rendered":"https:\/\/www.wisentmachines.nl\/product\/wisent-bsma75-bandslijpmachine\/"},"modified":"2023-05-11T14:45:01","modified_gmt":"2023-05-11T12:45:01","slug":"wisent-bsma75-bandschleifmaschine","status":"publish","type":"product","link":"https:\/\/www.wisentmachines.nl\/de\/produkt\/wisent-bsma75-bandschleifmaschine\/","title":{"rendered":"BSMA75"},"content":{"rendered":"<p>Der Wisent BSMA75 Bandschleifer mit integrierter Staubabsaugung hat eine Bandbreite von 75 mm. Die Maschine ist h\u00f6henverstellbar, sodass immer die ideale Arbeitsh\u00f6he eingestellt werden kann. Oben ist die Maschine mit einer flachen Schleiffl\u00e4che ausgestattet. Das Schleifband l\u00e4sst sich leicht wechseln. Der BSMA75 ist serienm\u00e4\u00dfig mit automatischer Bandspannung und Doppelabsaugung mit Filter im Auffangbeh\u00e4lter ausgestattet.<\/p>\n<p><strong>Der Wisent BSMA75 wird komplett geliefert mit<\/strong><\/p>\n<ul>\n<li>Schleifband<\/li>\n<li>Schutzglas<\/li>\n<li>Chip-Tablett<\/li>\n<\/ul>\n","protected":false},"excerpt":{"rendered":"Der Wisent BSMA75 Bandschleifer mit integrierter Staubabsaugung hat eine Bandbreite von 75 mm. Die Maschine ist h\u00f6henverstellbar, sodass immer die ideale Arbeitsh\u00f6he eingestellt werden kann.","protected":false},"featured_media":1870,"template":"","meta":{"_acf_changed":false},"product_cat":[148],"product_tag":[],"class_list":{"0":"post-4113","1":"product","2":"type-product","3":"status-publish","4":"has-post-thumbnail","6":"product_cat-bandschleifmaschinen","8":"first","9":"instock","10":"sale","11":"taxable","12":"shipping-taxable","13":"purchasable","14":"product-type-simple"},"acf":[],"yoast_head":"<!-- This site is optimized with the Yoast SEO plugin v24.3 - https:\/\/yoast.com\/wordpress\/plugins\/seo\/ -->\n<title>Wisent BSMA75 Bandschleifmaschine - Wisent Machines<\/title>\n<meta name=\"description\" content=\"Der Wisent BSMA75 Bandschleifer mit integrierter Absaugung. Ausgestattet mit flacher Schleiffl\u00e4che, automatischer Bandspannung und Doppelabsaugung mit Filter.\" \/>\n<meta name=\"robots\" content=\"index, follow, max-snippet:-1, max-image-preview:large, max-video-preview:-1\" \/>\n<link rel=\"canonical\" href=\"https:\/\/www.wisentmachines.nl\/de\/produkt\/wisent-bsma75-bandschleifmaschine\/\" \/>\n<meta property=\"og:locale\" content=\"de_DE\" \/>\n<meta property=\"og:type\" content=\"article\" \/>\n<meta property=\"og:title\" content=\"Wisent BSMA75 Bandschleifmaschine - Wisent Machines\" \/>\n<meta property=\"og:description\" content=\"Der Wisent BSMA75 Bandschleifer mit integrierter Absaugung. Ausgestattet mit flacher Schleiffl\u00e4che, automatischer Bandspannung und Doppelabsaugung mit Filter.\" \/>\n<meta property=\"og:url\" content=\"https:\/\/www.wisentmachines.nl\/de\/produkt\/wisent-bsma75-bandschleifmaschine\/\" \/>\n<meta property=\"og:site_name\" content=\"Wisent Machines\" \/>\n<meta property=\"article:modified_time\" content=\"2023-05-11T12:45:01+00:00\" \/>\n<meta property=\"og:image\" content=\"https:\/\/www.wisentmachines.nl\/wp-content\/uploads\/2023\/01\/BSMA75.png\" \/>\n\t<meta property=\"og:image:width\" content=\"1000\" \/>\n\t<meta property=\"og:image:height\" content=\"1000\" \/>\n\t<meta property=\"og:image:type\" content=\"image\/png\" \/>\n<meta name=\"twitter:card\" content=\"summary_large_image\" \/>\n<meta name=\"twitter:label1\" content=\"Gesch\u00e4tzte Lesezeit\" \/>\n\t<meta name=\"twitter:data1\" content=\"1\u00a0Minute\" \/>\n<script type=\"application\/ld+json\" class=\"yoast-schema-graph\">{\"@context\":\"https:\/\/schema.org\",\"@graph\":[{\"@type\":\"WebPage\",\"@id\":\"https:\/\/www.wisentmachines.nl\/de\/produkt\/wisent-bsma75-bandschleifmaschine\/\",\"url\":\"https:\/\/www.wisentmachines.nl\/de\/produkt\/wisent-bsma75-bandschleifmaschine\/\",\"name\":\"Wisent BSMA75 Bandschleifmaschine - Wisent Machines\",\"isPartOf\":{\"@id\":\"https:\/\/www.wisentmachines.nl\/de\/#website\"},\"primaryImageOfPage\":{\"@id\":\"https:\/\/www.wisentmachines.nl\/de\/produkt\/wisent-bsma75-bandschleifmaschine\/#primaryimage\"},\"image\":{\"@id\":\"https:\/\/www.wisentmachines.nl\/de\/produkt\/wisent-bsma75-bandschleifmaschine\/#primaryimage\"},\"thumbnailUrl\":\"https:\/\/www.wisentmachines.nl\/wp-content\/uploads\/2023\/01\/BSMA75.png\",\"datePublished\":\"2023-01-31T14:46:06+00:00\",\"dateModified\":\"2023-05-11T12:45:01+00:00\",\"description\":\"Der Wisent BSMA75 Bandschleifer mit integrierter Absaugung. Ausgestattet mit flacher Schleiffl\u00e4che, automatischer Bandspannung und Doppelabsaugung mit Filter.\",\"breadcrumb\":{\"@id\":\"https:\/\/www.wisentmachines.nl\/de\/produkt\/wisent-bsma75-bandschleifmaschine\/#breadcrumb\"},\"inLanguage\":\"de\",\"potentialAction\":[{\"@type\":\"ReadAction\",\"target\":[\"https:\/\/www.wisentmachines.nl\/de\/produkt\/wisent-bsma75-bandschleifmaschine\/\"]}]},{\"@type\":\"ImageObject\",\"inLanguage\":\"de\",\"@id\":\"https:\/\/www.wisentmachines.nl\/de\/produkt\/wisent-bsma75-bandschleifmaschine\/#primaryimage\",\"url\":\"https:\/\/www.wisentmachines.nl\/wp-content\/uploads\/2023\/01\/BSMA75.png\",\"contentUrl\":\"https:\/\/www.wisentmachines.nl\/wp-content\/uploads\/2023\/01\/BSMA75.png\",\"width\":1000,\"height\":1000},{\"@type\":\"BreadcrumbList\",\"@id\":\"https:\/\/www.wisentmachines.nl\/de\/produkt\/wisent-bsma75-bandschleifmaschine\/#breadcrumb\",\"itemListElement\":[{\"@type\":\"ListItem\",\"position\":1,\"name\":\"Home\",\"item\":\"https:\/\/www.wisentmachines.nl\/de\/\"},{\"@type\":\"ListItem\",\"position\":2,\"name\":\"Angebot\",\"item\":\"https:\/\/www.wisentmachines.nl\/de\/angebot\/\"},{\"@type\":\"ListItem\",\"position\":3,\"name\":\"Schleifen\",\"item\":\"https:\/\/www.wisentmachines.nl\/de\/produkt-kategorie\/schleifen\/\"},{\"@type\":\"ListItem\",\"position\":4,\"name\":\"Bandschleifmaschinen\",\"item\":\"https:\/\/www.wisentmachines.nl\/de\/produkt-kategorie\/schleifen\/bandschleifmaschinen\/\"},{\"@type\":\"ListItem\",\"position\":5,\"name\":\"BSMA75\"}]},{\"@type\":\"WebSite\",\"@id\":\"https:\/\/www.wisentmachines.nl\/de\/#website\",\"url\":\"https:\/\/www.wisentmachines.nl\/de\/\",\"name\":\"Wisent Machines\",\"description\":\"\",\"potentialAction\":[{\"@type\":\"SearchAction\",\"target\":{\"@type\":\"EntryPoint\",\"urlTemplate\":\"https:\/\/www.wisentmachines.nl\/de\/?s={search_term_string}\"},\"query-input\":{\"@type\":\"PropertyValueSpecification\",\"valueRequired\":true,\"valueName\":\"search_term_string\"}}],\"inLanguage\":\"de\"}]}<\/script>\n<!-- \/ Yoast SEO plugin. -->","yoast_head_json":{"title":"Wisent BSMA75 Bandschleifmaschine - Wisent Machines","description":"Der Wisent BSMA75 Bandschleifer mit integrierter Absaugung. Ausgestattet mit flacher Schleiffl\u00e4che, automatischer Bandspannung und Doppelabsaugung mit Filter.","robots":{"index":"index","follow":"follow","max-snippet":"max-snippet:-1","max-image-preview":"max-image-preview:large","max-video-preview":"max-video-preview:-1"},"canonical":"https:\/\/www.wisentmachines.nl\/de\/produkt\/wisent-bsma75-bandschleifmaschine\/","og_locale":"de_DE","og_type":"article","og_title":"Wisent BSMA75 Bandschleifmaschine - Wisent Machines","og_description":"Der Wisent BSMA75 Bandschleifer mit integrierter Absaugung. Ausgestattet mit flacher Schleiffl\u00e4che, automatischer Bandspannung und Doppelabsaugung mit Filter.","og_url":"https:\/\/www.wisentmachines.nl\/de\/produkt\/wisent-bsma75-bandschleifmaschine\/","og_site_name":"Wisent Machines","article_modified_time":"2023-05-11T12:45:01+00:00","og_image":[{"width":1000,"height":1000,"url":"https:\/\/www.wisentmachines.nl\/wp-content\/uploads\/2023\/01\/BSMA75.png","type":"image\/png"}],"twitter_card":"summary_large_image","twitter_misc":{"Gesch\u00e4tzte Lesezeit":"1\u00a0Minute"},"schema":{"@context":"https:\/\/schema.org","@graph":[{"@type":"WebPage","@id":"https:\/\/www.wisentmachines.nl\/de\/produkt\/wisent-bsma75-bandschleifmaschine\/","url":"https:\/\/www.wisentmachines.nl\/de\/produkt\/wisent-bsma75-bandschleifmaschine\/","name":"Wisent BSMA75 Bandschleifmaschine - Wisent Machines","isPartOf":{"@id":"https:\/\/www.wisentmachines.nl\/de\/#website"},"primaryImageOfPage":{"@id":"https:\/\/www.wisentmachines.nl\/de\/produkt\/wisent-bsma75-bandschleifmaschine\/#primaryimage"},"image":{"@id":"https:\/\/www.wisentmachines.nl\/de\/produkt\/wisent-bsma75-bandschleifmaschine\/#primaryimage"},"thumbnailUrl":"https:\/\/www.wisentmachines.nl\/wp-content\/uploads\/2023\/01\/BSMA75.png","datePublished":"2023-01-31T14:46:06+00:00","dateModified":"2023-05-11T12:45:01+00:00","description":"Der Wisent BSMA75 Bandschleifer mit integrierter Absaugung. Ausgestattet mit flacher Schleiffl\u00e4che, automatischer Bandspannung und Doppelabsaugung mit Filter.","breadcrumb":{"@id":"https:\/\/www.wisentmachines.nl\/de\/produkt\/wisent-bsma75-bandschleifmaschine\/#breadcrumb"},"inLanguage":"de","potentialAction":[{"@type":"ReadAction","target":["https:\/\/www.wisentmachines.nl\/de\/produkt\/wisent-bsma75-bandschleifmaschine\/"]}]},{"@type":"ImageObject","inLanguage":"de","@id":"https:\/\/www.wisentmachines.nl\/de\/produkt\/wisent-bsma75-bandschleifmaschine\/#primaryimage","url":"https:\/\/www.wisentmachines.nl\/wp-content\/uploads\/2023\/01\/BSMA75.png","contentUrl":"https:\/\/www.wisentmachines.nl\/wp-content\/uploads\/2023\/01\/BSMA75.png","width":1000,"height":1000},{"@type":"BreadcrumbList","@id":"https:\/\/www.wisentmachines.nl\/de\/produkt\/wisent-bsma75-bandschleifmaschine\/#breadcrumb","itemListElement":[{"@type":"ListItem","position":1,"name":"Home","item":"https:\/\/www.wisentmachines.nl\/de\/"},{"@type":"ListItem","position":2,"name":"Angebot","item":"https:\/\/www.wisentmachines.nl\/de\/angebot\/"},{"@type":"ListItem","position":3,"name":"Schleifen","item":"https:\/\/www.wisentmachines.nl\/de\/produkt-kategorie\/schleifen\/"},{"@type":"ListItem","position":4,"name":"Bandschleifmaschinen","item":"https:\/\/www.wisentmachines.nl\/de\/produkt-kategorie\/schleifen\/bandschleifmaschinen\/"},{"@type":"ListItem","position":5,"name":"BSMA75"}]},{"@type":"WebSite","@id":"https:\/\/www.wisentmachines.nl\/de\/#website","url":"https:\/\/www.wisentmachines.nl\/de\/","name":"Wisent Machines","description":"","potentialAction":[{"@type":"SearchAction","target":{"@type":"EntryPoint","urlTemplate":"https:\/\/www.wisentmachines.nl\/de\/?s={search_term_string}"},"query-input":{"@type":"PropertyValueSpecification","valueRequired":true,"valueName":"search_term_string"}}],"inLanguage":"de"}]}},"_links":{"self":[{"href":"https:\/\/www.wisentmachines.nl\/de\/wp-json\/wp\/v2\/product\/4113","targetHints":{"allow":["GET"]}}],"collection":[{"href":"https:\/\/www.wisentmachines.nl\/de\/wp-json\/wp\/v2\/product"}],"about":[{"href":"https:\/\/www.wisentmachines.nl\/de\/wp-json\/wp\/v2\/types\/product"}],"wp:featuredmedia":[{"embeddable":true,"href":"https:\/\/www.wisentmachines.nl\/de\/wp-json\/wp\/v2\/media\/1870"}],"wp:attachment":[{"href":"https:\/\/www.wisentmachines.nl\/de\/wp-json\/wp\/v2\/media?parent=4113"}],"wp:term":[{"taxonomy":"product_cat","embeddable":true,"href":"https:\/\/www.wisentmachines.nl\/de\/wp-json\/wp\/v2\/product_cat?post=4113"},{"taxonomy":"product_tag","embeddable":true,"href":"https:\/\/www.wisentmachines.nl\/de\/wp-json\/wp\/v2\/product_tag?post=4113"}],"curies":[{"name":"wp","href":"https:\/\/api.w.org\/{rel}","templated":true}]}}