{"id":4122,"date":"2023-02-01T11:32:45","date_gmt":"2023-02-01T10:32:45","guid":{"rendered":"https:\/\/www.wisentmachines.nl\/product\/wisent-om200t-ontbraammachine\/"},"modified":"2023-05-12T11:38:33","modified_gmt":"2023-05-12T09:38:33","slug":"wisent-om200t-buerstenentgratmaschine","status":"publish","type":"product","link":"https:\/\/www.wisentmachines.nl\/de\/produkt\/wisent-om200t-buerstenentgratmaschine\/","title":{"rendered":"OM200T"},"content":{"rendered":"<p>Die Entgratungsmaschine Wisent OM200T ist eine leistungsstarke Kompaktmaschine, die mit 4x M10-Befestigungsl\u00f6chern zur Befestigung auf dem Arbeitstisch ausgestattet ist. Die Maschine eignet sich zum Entgraten von Rohren, Profilen und Flachmaterialien. Die Anschlagplatte ist in H\u00f6he und Breite verstellbar. Die Maschine ist f\u00fcr die Staubabsaugung vorbereitet (\u00d850mm)<\/p>\n<p><strong>Die Entgratungsmaschine Wisent OM200T wird komplett geliefert mit<\/strong><\/p>\n<ul>\n<li>Schutzkappe<\/li>\n<li>Entgratungsb\u00fcrste<\/li>\n<\/ul>\n","protected":false},"excerpt":{"rendered":"Die Entgratungsmaschine Wisent OM200T ist eine leistungsstarke Kompaktmaschine, die mit 4x M10-Befestigungsl\u00f6chern zur Befestigung auf dem Arbeitstisch ausgestattet ist.","protected":false},"featured_media":1876,"template":"","meta":{"_acf_changed":false},"product_cat":[149],"product_tag":[],"class_list":{"0":"post-4122","1":"product","2":"type-product","3":"status-publish","4":"has-post-thumbnail","6":"product_cat-entgratungsmaschinen","8":"first","9":"instock","10":"sale","11":"taxable","12":"shipping-taxable","13":"purchasable","14":"product-type-simple"},"acf":[],"yoast_head":"<!-- This site is optimized with the Yoast SEO plugin v24.3 - https:\/\/yoast.com\/wordpress\/plugins\/seo\/ -->\n<title>Wisent OM200T Entgratungsmaschine - Wisent Machines<\/title>\n<meta name=\"description\" content=\"Die Entgratungsmaschine Wisent OM200T ist eine leistungsstarke Kompaktmaschine. Die Maschine eignet sich zum Entgraten von Rohren, Profilen und Flachmaterialien.\" \/>\n<meta name=\"robots\" content=\"index, follow, max-snippet:-1, max-image-preview:large, max-video-preview:-1\" \/>\n<link rel=\"canonical\" href=\"https:\/\/www.wisentmachines.nl\/de\/produkt\/wisent-om200t-buerstenentgratmaschine\/\" \/>\n<meta property=\"og:locale\" content=\"de_DE\" \/>\n<meta property=\"og:type\" content=\"article\" \/>\n<meta property=\"og:title\" content=\"Wisent OM200T Entgratungsmaschine - Wisent Machines\" \/>\n<meta property=\"og:description\" content=\"Die Entgratungsmaschine Wisent OM200T ist eine leistungsstarke Kompaktmaschine. Die Maschine eignet sich zum Entgraten von Rohren, Profilen und Flachmaterialien.\" \/>\n<meta property=\"og:url\" content=\"https:\/\/www.wisentmachines.nl\/de\/produkt\/wisent-om200t-buerstenentgratmaschine\/\" \/>\n<meta property=\"og:site_name\" content=\"Wisent Machines\" \/>\n<meta property=\"article:modified_time\" content=\"2023-05-12T09:38:33+00:00\" \/>\n<meta property=\"og:image\" content=\"https:\/\/www.wisentmachines.nl\/wp-content\/uploads\/2023\/02\/wis.png\" \/>\n\t<meta property=\"og:image:width\" content=\"1000\" \/>\n\t<meta property=\"og:image:height\" content=\"1000\" \/>\n\t<meta property=\"og:image:type\" content=\"image\/png\" \/>\n<meta name=\"twitter:card\" content=\"summary_large_image\" \/>\n<meta name=\"twitter:label1\" content=\"Gesch\u00e4tzte Lesezeit\" \/>\n\t<meta name=\"twitter:data1\" content=\"1\u00a0Minute\" \/>\n<script type=\"application\/ld+json\" class=\"yoast-schema-graph\">{\"@context\":\"https:\/\/schema.org\",\"@graph\":[{\"@type\":\"WebPage\",\"@id\":\"https:\/\/www.wisentmachines.nl\/de\/produkt\/wisent-om200t-buerstenentgratmaschine\/\",\"url\":\"https:\/\/www.wisentmachines.nl\/de\/produkt\/wisent-om200t-buerstenentgratmaschine\/\",\"name\":\"Wisent OM200T Entgratungsmaschine - Wisent Machines\",\"isPartOf\":{\"@id\":\"https:\/\/www.wisentmachines.nl\/de\/#website\"},\"primaryImageOfPage\":{\"@id\":\"https:\/\/www.wisentmachines.nl\/de\/produkt\/wisent-om200t-buerstenentgratmaschine\/#primaryimage\"},\"image\":{\"@id\":\"https:\/\/www.wisentmachines.nl\/de\/produkt\/wisent-om200t-buerstenentgratmaschine\/#primaryimage\"},\"thumbnailUrl\":\"https:\/\/www.wisentmachines.nl\/wp-content\/uploads\/2023\/02\/wis.png\",\"datePublished\":\"2023-02-01T10:32:45+00:00\",\"dateModified\":\"2023-05-12T09:38:33+00:00\",\"description\":\"Die Entgratungsmaschine Wisent OM200T ist eine leistungsstarke Kompaktmaschine. Die Maschine eignet sich zum Entgraten von Rohren, Profilen und Flachmaterialien.\",\"breadcrumb\":{\"@id\":\"https:\/\/www.wisentmachines.nl\/de\/produkt\/wisent-om200t-buerstenentgratmaschine\/#breadcrumb\"},\"inLanguage\":\"de\",\"potentialAction\":[{\"@type\":\"ReadAction\",\"target\":[\"https:\/\/www.wisentmachines.nl\/de\/produkt\/wisent-om200t-buerstenentgratmaschine\/\"]}]},{\"@type\":\"ImageObject\",\"inLanguage\":\"de\",\"@id\":\"https:\/\/www.wisentmachines.nl\/de\/produkt\/wisent-om200t-buerstenentgratmaschine\/#primaryimage\",\"url\":\"https:\/\/www.wisentmachines.nl\/wp-content\/uploads\/2023\/02\/wis.png\",\"contentUrl\":\"https:\/\/www.wisentmachines.nl\/wp-content\/uploads\/2023\/02\/wis.png\",\"width\":1000,\"height\":1000},{\"@type\":\"BreadcrumbList\",\"@id\":\"https:\/\/www.wisentmachines.nl\/de\/produkt\/wisent-om200t-buerstenentgratmaschine\/#breadcrumb\",\"itemListElement\":[{\"@type\":\"ListItem\",\"position\":1,\"name\":\"Home\",\"item\":\"https:\/\/www.wisentmachines.nl\/de\/\"},{\"@type\":\"ListItem\",\"position\":2,\"name\":\"Angebot\",\"item\":\"https:\/\/www.wisentmachines.nl\/de\/angebot\/\"},{\"@type\":\"ListItem\",\"position\":3,\"name\":\"Schleifen\",\"item\":\"https:\/\/www.wisentmachines.nl\/de\/produkt-kategorie\/schleifen\/\"},{\"@type\":\"ListItem\",\"position\":4,\"name\":\"Entgratungsmaschinen\",\"item\":\"https:\/\/www.wisentmachines.nl\/de\/produkt-kategorie\/schleifen\/entgratungsmaschinen\/\"},{\"@type\":\"ListItem\",\"position\":5,\"name\":\"OM200T\"}]},{\"@type\":\"WebSite\",\"@id\":\"https:\/\/www.wisentmachines.nl\/de\/#website\",\"url\":\"https:\/\/www.wisentmachines.nl\/de\/\",\"name\":\"Wisent Machines\",\"description\":\"\",\"potentialAction\":[{\"@type\":\"SearchAction\",\"target\":{\"@type\":\"EntryPoint\",\"urlTemplate\":\"https:\/\/www.wisentmachines.nl\/de\/?s={search_term_string}\"},\"query-input\":{\"@type\":\"PropertyValueSpecification\",\"valueRequired\":true,\"valueName\":\"search_term_string\"}}],\"inLanguage\":\"de\"}]}<\/script>\n<!-- \/ Yoast SEO plugin. -->","yoast_head_json":{"title":"Wisent OM200T Entgratungsmaschine - Wisent Machines","description":"Die Entgratungsmaschine Wisent OM200T ist eine leistungsstarke Kompaktmaschine. Die Maschine eignet sich zum Entgraten von Rohren, Profilen und Flachmaterialien.","robots":{"index":"index","follow":"follow","max-snippet":"max-snippet:-1","max-image-preview":"max-image-preview:large","max-video-preview":"max-video-preview:-1"},"canonical":"https:\/\/www.wisentmachines.nl\/de\/produkt\/wisent-om200t-buerstenentgratmaschine\/","og_locale":"de_DE","og_type":"article","og_title":"Wisent OM200T Entgratungsmaschine - Wisent Machines","og_description":"Die Entgratungsmaschine Wisent OM200T ist eine leistungsstarke Kompaktmaschine. Die Maschine eignet sich zum Entgraten von Rohren, Profilen und Flachmaterialien.","og_url":"https:\/\/www.wisentmachines.nl\/de\/produkt\/wisent-om200t-buerstenentgratmaschine\/","og_site_name":"Wisent Machines","article_modified_time":"2023-05-12T09:38:33+00:00","og_image":[{"width":1000,"height":1000,"url":"https:\/\/www.wisentmachines.nl\/wp-content\/uploads\/2023\/02\/wis.png","type":"image\/png"}],"twitter_card":"summary_large_image","twitter_misc":{"Gesch\u00e4tzte Lesezeit":"1\u00a0Minute"},"schema":{"@context":"https:\/\/schema.org","@graph":[{"@type":"WebPage","@id":"https:\/\/www.wisentmachines.nl\/de\/produkt\/wisent-om200t-buerstenentgratmaschine\/","url":"https:\/\/www.wisentmachines.nl\/de\/produkt\/wisent-om200t-buerstenentgratmaschine\/","name":"Wisent OM200T Entgratungsmaschine - Wisent Machines","isPartOf":{"@id":"https:\/\/www.wisentmachines.nl\/de\/#website"},"primaryImageOfPage":{"@id":"https:\/\/www.wisentmachines.nl\/de\/produkt\/wisent-om200t-buerstenentgratmaschine\/#primaryimage"},"image":{"@id":"https:\/\/www.wisentmachines.nl\/de\/produkt\/wisent-om200t-buerstenentgratmaschine\/#primaryimage"},"thumbnailUrl":"https:\/\/www.wisentmachines.nl\/wp-content\/uploads\/2023\/02\/wis.png","datePublished":"2023-02-01T10:32:45+00:00","dateModified":"2023-05-12T09:38:33+00:00","description":"Die Entgratungsmaschine Wisent OM200T ist eine leistungsstarke Kompaktmaschine. Die Maschine eignet sich zum Entgraten von Rohren, Profilen und Flachmaterialien.","breadcrumb":{"@id":"https:\/\/www.wisentmachines.nl\/de\/produkt\/wisent-om200t-buerstenentgratmaschine\/#breadcrumb"},"inLanguage":"de","potentialAction":[{"@type":"ReadAction","target":["https:\/\/www.wisentmachines.nl\/de\/produkt\/wisent-om200t-buerstenentgratmaschine\/"]}]},{"@type":"ImageObject","inLanguage":"de","@id":"https:\/\/www.wisentmachines.nl\/de\/produkt\/wisent-om200t-buerstenentgratmaschine\/#primaryimage","url":"https:\/\/www.wisentmachines.nl\/wp-content\/uploads\/2023\/02\/wis.png","contentUrl":"https:\/\/www.wisentmachines.nl\/wp-content\/uploads\/2023\/02\/wis.png","width":1000,"height":1000},{"@type":"BreadcrumbList","@id":"https:\/\/www.wisentmachines.nl\/de\/produkt\/wisent-om200t-buerstenentgratmaschine\/#breadcrumb","itemListElement":[{"@type":"ListItem","position":1,"name":"Home","item":"https:\/\/www.wisentmachines.nl\/de\/"},{"@type":"ListItem","position":2,"name":"Angebot","item":"https:\/\/www.wisentmachines.nl\/de\/angebot\/"},{"@type":"ListItem","position":3,"name":"Schleifen","item":"https:\/\/www.wisentmachines.nl\/de\/produkt-kategorie\/schleifen\/"},{"@type":"ListItem","position":4,"name":"Entgratungsmaschinen","item":"https:\/\/www.wisentmachines.nl\/de\/produkt-kategorie\/schleifen\/entgratungsmaschinen\/"},{"@type":"ListItem","position":5,"name":"OM200T"}]},{"@type":"WebSite","@id":"https:\/\/www.wisentmachines.nl\/de\/#website","url":"https:\/\/www.wisentmachines.nl\/de\/","name":"Wisent Machines","description":"","potentialAction":[{"@type":"SearchAction","target":{"@type":"EntryPoint","urlTemplate":"https:\/\/www.wisentmachines.nl\/de\/?s={search_term_string}"},"query-input":{"@type":"PropertyValueSpecification","valueRequired":true,"valueName":"search_term_string"}}],"inLanguage":"de"}]}},"_links":{"self":[{"href":"https:\/\/www.wisentmachines.nl\/de\/wp-json\/wp\/v2\/product\/4122","targetHints":{"allow":["GET"]}}],"collection":[{"href":"https:\/\/www.wisentmachines.nl\/de\/wp-json\/wp\/v2\/product"}],"about":[{"href":"https:\/\/www.wisentmachines.nl\/de\/wp-json\/wp\/v2\/types\/product"}],"wp:featuredmedia":[{"embeddable":true,"href":"https:\/\/www.wisentmachines.nl\/de\/wp-json\/wp\/v2\/media\/1876"}],"wp:attachment":[{"href":"https:\/\/www.wisentmachines.nl\/de\/wp-json\/wp\/v2\/media?parent=4122"}],"wp:term":[{"taxonomy":"product_cat","embeddable":true,"href":"https:\/\/www.wisentmachines.nl\/de\/wp-json\/wp\/v2\/product_cat?post=4122"},{"taxonomy":"product_tag","embeddable":true,"href":"https:\/\/www.wisentmachines.nl\/de\/wp-json\/wp\/v2\/product_tag?post=4122"}],"curies":[{"name":"wp","href":"https:\/\/api.w.org\/{rel}","templated":true}]}}