{"id":4134,"date":"2023-02-09T13:53:39","date_gmt":"2023-02-09T12:53:39","guid":{"rendered":"https:\/\/www.wisentmachines.nl\/product\/buigtangen-met-rol\/"},"modified":"2023-05-23T15:37:06","modified_gmt":"2023-05-23T13:37:06","slug":"biegezange-mit-rollen","status":"publish","type":"product","link":"https:\/\/www.wisentmachines.nl\/de\/produkt\/biegezange-mit-rollen\/","title":{"rendered":"Biegezange mit Rollen"},"content":{"rendered":"<p>Die Wisent-Rollenzange besteht aus zwei Teilen, die aus langlebigen Materialien gefertigt sind, was eine hohe Zuverl\u00e4ssigkeit und Haltbarkeit gew\u00e4hrleistet. Die Rollenbiegezange ist f\u00fcr das optimale Biegen d\u00fcnnwandiger Stahlrohre bis 32 mm konzipiert.<\/p>\n<ul>\n<li>Perfektes Biegeergebnis<\/li>\n<li>Sehr genaue F\u00fchrung durch Walze<\/li>\n<li>Erh\u00e4ltlich von \u00d810 mm bis 32 mm<\/li>\n<li>Einzeln verpackt<\/li>\n<li>Viele Versionen verf\u00fcgbar<\/li>\n<\/ul>\n","protected":false},"excerpt":{"rendered":"Die Wisent-Rollenzange besteht aus zwei Teilen, die aus langlebigen Materialien gefertigt sind, was eine hohe Zuverl\u00e4ssigkeit und Haltbarkeit gew\u00e4hrleistet.","protected":false},"featured_media":1946,"template":"","meta":{"_acf_changed":false},"product_cat":[153],"product_tag":[],"class_list":{"0":"post-4134","1":"product","2":"type-product","3":"status-publish","4":"has-post-thumbnail","6":"product_cat-biegezange","8":"first","9":"instock","10":"taxable","11":"shipping-taxable","12":"purchasable","13":"product-type-variable"},"acf":[],"yoast_head":"<!-- This site is optimized with the Yoast SEO plugin v24.3 - https:\/\/yoast.com\/wordpress\/plugins\/seo\/ -->\n<title>Wisent Biegezange mit Rollen - Wisent Machines<\/title>\n<meta name=\"description\" content=\"Die Wisent-Rollenbiegezange (Standard- und Kurzradius) ist f\u00fcr das optimale Biegen d\u00fcnnwandiger Stahlrohre bis 28 mm konzipiert.\" \/>\n<meta name=\"robots\" content=\"index, follow, max-snippet:-1, max-image-preview:large, max-video-preview:-1\" \/>\n<link rel=\"canonical\" href=\"https:\/\/www.wisentmachines.nl\/de\/produkt\/biegezange-mit-rollen\/\" \/>\n<meta property=\"og:locale\" content=\"de_DE\" \/>\n<meta property=\"og:type\" content=\"article\" \/>\n<meta property=\"og:title\" content=\"Wisent Biegezange mit Rollen - Wisent Machines\" \/>\n<meta property=\"og:description\" content=\"Die Wisent-Rollenbiegezange (Standard- und Kurzradius) ist f\u00fcr das optimale Biegen d\u00fcnnwandiger Stahlrohre bis 28 mm konzipiert.\" \/>\n<meta property=\"og:url\" content=\"https:\/\/www.wisentmachines.nl\/de\/produkt\/biegezange-mit-rollen\/\" \/>\n<meta property=\"og:site_name\" content=\"Wisent Machines\" \/>\n<meta property=\"article:modified_time\" content=\"2023-05-23T13:37:06+00:00\" \/>\n<meta property=\"og:image\" content=\"https:\/\/www.wisentmachines.nl\/wp-content\/uploads\/2023\/02\/Buigtangen-met-rol-productafbeelding-1.jpg\" \/>\n\t<meta property=\"og:image:width\" content=\"800\" \/>\n\t<meta property=\"og:image:height\" content=\"866\" \/>\n\t<meta property=\"og:image:type\" content=\"image\/jpeg\" \/>\n<meta name=\"twitter:card\" content=\"summary_large_image\" \/>\n<meta name=\"twitter:label1\" content=\"Gesch\u00e4tzte Lesezeit\" \/>\n\t<meta name=\"twitter:data1\" content=\"1\u00a0Minute\" \/>\n<script type=\"application\/ld+json\" class=\"yoast-schema-graph\">{\"@context\":\"https:\/\/schema.org\",\"@graph\":[{\"@type\":\"WebPage\",\"@id\":\"https:\/\/www.wisentmachines.nl\/de\/produkt\/biegezange-mit-rollen\/\",\"url\":\"https:\/\/www.wisentmachines.nl\/de\/produkt\/biegezange-mit-rollen\/\",\"name\":\"Wisent Biegezange mit Rollen - Wisent Machines\",\"isPartOf\":{\"@id\":\"https:\/\/www.wisentmachines.nl\/de\/#website\"},\"primaryImageOfPage\":{\"@id\":\"https:\/\/www.wisentmachines.nl\/de\/produkt\/biegezange-mit-rollen\/#primaryimage\"},\"image\":{\"@id\":\"https:\/\/www.wisentmachines.nl\/de\/produkt\/biegezange-mit-rollen\/#primaryimage\"},\"thumbnailUrl\":\"https:\/\/www.wisentmachines.nl\/wp-content\/uploads\/2023\/02\/Buigtangen-met-rol-productafbeelding-1.jpg\",\"datePublished\":\"2023-02-09T12:53:39+00:00\",\"dateModified\":\"2023-05-23T13:37:06+00:00\",\"description\":\"Die Wisent-Rollenbiegezange (Standard- und Kurzradius) ist f\u00fcr das optimale Biegen d\u00fcnnwandiger Stahlrohre bis 28 mm konzipiert.\",\"breadcrumb\":{\"@id\":\"https:\/\/www.wisentmachines.nl\/de\/produkt\/biegezange-mit-rollen\/#breadcrumb\"},\"inLanguage\":\"de\",\"potentialAction\":[{\"@type\":\"ReadAction\",\"target\":[\"https:\/\/www.wisentmachines.nl\/de\/produkt\/biegezange-mit-rollen\/\"]}]},{\"@type\":\"ImageObject\",\"inLanguage\":\"de\",\"@id\":\"https:\/\/www.wisentmachines.nl\/de\/produkt\/biegezange-mit-rollen\/#primaryimage\",\"url\":\"https:\/\/www.wisentmachines.nl\/wp-content\/uploads\/2023\/02\/Buigtangen-met-rol-productafbeelding-1.jpg\",\"contentUrl\":\"https:\/\/www.wisentmachines.nl\/wp-content\/uploads\/2023\/02\/Buigtangen-met-rol-productafbeelding-1.jpg\",\"width\":800,\"height\":866},{\"@type\":\"BreadcrumbList\",\"@id\":\"https:\/\/www.wisentmachines.nl\/de\/produkt\/biegezange-mit-rollen\/#breadcrumb\",\"itemListElement\":[{\"@type\":\"ListItem\",\"position\":1,\"name\":\"Home\",\"item\":\"https:\/\/www.wisentmachines.nl\/de\/\"},{\"@type\":\"ListItem\",\"position\":2,\"name\":\"Angebot\",\"item\":\"https:\/\/www.wisentmachines.nl\/de\/angebot\/\"},{\"@type\":\"ListItem\",\"position\":3,\"name\":\"Biegen\",\"item\":\"https:\/\/www.wisentmachines.nl\/de\/produkt-kategorie\/biegen\/\"},{\"@type\":\"ListItem\",\"position\":4,\"name\":\"Biegezange\",\"item\":\"https:\/\/www.wisentmachines.nl\/de\/produkt-kategorie\/biegen\/biegezange\/\"},{\"@type\":\"ListItem\",\"position\":5,\"name\":\"Biegezange mit Rollen\"}]},{\"@type\":\"WebSite\",\"@id\":\"https:\/\/www.wisentmachines.nl\/de\/#website\",\"url\":\"https:\/\/www.wisentmachines.nl\/de\/\",\"name\":\"Wisent Machines\",\"description\":\"\",\"potentialAction\":[{\"@type\":\"SearchAction\",\"target\":{\"@type\":\"EntryPoint\",\"urlTemplate\":\"https:\/\/www.wisentmachines.nl\/de\/?s={search_term_string}\"},\"query-input\":{\"@type\":\"PropertyValueSpecification\",\"valueRequired\":true,\"valueName\":\"search_term_string\"}}],\"inLanguage\":\"de\"}]}<\/script>\n<!-- \/ Yoast SEO plugin. -->","yoast_head_json":{"title":"Wisent Biegezange mit Rollen - Wisent Machines","description":"Die Wisent-Rollenbiegezange (Standard- und Kurzradius) ist f\u00fcr das optimale Biegen d\u00fcnnwandiger Stahlrohre bis 28 mm konzipiert.","robots":{"index":"index","follow":"follow","max-snippet":"max-snippet:-1","max-image-preview":"max-image-preview:large","max-video-preview":"max-video-preview:-1"},"canonical":"https:\/\/www.wisentmachines.nl\/de\/produkt\/biegezange-mit-rollen\/","og_locale":"de_DE","og_type":"article","og_title":"Wisent Biegezange mit Rollen - Wisent Machines","og_description":"Die Wisent-Rollenbiegezange (Standard- und Kurzradius) ist f\u00fcr das optimale Biegen d\u00fcnnwandiger Stahlrohre bis 28 mm konzipiert.","og_url":"https:\/\/www.wisentmachines.nl\/de\/produkt\/biegezange-mit-rollen\/","og_site_name":"Wisent Machines","article_modified_time":"2023-05-23T13:37:06+00:00","og_image":[{"width":800,"height":866,"url":"https:\/\/www.wisentmachines.nl\/wp-content\/uploads\/2023\/02\/Buigtangen-met-rol-productafbeelding-1.jpg","type":"image\/jpeg"}],"twitter_card":"summary_large_image","twitter_misc":{"Gesch\u00e4tzte Lesezeit":"1\u00a0Minute"},"schema":{"@context":"https:\/\/schema.org","@graph":[{"@type":"WebPage","@id":"https:\/\/www.wisentmachines.nl\/de\/produkt\/biegezange-mit-rollen\/","url":"https:\/\/www.wisentmachines.nl\/de\/produkt\/biegezange-mit-rollen\/","name":"Wisent Biegezange mit Rollen - Wisent Machines","isPartOf":{"@id":"https:\/\/www.wisentmachines.nl\/de\/#website"},"primaryImageOfPage":{"@id":"https:\/\/www.wisentmachines.nl\/de\/produkt\/biegezange-mit-rollen\/#primaryimage"},"image":{"@id":"https:\/\/www.wisentmachines.nl\/de\/produkt\/biegezange-mit-rollen\/#primaryimage"},"thumbnailUrl":"https:\/\/www.wisentmachines.nl\/wp-content\/uploads\/2023\/02\/Buigtangen-met-rol-productafbeelding-1.jpg","datePublished":"2023-02-09T12:53:39+00:00","dateModified":"2023-05-23T13:37:06+00:00","description":"Die Wisent-Rollenbiegezange (Standard- und Kurzradius) ist f\u00fcr das optimale Biegen d\u00fcnnwandiger Stahlrohre bis 28 mm konzipiert.","breadcrumb":{"@id":"https:\/\/www.wisentmachines.nl\/de\/produkt\/biegezange-mit-rollen\/#breadcrumb"},"inLanguage":"de","potentialAction":[{"@type":"ReadAction","target":["https:\/\/www.wisentmachines.nl\/de\/produkt\/biegezange-mit-rollen\/"]}]},{"@type":"ImageObject","inLanguage":"de","@id":"https:\/\/www.wisentmachines.nl\/de\/produkt\/biegezange-mit-rollen\/#primaryimage","url":"https:\/\/www.wisentmachines.nl\/wp-content\/uploads\/2023\/02\/Buigtangen-met-rol-productafbeelding-1.jpg","contentUrl":"https:\/\/www.wisentmachines.nl\/wp-content\/uploads\/2023\/02\/Buigtangen-met-rol-productafbeelding-1.jpg","width":800,"height":866},{"@type":"BreadcrumbList","@id":"https:\/\/www.wisentmachines.nl\/de\/produkt\/biegezange-mit-rollen\/#breadcrumb","itemListElement":[{"@type":"ListItem","position":1,"name":"Home","item":"https:\/\/www.wisentmachines.nl\/de\/"},{"@type":"ListItem","position":2,"name":"Angebot","item":"https:\/\/www.wisentmachines.nl\/de\/angebot\/"},{"@type":"ListItem","position":3,"name":"Biegen","item":"https:\/\/www.wisentmachines.nl\/de\/produkt-kategorie\/biegen\/"},{"@type":"ListItem","position":4,"name":"Biegezange","item":"https:\/\/www.wisentmachines.nl\/de\/produkt-kategorie\/biegen\/biegezange\/"},{"@type":"ListItem","position":5,"name":"Biegezange mit Rollen"}]},{"@type":"WebSite","@id":"https:\/\/www.wisentmachines.nl\/de\/#website","url":"https:\/\/www.wisentmachines.nl\/de\/","name":"Wisent Machines","description":"","potentialAction":[{"@type":"SearchAction","target":{"@type":"EntryPoint","urlTemplate":"https:\/\/www.wisentmachines.nl\/de\/?s={search_term_string}"},"query-input":{"@type":"PropertyValueSpecification","valueRequired":true,"valueName":"search_term_string"}}],"inLanguage":"de"}]}},"_links":{"self":[{"href":"https:\/\/www.wisentmachines.nl\/de\/wp-json\/wp\/v2\/product\/4134","targetHints":{"allow":["GET"]}}],"collection":[{"href":"https:\/\/www.wisentmachines.nl\/de\/wp-json\/wp\/v2\/product"}],"about":[{"href":"https:\/\/www.wisentmachines.nl\/de\/wp-json\/wp\/v2\/types\/product"}],"wp:featuredmedia":[{"embeddable":true,"href":"https:\/\/www.wisentmachines.nl\/de\/wp-json\/wp\/v2\/media\/1946"}],"wp:attachment":[{"href":"https:\/\/www.wisentmachines.nl\/de\/wp-json\/wp\/v2\/media?parent=4134"}],"wp:term":[{"taxonomy":"product_cat","embeddable":true,"href":"https:\/\/www.wisentmachines.nl\/de\/wp-json\/wp\/v2\/product_cat?post=4134"},{"taxonomy":"product_tag","embeddable":true,"href":"https:\/\/www.wisentmachines.nl\/de\/wp-json\/wp\/v2\/product_tag?post=4134"}],"curies":[{"name":"wp","href":"https:\/\/api.w.org\/{rel}","templated":true}]}}