{"id":4239,"date":"2023-02-13T09:03:43","date_gmt":"2023-02-13T08:03:43","guid":{"rendered":"https:\/\/www.wisentmachines.nl\/product\/slobpons\/"},"modified":"2023-05-15T13:46:57","modified_gmt":"2023-05-15T11:46:57","slug":"langlochstempel","status":"publish","type":"product","link":"https:\/\/www.wisentmachines.nl\/de\/produkt\/langlochstempel\/","title":{"rendered":"Langloch stempel"},"content":{"rendered":"<p>Wisent Langlochstempel 6 x 24 bis 20 x 24 mm. Zum hydraulischen Stanzen ovaler L\u00f6cher unter hohem Druck. Das Stanzen von L\u00f6chern sorgt f\u00fcr einen sauberen Arbeitsplatz, anstelle der Sp\u00e4ne, die beim Bohren freigesetzt werden. Die Schr\u00e4gstanzer von Wisent eignen sich f\u00fcr Stanzklammern der g\u00e4ngigsten Marken, darunter auch die von Nitto.<\/p>\n<p>Passende Langlochmatrizen sind f\u00fcr jeden Wisent-Slob-Stanzer erh\u00e4ltlich.<\/p>\n","protected":false},"excerpt":{"rendered":"Wisent Langlochstempel 6 x 24 bis 20 x 24 mm. Zum hydraulischen Stanzen ovaler L\u00f6cher unter hohem Druck.","protected":false},"featured_media":2001,"template":"","meta":{"_acf_changed":false},"product_cat":[160],"product_tag":[],"class_list":{"0":"post-4239","1":"product","2":"type-product","3":"status-publish","4":"has-post-thumbnail","6":"product_cat-langlochstempel-und-matrizen","8":"first","9":"instock","10":"taxable","11":"shipping-taxable","12":"purchasable","13":"product-type-variable"},"acf":[],"yoast_head":"<!-- This site is optimized with the Yoast SEO plugin v24.3 - https:\/\/yoast.com\/wordpress\/plugins\/seo\/ -->\n<title>Wisent Langloch stempel - Wisent Machines<\/title>\n<meta name=\"description\" content=\"Wisent Langlochstempel 6 x 24 bis 20 x 24 mm. Zum hydraulischen Stanzen ovaler L\u00f6cher unter hohem Druck. Passende Langlochmatrizen sind f\u00fcr jeden Wisent-Slob-Stanzer erh\u00e4ltlich.\" \/>\n<meta name=\"robots\" content=\"index, follow, max-snippet:-1, max-image-preview:large, max-video-preview:-1\" \/>\n<link rel=\"canonical\" href=\"https:\/\/www.wisentmachines.nl\/de\/produkt\/langlochstempel\/\" \/>\n<meta property=\"og:locale\" content=\"de_DE\" \/>\n<meta property=\"og:type\" content=\"article\" \/>\n<meta property=\"og:title\" content=\"Wisent Langloch stempel - Wisent Machines\" \/>\n<meta property=\"og:description\" content=\"Wisent Langlochstempel 6 x 24 bis 20 x 24 mm. Zum hydraulischen Stanzen ovaler L\u00f6cher unter hohem Druck. Passende Langlochmatrizen sind f\u00fcr jeden Wisent-Slob-Stanzer erh\u00e4ltlich.\" \/>\n<meta property=\"og:url\" content=\"https:\/\/www.wisentmachines.nl\/de\/produkt\/langlochstempel\/\" \/>\n<meta property=\"og:site_name\" content=\"Wisent Machines\" \/>\n<meta property=\"article:modified_time\" content=\"2023-05-15T11:46:57+00:00\" \/>\n<meta property=\"og:image\" content=\"https:\/\/www.wisentmachines.nl\/wp-content\/uploads\/2023\/02\/slobpons.jpg\" \/>\n\t<meta property=\"og:image:width\" content=\"1000\" \/>\n\t<meta property=\"og:image:height\" content=\"1000\" \/>\n\t<meta property=\"og:image:type\" content=\"image\/jpeg\" \/>\n<meta name=\"twitter:card\" content=\"summary_large_image\" \/>\n<meta name=\"twitter:label1\" content=\"Gesch\u00e4tzte Lesezeit\" \/>\n\t<meta name=\"twitter:data1\" content=\"1\u00a0Minute\" \/>\n<script type=\"application\/ld+json\" class=\"yoast-schema-graph\">{\"@context\":\"https:\/\/schema.org\",\"@graph\":[{\"@type\":\"WebPage\",\"@id\":\"https:\/\/www.wisentmachines.nl\/de\/produkt\/langlochstempel\/\",\"url\":\"https:\/\/www.wisentmachines.nl\/de\/produkt\/langlochstempel\/\",\"name\":\"Wisent Langloch stempel - Wisent Machines\",\"isPartOf\":{\"@id\":\"https:\/\/www.wisentmachines.nl\/de\/#website\"},\"primaryImageOfPage\":{\"@id\":\"https:\/\/www.wisentmachines.nl\/de\/produkt\/langlochstempel\/#primaryimage\"},\"image\":{\"@id\":\"https:\/\/www.wisentmachines.nl\/de\/produkt\/langlochstempel\/#primaryimage\"},\"thumbnailUrl\":\"https:\/\/www.wisentmachines.nl\/wp-content\/uploads\/2023\/02\/slobpons.jpg\",\"datePublished\":\"2023-02-13T08:03:43+00:00\",\"dateModified\":\"2023-05-15T11:46:57+00:00\",\"description\":\"Wisent Langlochstempel 6 x 24 bis 20 x 24 mm. Zum hydraulischen Stanzen ovaler L\u00f6cher unter hohem Druck. Passende Langlochmatrizen sind f\u00fcr jeden Wisent-Slob-Stanzer erh\u00e4ltlich.\",\"breadcrumb\":{\"@id\":\"https:\/\/www.wisentmachines.nl\/de\/produkt\/langlochstempel\/#breadcrumb\"},\"inLanguage\":\"de\",\"potentialAction\":[{\"@type\":\"ReadAction\",\"target\":[\"https:\/\/www.wisentmachines.nl\/de\/produkt\/langlochstempel\/\"]}]},{\"@type\":\"ImageObject\",\"inLanguage\":\"de\",\"@id\":\"https:\/\/www.wisentmachines.nl\/de\/produkt\/langlochstempel\/#primaryimage\",\"url\":\"https:\/\/www.wisentmachines.nl\/wp-content\/uploads\/2023\/02\/slobpons.jpg\",\"contentUrl\":\"https:\/\/www.wisentmachines.nl\/wp-content\/uploads\/2023\/02\/slobpons.jpg\",\"width\":1000,\"height\":1000},{\"@type\":\"BreadcrumbList\",\"@id\":\"https:\/\/www.wisentmachines.nl\/de\/produkt\/langlochstempel\/#breadcrumb\",\"itemListElement\":[{\"@type\":\"ListItem\",\"position\":1,\"name\":\"Home\",\"item\":\"https:\/\/www.wisentmachines.nl\/de\/\"},{\"@type\":\"ListItem\",\"position\":2,\"name\":\"Angebot\",\"item\":\"https:\/\/www.wisentmachines.nl\/de\/angebot\/\"},{\"@type\":\"ListItem\",\"position\":3,\"name\":\"Stanzen\",\"item\":\"https:\/\/www.wisentmachines.nl\/de\/produkt-kategorie\/stanzen\/\"},{\"@type\":\"ListItem\",\"position\":4,\"name\":\"Langlochstempel und Matrizen\",\"item\":\"https:\/\/www.wisentmachines.nl\/de\/produkt-kategorie\/stanzen\/langlochstempel-und-matrizen\/\"},{\"@type\":\"ListItem\",\"position\":5,\"name\":\"Langloch stempel\"}]},{\"@type\":\"WebSite\",\"@id\":\"https:\/\/www.wisentmachines.nl\/de\/#website\",\"url\":\"https:\/\/www.wisentmachines.nl\/de\/\",\"name\":\"Wisent Machines\",\"description\":\"\",\"potentialAction\":[{\"@type\":\"SearchAction\",\"target\":{\"@type\":\"EntryPoint\",\"urlTemplate\":\"https:\/\/www.wisentmachines.nl\/de\/?s={search_term_string}\"},\"query-input\":{\"@type\":\"PropertyValueSpecification\",\"valueRequired\":true,\"valueName\":\"search_term_string\"}}],\"inLanguage\":\"de\"}]}<\/script>\n<!-- \/ Yoast SEO plugin. -->","yoast_head_json":{"title":"Wisent Langloch stempel - Wisent Machines","description":"Wisent Langlochstempel 6 x 24 bis 20 x 24 mm. Zum hydraulischen Stanzen ovaler L\u00f6cher unter hohem Druck. Passende Langlochmatrizen sind f\u00fcr jeden Wisent-Slob-Stanzer erh\u00e4ltlich.","robots":{"index":"index","follow":"follow","max-snippet":"max-snippet:-1","max-image-preview":"max-image-preview:large","max-video-preview":"max-video-preview:-1"},"canonical":"https:\/\/www.wisentmachines.nl\/de\/produkt\/langlochstempel\/","og_locale":"de_DE","og_type":"article","og_title":"Wisent Langloch stempel - Wisent Machines","og_description":"Wisent Langlochstempel 6 x 24 bis 20 x 24 mm. Zum hydraulischen Stanzen ovaler L\u00f6cher unter hohem Druck. Passende Langlochmatrizen sind f\u00fcr jeden Wisent-Slob-Stanzer erh\u00e4ltlich.","og_url":"https:\/\/www.wisentmachines.nl\/de\/produkt\/langlochstempel\/","og_site_name":"Wisent Machines","article_modified_time":"2023-05-15T11:46:57+00:00","og_image":[{"width":1000,"height":1000,"url":"https:\/\/www.wisentmachines.nl\/wp-content\/uploads\/2023\/02\/slobpons.jpg","type":"image\/jpeg"}],"twitter_card":"summary_large_image","twitter_misc":{"Gesch\u00e4tzte Lesezeit":"1\u00a0Minute"},"schema":{"@context":"https:\/\/schema.org","@graph":[{"@type":"WebPage","@id":"https:\/\/www.wisentmachines.nl\/de\/produkt\/langlochstempel\/","url":"https:\/\/www.wisentmachines.nl\/de\/produkt\/langlochstempel\/","name":"Wisent Langloch stempel - Wisent Machines","isPartOf":{"@id":"https:\/\/www.wisentmachines.nl\/de\/#website"},"primaryImageOfPage":{"@id":"https:\/\/www.wisentmachines.nl\/de\/produkt\/langlochstempel\/#primaryimage"},"image":{"@id":"https:\/\/www.wisentmachines.nl\/de\/produkt\/langlochstempel\/#primaryimage"},"thumbnailUrl":"https:\/\/www.wisentmachines.nl\/wp-content\/uploads\/2023\/02\/slobpons.jpg","datePublished":"2023-02-13T08:03:43+00:00","dateModified":"2023-05-15T11:46:57+00:00","description":"Wisent Langlochstempel 6 x 24 bis 20 x 24 mm. Zum hydraulischen Stanzen ovaler L\u00f6cher unter hohem Druck. Passende Langlochmatrizen sind f\u00fcr jeden Wisent-Slob-Stanzer erh\u00e4ltlich.","breadcrumb":{"@id":"https:\/\/www.wisentmachines.nl\/de\/produkt\/langlochstempel\/#breadcrumb"},"inLanguage":"de","potentialAction":[{"@type":"ReadAction","target":["https:\/\/www.wisentmachines.nl\/de\/produkt\/langlochstempel\/"]}]},{"@type":"ImageObject","inLanguage":"de","@id":"https:\/\/www.wisentmachines.nl\/de\/produkt\/langlochstempel\/#primaryimage","url":"https:\/\/www.wisentmachines.nl\/wp-content\/uploads\/2023\/02\/slobpons.jpg","contentUrl":"https:\/\/www.wisentmachines.nl\/wp-content\/uploads\/2023\/02\/slobpons.jpg","width":1000,"height":1000},{"@type":"BreadcrumbList","@id":"https:\/\/www.wisentmachines.nl\/de\/produkt\/langlochstempel\/#breadcrumb","itemListElement":[{"@type":"ListItem","position":1,"name":"Home","item":"https:\/\/www.wisentmachines.nl\/de\/"},{"@type":"ListItem","position":2,"name":"Angebot","item":"https:\/\/www.wisentmachines.nl\/de\/angebot\/"},{"@type":"ListItem","position":3,"name":"Stanzen","item":"https:\/\/www.wisentmachines.nl\/de\/produkt-kategorie\/stanzen\/"},{"@type":"ListItem","position":4,"name":"Langlochstempel und Matrizen","item":"https:\/\/www.wisentmachines.nl\/de\/produkt-kategorie\/stanzen\/langlochstempel-und-matrizen\/"},{"@type":"ListItem","position":5,"name":"Langloch stempel"}]},{"@type":"WebSite","@id":"https:\/\/www.wisentmachines.nl\/de\/#website","url":"https:\/\/www.wisentmachines.nl\/de\/","name":"Wisent Machines","description":"","potentialAction":[{"@type":"SearchAction","target":{"@type":"EntryPoint","urlTemplate":"https:\/\/www.wisentmachines.nl\/de\/?s={search_term_string}"},"query-input":{"@type":"PropertyValueSpecification","valueRequired":true,"valueName":"search_term_string"}}],"inLanguage":"de"}]}},"_links":{"self":[{"href":"https:\/\/www.wisentmachines.nl\/de\/wp-json\/wp\/v2\/product\/4239","targetHints":{"allow":["GET"]}}],"collection":[{"href":"https:\/\/www.wisentmachines.nl\/de\/wp-json\/wp\/v2\/product"}],"about":[{"href":"https:\/\/www.wisentmachines.nl\/de\/wp-json\/wp\/v2\/types\/product"}],"wp:featuredmedia":[{"embeddable":true,"href":"https:\/\/www.wisentmachines.nl\/de\/wp-json\/wp\/v2\/media\/2001"}],"wp:attachment":[{"href":"https:\/\/www.wisentmachines.nl\/de\/wp-json\/wp\/v2\/media?parent=4239"}],"wp:term":[{"taxonomy":"product_cat","embeddable":true,"href":"https:\/\/www.wisentmachines.nl\/de\/wp-json\/wp\/v2\/product_cat?post=4239"},{"taxonomy":"product_tag","embeddable":true,"href":"https:\/\/www.wisentmachines.nl\/de\/wp-json\/wp\/v2\/product_tag?post=4239"}],"curies":[{"name":"wp","href":"https:\/\/api.w.org\/{rel}","templated":true}]}}